{"id":10,"date":"2026-01-26T12:33:45","date_gmt":"2026-01-26T11:33:45","guid":{"rendered":"https:\/\/campingalizes.com\/?page_id=10"},"modified":"2026-04-28T15:24:22","modified_gmt":"2026-04-28T13:24:22","slug":"accueil","status":"publish","type":"page","link":"https:\/\/campingalizes.com\/en\/","title":{"rendered":"Home"},"content":{"rendered":"","protected":false},"excerpt":{"rendered":"","protected":false},"author":1,"featured_media":0,"parent":0,"menu_order":0,"comment_status":"closed","ping_status":"closed","template":"accueil","meta":{"_acf_changed":false,"_seopress_robots_primary_cat":"","_seopress_titles_title":"Camping Saint Hilaire de Riez - Les Aliz\u00e9s - Camping 4 \u00e9toiles","_seopress_titles_desc":"Camping 4 \u00e9toiles avec piscine \u00e0 Saint Hilaire de Riez, \u00e0 moins de 800 m de la plage entre Saint Jean de Monts et Saint Gilles Croix de Vie en Vend\u00e9e.","_seopress_robots_index":"","_vp_format_video_url":"","_vp_image_focal_point":[],"footnotes":""},"class_list":["post-10","page","type-page","status-publish","hentry"],"acf":[],"_links":{"self":[{"href":"https:\/\/campingalizes.com\/en\/wp-json\/wp\/v2\/pages\/10","targetHints":{"allow":["GET"]}}],"collection":[{"href":"https:\/\/campingalizes.com\/en\/wp-json\/wp\/v2\/pages"}],"about":[{"href":"https:\/\/campingalizes.com\/en\/wp-json\/wp\/v2\/types\/page"}],"author":[{"embeddable":true,"href":"https:\/\/campingalizes.com\/en\/wp-json\/wp\/v2\/users\/1"}],"replies":[{"embeddable":true,"href":"https:\/\/campingalizes.com\/en\/wp-json\/wp\/v2\/comments?post=10"}],"version-history":[{"count":2,"href":"https:\/\/campingalizes.com\/en\/wp-json\/wp\/v2\/pages\/10\/revisions"}],"predecessor-version":[{"id":31958,"href":"https:\/\/campingalizes.com\/en\/wp-json\/wp\/v2\/pages\/10\/revisions\/31958"}],"wp:attachment":[{"href":"https:\/\/campingalizes.com\/en\/wp-json\/wp\/v2\/media?parent=10"}],"curies":[{"name":"wp","href":"https:\/\/api.w.org\/{rel}","templated":true}]}}