{"id":170,"date":"2026-03-06T12:41:18","date_gmt":"2026-03-06T11:41:18","guid":{"rendered":"https:\/\/campingalizes.com\/?page_id=170"},"modified":"2026-04-28T14:33:34","modified_gmt":"2026-04-28T12:33:34","slug":"contact-access","status":"publish","type":"page","link":"https:\/\/campingalizes.com\/en\/acces-contact\/","title":{"rendered":"Access \/ Contact"},"content":{"rendered":"<div class=\"wp-block-stackable-columns alignwide stk-block-columns stk-block stk-c88e2d6 stk-block-background\" data-block-id=\"c88e2d6\"><style>.stk-c88e2d6 .stk--block-align-c88e2d6{align-items:center !important;}.stk-c88e2d6 {background-color:var(--stk-global-color-88321, #6a7a6d) !important;border-top-left-radius:25px !important;border-top-right-radius:25px !important;border-bottom-right-radius:25px !important;border-bottom-left-radius:25px !important;overflow:hidden !important;margin-bottom:50px !important;}.stk-c88e2d6:before{background-color:var(--stk-global-color-88321, #6a7a6d) !important;}<\/style><div class=\"stk-row stk-inner-blocks stk--block-align-c88e2d6 stk-block-content stk-content-align stk-c88e2d6-column alignwide\">\n<div class=\"wp-block-stackable-column stk-block-column stk-column stk-block stk-67412c6\" data-v=\"4\" data-block-id=\"67412c6\"><div class=\"stk-column-wrapper stk-block-column__content stk-container stk-67412c6-container stk--no-background stk--no-padding\"><div class=\"stk-block-content stk-inner-blocks stk-67412c6-inner-blocks\">\n<div class=\"wp-block-stackable-image stk-block-image has-text-align-center stk-block stk-9754c10\" data-block-id=\"9754c10\"><style>.stk-9754c10 .stk-img-wrapper{width:200px !important;}<\/style><figure><span class=\"stk-img-wrapper stk-image--shape-stretch\"><img loading=\"lazy\" decoding=\"async\" class=\"stk-img wp-image-68\" src=\"https:\/\/campingalizes.com\/wp-content\/uploads\/2026\/02\/calque_1-1.png\" width=\"335\" height=\"212\" alt=\"Camping Les Aliz\u00e9s in Vend\u00e9e\" srcset=\"https:\/\/campingalizes.com\/wp-content\/uploads\/2026\/02\/calque_1-1.png 335w, https:\/\/campingalizes.com\/wp-content\/uploads\/2026\/02\/calque_1-1-300x190.png 300w\" sizes=\"auto, (max-width: 335px) 100vw, 335px\" \/><\/span><\/figure><\/div>\n\n\n\n<div class=\"wp-block-stackable-heading stk-block-heading stk-block-heading--v2 stk-block stk-54c5e99\" id=\"camping-4-etoiles-les-alizes\" data-block-id=\"54c5e99\"><style>.stk-54c5e99 .stk-block-heading__text{font-size:2.3rem !important;color:var(--stk-global-color-37674, #e8dcca) !important;font-family:\"The Nautigal\", Sans-serif !important;}@media screen and (max-width: 1023px){.stk-54c5e99 .stk-block-heading__text{font-size:2.3rem !important;}}<\/style><h2 class=\"stk-block-heading__text has-text-color has-text-align-center\">4-star campsite Les Aliz\u00e9s<\/h2><\/div>\n\n\n\n<div class=\"wp-block-stackable-text stk-block-text stk-block stk-fa6c3a8\" data-block-id=\"fa6c3a8\"><style>.stk-fa6c3a8 .stk-block-text__text{color:var(--stk-global-color-37674, #e8dcca) !important;}<\/style><p class=\"stk-block-text__text has-text-color has-text-align-center\">\ud83d\udccdLieu dit Les becs, 22 Chemin du Quart du Matelot<br>85270 Saint Hilaire de Riez<\/p><\/div>\n\n\n\n<div class=\"wp-block-stackable-text stk-block-text stk-block stk-a478f4d\" data-block-id=\"a478f4d\"><style>.stk-a478f4d .stk-block-text__text{color:var(--stk-global-color-37674, #e8dcca) !important;}<\/style><p class=\"stk-block-text__text has-text-color has-text-align-center\">\ud83d\udcde <a href=\"tel:0228114290\">+33 02 28 11 42 90<\/a><\/p><\/div>\n\n\n\n<div class=\"wp-block-stackable-text stk-block-text stk-block stk-c6be488\" data-block-id=\"c6be488\"><style>.stk-c6be488 .stk-block-text__text{color:var(--stk-global-color-37674, #e8dcca) !important;}<\/style><p class=\"stk-block-text__text has-text-color has-text-align-center\">\ud83d\udce7 <a href=\"mailto:contact@campingalizes.com\">contact@campingalizes.com<\/a><\/p><\/div>\n<\/div><\/div><\/div>\n\n\n\n<div class=\"wp-block-stackable-column stk-block-column stk-column stk-block stk-18c46d7\" data-v=\"4\" data-block-id=\"18c46d7\"><div class=\"stk-column-wrapper stk-block-column__content stk-container stk-18c46d7-container stk--no-background stk--no-padding\"><div class=\"stk-block-content stk-inner-blocks stk-18c46d7-inner-blocks\"><p data-block-type=\"core\"><div class='fluentform ff-default fluentform_wrapper_4 ffs_default_wrap'><form data-form_id=\"4\" id=\"fluentform_4\" class=\"frm-fluent-form fluent_form_4 ff-el-form-top ff_form_instance_4_1 ff-form-loading ff_has_v3_recptcha ffs_default\" data-form_instance=\"ff_form_instance_4_1\" method=\"POST\" data-recptcha_key=\"6Le2rs4sAAAAAJzOGV8lZaN72CVcFVwWvaKcfYQ5\" action=\"\" ><fieldset  style=\"border: none!important;margin: 0!important;padding: 0!important;background-color: transparent!important;box-shadow: none!important;outline: none!important; min-inline-size: 100%;\">\n                    <legend class=\"ff_screen_reader_title\" style=\"display: block; margin: 0!important;padding: 0!important;height: 0!important;text-indent: -999999px;width: 0!important;overflow:hidden;\">Formulaire de contact<\/legend><input type='hidden' name='__fluent_form_embded_post_id' value='170' \/><input type=\"hidden\" id=\"_fluentform_4_fluentformnonce\" name=\"_fluentform_4_fluentformnonce\" value=\"7be064fb2a\" \/><input type=\"hidden\" name=\"_wp_http_referer\" value=\"\/en\/wp-json\/wp\/v2\/pages\/170\" \/><div data-name=\"ff_cn_id_1\"  class='ff-t-container ff-column-container ff_columns_total_2'><div class='ff-t-cell ff-t-column-1' style='flex-basis: 50%;'><div class='ff-el-group'><div class=\"ff-el-input--label ff-el-is-required asterisk-right\"><label for='ff_4_nom' id='label_ff_4_nom' aria-label=\"Name\">Name<\/label><\/div><div class='ff-el-input--content'><input type=\"text\" name=\"nom\" class=\"ff-el-form-control\" data-name=\"nom\" id=\"ff_4_nom\"  aria-invalid=\"false\" aria-required=\"true\"><\/div><\/div><\/div><div class='ff-t-cell ff-t-column-2' style='flex-basis: 50%;'><div class='ff-el-group'><div class=\"ff-el-input--label asterisk-right\"><label for='ff_4_prenom' id='label_ff_4_prenom' aria-label=\"First name\">First name<\/label><\/div><div class='ff-el-input--content'><input type=\"text\" name=\"prenom\" class=\"ff-el-form-control\" data-name=\"prenom\" id=\"ff_4_prenom\"  aria-invalid=\"false\" aria-required=\"false\"><\/div><\/div><\/div><\/div><div data-name=\"ff_cn_id_2\"  class='ff-t-container ff-column-container ff_columns_total_2'><div class='ff-t-cell ff-t-column-1' style='flex-basis: 50%;'><div class='ff-el-group'><div class=\"ff-el-input--label ff-el-is-required asterisk-right\"><label for='ff_4_email' id='label_ff_4_email' aria-label=\"Email\">Email<\/label><\/div><div class='ff-el-input--content'><input type=\"email\" name=\"email\" id=\"ff_4_email\" class=\"ff-el-form-control\" data-name=\"email\"  aria-invalid=\"false\" aria-required=\"true\"><\/div><\/div><\/div><div class='ff-t-cell ff-t-column-2' style='flex-basis: 50%;'><div class='ff-el-group'><div class=\"ff-el-input--label asterisk-right\"><label for='ff_4_phone' id='label_ff_4_phone' aria-label=\"Telephone\">Telephone<\/label><\/div><div class='ff-el-input--content'><input type=\"text\" name=\"phone\" class=\"ff-el-form-control\" data-name=\"phone\" id=\"ff_4_phone\"  aria-invalid=\"false\" aria-required=\"false\"><\/div><\/div><\/div><\/div><div data-name=\"ff_cn_id_3\"  class='ff-t-container ff-column-container ff_columns_total_1'><div class='ff-t-cell ff-t-column-1' style='flex-basis: 100%;'><div class='ff-el-group'><div class=\"ff-el-input--label asterisk-right\"><label for='ff_4_adresse' id='label_ff_4_adresse' aria-label=\"Address\">Address<\/label><\/div><div class='ff-el-input--content'><input type=\"text\" name=\"adresse\" class=\"ff-el-form-control\" data-name=\"adresse\" id=\"ff_4_adresse\"  aria-invalid=\"false\" aria-required=\"false\"><\/div><\/div><\/div><\/div><div data-name=\"ff_cn_id_4\"  class='ff-t-container ff-column-container ff_columns_total_2'><div class='ff-t-cell ff-t-column-1' style='flex-basis: 50%;'><div class='ff-el-group'><div class=\"ff-el-input--label asterisk-right\"><label for='ff_4_code_postal' id='label_ff_4_code_postal' aria-label=\"Postcode\">Postcode<\/label><\/div><div class='ff-el-input--content'><input type=\"text\" name=\"code_postal\" class=\"ff-el-form-control\" data-name=\"code_postal\" id=\"ff_4_code_postal\"  aria-invalid=\"false\" aria-required=\"false\"><\/div><\/div><\/div><div class='ff-t-cell ff-t-column-2' style='flex-basis: 50%;'><div class='ff-el-group'><div class=\"ff-el-input--label asterisk-right\"><label for='ff_4_ville' id='label_ff_4_ville' aria-label=\"City\">City<\/label><\/div><div class='ff-el-input--content'><input type=\"text\" name=\"ville\" class=\"ff-el-form-control\" data-name=\"ville\" id=\"ff_4_ville\"  aria-invalid=\"false\" aria-required=\"false\"><\/div><\/div><\/div><\/div><div data-name=\"ff_cn_id_5\"  class='ff-t-container ff-column-container ff_columns_total_1'><div class='ff-t-cell ff-t-column-1' style='flex-basis: 100%;'><div class='ff-el-group'><div class=\"ff-el-input--label ff-el-is-required asterisk-right\"><label for='ff_4_message' id='label_ff_4_message' aria-label=\"Message\">Message<\/label><\/div><div class='ff-el-input--content'><textarea aria-required=\"true\" aria-labelledby=\"label_ff_4_message\" name=\"message\" id=\"ff_4_message\" class=\"ff-el-form-control\" rows=\"3\" cols=\"2\" data-name=\"message\" ><\/textarea><\/div><\/div><\/div><\/div><div class='ff-el-group'><div class=\"ff-el-input--label ff-el-is-required asterisk-right\"><label   aria-label=\"En soumettant ce formulaire, j&#039;accepte que les informations saisies soient exploit\u00e9es dans le cadre de la demande d&#039;information et de la relation commerciale qui peut en d\u00e9couler\">En soumettant ce formulaire, j'accepte que les informations saisies soient exploit\u00e9es dans le cadre de la demande d'information et de la relation commerciale qui peut en d\u00e9couler<\/label><\/div><div class='ff-el-input--content'><div class='ff-el-form-check ff-el-form-check-'><label class='ff-el-form-check-label' for='checkbox_9912ffc06928c53211dbe497ae9c8127'><input  type=\"checkbox\" name=\"checkbox[]\" data-name=\"checkbox\" class=\"ff-el-form-check-input ff-el-form-check-checkbox\" value=\"J&#039;accepte\"  id='checkbox_9912ffc06928c53211dbe497ae9c8127' aria-label='J&#039;accepte' aria-invalid='false' aria-required=\"true\"> <span>J'accepte<\/span><\/label><\/div><\/div><\/div><div class='ff-el-group ff-text-center ff_submit_btn_wrapper'><button type=\"submit\" class=\"ff-btn ff-btn-submit ff-btn-md ff_btn_style\"  aria-label=\"Send\">Send<\/button><\/div><\/fieldset><input type=\"hidden\" name=\"trp-form-language\" value=\"en\"\/><\/form><div id='fluentform_4_errors' class='ff-errors-in-stack ff_form_instance_4_1 ff-form-loading_errors ff_form_instance_4_1_errors'><\/div><\/div>            <script type=\"text\/javascript\">\n                window.fluent_form_ff_form_instance_4_1 = {\"id\":\"4\",\"ajaxUrl\":\"https:\\\/\\\/campingalizes.com\\\/wp-admin\\\/admin-ajax.php\",\"settings\":{\"layout\":{\"labelPlacement\":\"top\",\"helpMessagePlacement\":\"with_label\",\"errorMessagePlacement\":\"inline\",\"cssClassName\":\"\",\"asteriskPlacement\":\"asterisk-right\"},\"restrictions\":{\"denyEmptySubmission\":{\"enabled\":false}}},\"form_instance\":\"ff_form_instance_4_1\",\"form_id_selector\":\"fluentform_4\",\"rules\":{\"nom\":{\"required\":{\"value\":true,\"message\":\"This field is required\",\"global_message\":\"Ce champ est obligatoire\",\"global\":true}},\"prenom\":{\"required\":{\"value\":false,\"message\":\"This field is required\",\"global_message\":\"Ce champ est obligatoire\",\"global\":true}},\"email\":{\"required\":{\"value\":true,\"message\":\"This field is required\",\"global_message\":\"Ce champ est obligatoire\",\"global\":true},\"email\":{\"value\":true,\"message\":\"This field must contain a valid email\",\"global_message\":\"Ce champ doit contenir un e-mail valide\",\"global\":true}},\"phone\":{\"required\":{\"value\":false,\"message\":\"This field is required\",\"global_message\":\"Ce champ est obligatoire\",\"global\":true}},\"adresse\":{\"required\":{\"value\":false,\"message\":\"This field is required\",\"global_message\":\"Ce champ est obligatoire\",\"global\":true}},\"code_postal\":{\"required\":{\"value\":false,\"message\":\"This field is required\",\"global_message\":\"Ce champ est obligatoire\",\"global\":true}},\"ville\":{\"required\":{\"value\":false,\"message\":\"This field is required\",\"global_message\":\"Ce champ est obligatoire\",\"global\":true}},\"message\":{\"required\":{\"value\":true,\"message\":\"This field is required\",\"global_message\":\"Ce champ est obligatoire\",\"global\":true}},\"checkbox\":{\"required\":{\"value\":true,\"message\":\"This field is required\",\"global_message\":\"Ce champ est obligatoire\",\"global\":true}},\"g-recaptcha-response\":[]},\"debounce_time\":300};\n                            <\/script>\n            <\/p>\n<\/div><\/div><\/div>\n<\/div><\/div>\n\n\n\n<div class=\"wp-block-stackable-map alignfull stk-block-map stk-block stk-5de8680\" data-block-id=\"5de8680\"><style>.stk-5de8680 .stk-block-map__canvas, .stk-5de8680 iframe{height:350px !important;}<\/style><iframe\n\t\t\t\t\t\ttitle=\"Embedded content from Google Maps Platform.\"\n\t\t\t\t\t\tsrc=\"https:\/\/maps.google.com\/maps?q=camping les aliz\u00e9s saint hilaire de riez&#038;t=&#038;z=12&#038;ie=UTF8&#038;output=embed\"\n\t\t\t\t\t\tstyle=\"border:0;width:100%;max-width:none;max-height:none;height:100%;\"\n\t\t\t\t\t\taria-hidden=\"false\"\n\t\t\t\t\t\ttabindex=\"0\"\n\t\t\t\t\t\tallowfullscreen\n\t\t\t\t\t\tloading=\"lazy\"\n\t\t\t\t\t\tframeborder=\"0\"\n\t\t\t\t\t><\/iframe><\/div>","protected":false},"excerpt":{"rendered":"<p>Camping 4 \u00e9toiles Les Aliz\u00e9s \ud83d\udccdLieu dit Les becs, 22 Chemin du Quart du Matelot85270 Saint Hilaire de Riez \ud83d\udcde 02 28 11 42 90 \ud83d\udce7 contact@campingalizes.com<\/p>","protected":false},"author":1,"featured_media":0,"parent":0,"menu_order":0,"comment_status":"closed","ping_status":"closed","template":"","meta":{"_acf_changed":false,"_seopress_robots_primary_cat":"","_seopress_titles_title":"Infos pratiques & Contact \u2013 Camping Vend\u00e9e","_seopress_titles_desc":"Acc\u00e9dez au plan d\u2019acc\u00e8s, horaires et informations utiles pour pr\u00e9parer votre s\u00e9jour au camping 4 \u00e9toiles \u00e0 Saint-Hilaire-de-Riez.","_seopress_robots_index":"","_vp_format_video_url":"","_vp_image_focal_point":[],"footnotes":""},"class_list":["post-170","page","type-page","status-publish","hentry"],"acf":[],"_links":{"self":[{"href":"https:\/\/campingalizes.com\/en\/wp-json\/wp\/v2\/pages\/170","targetHints":{"allow":["GET"]}}],"collection":[{"href":"https:\/\/campingalizes.com\/en\/wp-json\/wp\/v2\/pages"}],"about":[{"href":"https:\/\/campingalizes.com\/en\/wp-json\/wp\/v2\/types\/page"}],"author":[{"embeddable":true,"href":"https:\/\/campingalizes.com\/en\/wp-json\/wp\/v2\/users\/1"}],"replies":[{"embeddable":true,"href":"https:\/\/campingalizes.com\/en\/wp-json\/wp\/v2\/comments?post=170"}],"version-history":[{"count":7,"href":"https:\/\/campingalizes.com\/en\/wp-json\/wp\/v2\/pages\/170\/revisions"}],"predecessor-version":[{"id":31946,"href":"https:\/\/campingalizes.com\/en\/wp-json\/wp\/v2\/pages\/170\/revisions\/31946"}],"wp:attachment":[{"href":"https:\/\/campingalizes.com\/en\/wp-json\/wp\/v2\/media?parent=170"}],"curies":[{"name":"wp","href":"https:\/\/api.w.org\/{rel}","templated":true}]}}