{"id":18740,"date":"2026-03-18T15:01:32","date_gmt":"2026-03-18T14:01:32","guid":{"rendered":"https:\/\/campingalizes.com\/?page_id=18740"},"modified":"2026-04-17T12:02:36","modified_gmt":"2026-04-17T10:02:36","slug":"bespoke-experiences-vendee","status":"publish","type":"page","link":"https:\/\/campingalizes.com\/en\/experiences-sur-mesure-vendee\/","title":{"rendered":"Our tailor-made experiences in Vend\u00e9e"},"content":{"rendered":"<div class=\"wp-block-stackable-columns stk-block-columns stk-block stk-a82be77\" data-block-id=\"a82be77\"><style>.stk-a82be77 {margin-bottom:var(--stk--preset--spacing--60, clamp(30px, 7vw, 70px)) !important;}<\/style><div class=\"stk-row stk-inner-blocks stk-block-content stk-content-align stk-a82be77-column\">\n<div class=\"wp-block-stackable-column stk-block-column stk-column stk-block stk-41d9b6d\" data-v=\"4\" data-block-id=\"41d9b6d\"><style>.stk-41d9b6d {padding-top:var(--stk--preset--spacing--none, 0px) !important;padding-right:var(--stk--preset--spacing--none, 0px) !important;padding-bottom:var(--stk--preset--spacing--none, 0px) !important;padding-left:var(--stk--preset--spacing--none, 0px) !important;}<\/style><div class=\"stk-column-wrapper stk-block-column__content stk-container stk-41d9b6d-container stk--no-background stk--no-padding\"><div class=\"stk-block-content stk-inner-blocks stk-41d9b6d-inner-blocks\">\n<div class=\"wp-block-stackable-image-box stk-block-image-box stk-hover-parent stk-block stk-1f6d5ff is-style-default\" data-block-id=\"1f6d5ff\"><style>.stk-1f6d5ff {transition-duration:0.3s !important;--stk-transition-duration:0.3s !important;}.stk-1f6d5ff:hover{transform:scale(1.04) !important;}<\/style><div class=\"stk-block-content stk-inner-blocks has-text-align-center stk-row stk-block-image-box__content\">\n<div class=\"wp-block-stackable-image stk-block-image stk-block stk-e970fd8\" data-block-id=\"e970fd8\"><style>.stk-e970fd8 {border-top-left-radius:20px !important;border-bottom-right-radius:20px !important;overflow:hidden !important;}.stk-e970fd8 .stk-img-wrapper{height:600px !important;--stk-gradient-overlay:1 !important;}.stk-e970fd8 .stk-img-wrapper::after{background-image:linear-gradient(360deg,rgb(0,0,0) 0%,rgba(0,0,0,0) 74%) !important;}@media screen and (max-width: 767px){.stk-e970fd8 .stk-img-wrapper{height:400px !important;}}<\/style><figure><span class=\"stk-img-wrapper stk-image--shape-stretch\"><img loading=\"lazy\" decoding=\"async\" class=\"stk-img wp-image-357\" src=\"https:\/\/campingalizes.com\/wp-content\/uploads\/2026\/03\/saintgillescroixdevie4_webformat.webp\" width=\"1000\" height=\"667\" alt=\"Sea fishing near the campsite in Saint-Hilaire-de-Riez\" srcset=\"https:\/\/campingalizes.com\/wp-content\/uploads\/2026\/03\/saintgillescroixdevie4_webformat.webp 1000w, https:\/\/campingalizes.com\/wp-content\/uploads\/2026\/03\/saintgillescroixdevie4_webformat-300x200.webp 300w, https:\/\/campingalizes.com\/wp-content\/uploads\/2026\/03\/saintgillescroixdevie4_webformat-768x512.webp 768w, https:\/\/campingalizes.com\/wp-content\/uploads\/2026\/03\/saintgillescroixdevie4_webformat-18x12.webp 18w, https:\/\/campingalizes.com\/wp-content\/uploads\/2026\/03\/saintgillescroixdevie4_webformat-500x334.webp 500w, https:\/\/campingalizes.com\/wp-content\/uploads\/2026\/03\/saintgillescroixdevie4_webformat-800x534.webp 800w\" sizes=\"auto, (max-width: 1000px) 100vw, 1000px\" \/><\/span><\/figure><\/div>\n\n\n\n<div class=\"wp-block-stackable-column stk-block-column stk-column stk-block stk-bbd9cc8\" data-v=\"4\" data-block-id=\"bbd9cc8\"><style>.stk-bbd9cc8 {align-self:flex-end !important;align-items:center !important;display:flex !important;}<\/style><div class=\"stk-column-wrapper stk-block-column__content stk-container stk-bbd9cc8-container stk--no-background stk--no-padding\"><div class=\"stk-block-content stk-inner-blocks stk-bbd9cc8-inner-blocks\">\n<div class=\"wp-block-stackable-heading stk-block-heading stk-block-heading--v2 stk-block stk-0f17e17\" id=\"experience-1-autour-de-st-gilles-croix-de-vie\" data-block-id=\"0f17e17\"><style>.stk-0f17e17 {margin-bottom:var(--stk--preset--spacing--30, 20px) !important;}.stk-0f17e17 .stk-block-heading__text{font-size:1.2rem !important;color:#fffffe !important;font-weight:700 !important;text-transform:uppercase !important;font-family:\"Bodoni Moda\", Sans-serif !important;}@media screen and (max-width: 1023px){.stk-0f17e17 .stk-block-heading__text{font-size:1.2rem !important;}}<\/style><h3 class=\"stk-block-heading__text has-text-color\">Experience 1: Around St Gilles Croix de Vie<\/h3><\/div>\n<\/div><\/div><\/div>\n<\/div><a class=\"stk-link stk-block-link stk--transparent-overlay\" href=\"https:\/\/campingalizes.com\/en\/experience-saint-gilles-croix-de-vie\/\"><\/a><\/div>\n<\/div><\/div><\/div>\n\n\n\n<div class=\"wp-block-stackable-column stk-block-column stk-column stk-block stk-623bedf\" data-v=\"4\" data-block-id=\"623bedf\"><div class=\"stk-column-wrapper stk-block-column__content stk-container stk-623bedf-container stk--no-background stk--no-padding\"><div class=\"stk-block-content stk-inner-blocks stk-623bedf-inner-blocks\">\n<div class=\"wp-block-stackable-image-box stk-block-image-box stk-hover-parent stk-block stk-1ec8bf3 is-style-default\" data-block-id=\"1ec8bf3\"><style>.stk-1ec8bf3 {transition-duration:0.3s !important;--stk-transition-duration:0.3s !important;}.stk-1ec8bf3:hover{transform:scale(1.04) !important;}<\/style><div class=\"stk-block-content stk-inner-blocks has-text-align-center stk-row stk-block-image-box__content\">\n<div class=\"wp-block-stackable-image stk-block-image stk-block stk-6976eaa\" data-block-id=\"6976eaa\"><style>.stk-6976eaa {border-top-left-radius:20px !important;border-bottom-right-radius:20px !important;overflow:hidden !important;}.stk-6976eaa .stk-img-wrapper{height:600px !important;--stk-gradient-overlay:1 !important;}.stk-6976eaa .stk-img-wrapper::after{background-image:linear-gradient(360deg,rgb(0,0,0) 0%,rgba(0,0,0,0) 74%) !important;}@media screen and (max-width: 767px){.stk-6976eaa .stk-img-wrapper{height:400px !important;}}<\/style><figure><span class=\"stk-img-wrapper stk-image--shape-stretch\"><img loading=\"lazy\" decoding=\"async\" class=\"stk-img wp-image-365\" src=\"https:\/\/campingalizes.com\/wp-content\/uploads\/2026\/03\/1_noirmoutier_hd_24-1_webformat.webp\" width=\"1000\" height=\"666\" alt=\"the big challenge adventure park Vend\u00e9e\" srcset=\"https:\/\/campingalizes.com\/wp-content\/uploads\/2026\/03\/1_noirmoutier_hd_24-1_webformat.webp 1000w, https:\/\/campingalizes.com\/wp-content\/uploads\/2026\/03\/1_noirmoutier_hd_24-1_webformat-300x200.webp 300w, https:\/\/campingalizes.com\/wp-content\/uploads\/2026\/03\/1_noirmoutier_hd_24-1_webformat-768x511.webp 768w, https:\/\/campingalizes.com\/wp-content\/uploads\/2026\/03\/1_noirmoutier_hd_24-1_webformat-18x12.webp 18w, https:\/\/campingalizes.com\/wp-content\/uploads\/2026\/03\/1_noirmoutier_hd_24-1_webformat-500x333.webp 500w, https:\/\/campingalizes.com\/wp-content\/uploads\/2026\/03\/1_noirmoutier_hd_24-1_webformat-800x533.webp 800w\" sizes=\"auto, (max-width: 1000px) 100vw, 1000px\" \/><\/span><\/figure><\/div>\n\n\n\n<div class=\"wp-block-stackable-column stk-block-column stk-column stk-block stk-bf1bbac\" data-v=\"4\" data-block-id=\"bf1bbac\"><style>.stk-bf1bbac {align-self:flex-end !important;align-items:center !important;display:flex !important;}<\/style><div class=\"stk-column-wrapper stk-block-column__content stk-container stk-bf1bbac-container stk--no-background stk--no-padding\"><div class=\"stk-block-content stk-inner-blocks stk-bf1bbac-inner-blocks\">\n<div class=\"wp-block-stackable-heading stk-block-heading stk-block-heading--v2 stk-block stk-d630cd5\" id=\"experience-2-noirmoutier-et-le-celebre-passage-du-gois\" data-block-id=\"d630cd5\"><style>.stk-d630cd5 {margin-bottom:var(--stk--preset--spacing--30, 20px) !important;}.stk-d630cd5 .stk-block-heading__text{font-size:1.2rem !important;color:#fffffe !important;font-weight:700 !important;text-transform:uppercase !important;font-family:\"Bodoni Moda\", Sans-serif !important;}@media screen and (max-width: 1023px){.stk-d630cd5 .stk-block-heading__text{font-size:1.2rem !important;}}<\/style><h3 class=\"stk-block-heading__text has-text-color\">Experiment 2: Noirmoutier and the famous Passage du Gois<\/h3><\/div>\n<\/div><\/div><\/div>\n<\/div><a class=\"stk-link stk-block-link stk--transparent-overlay\" href=\"https:\/\/campingalizes.com\/en\/experience-noirmoutier\/\"><\/a><\/div>\n<\/div><\/div><\/div>\n\n\n\n<div class=\"wp-block-stackable-column stk-block-column stk-column stk-block stk-61adf56\" data-v=\"4\" data-block-id=\"61adf56\"><div class=\"stk-column-wrapper stk-block-column__content stk-container stk-61adf56-container stk--no-background stk--no-padding\"><div class=\"stk-block-content stk-inner-blocks stk-61adf56-inner-blocks\">\n<div class=\"wp-block-stackable-image-box stk-block-image-box stk-hover-parent stk-block stk-20e00c0 is-style-default\" data-block-id=\"20e00c0\"><style>.stk-20e00c0 {transition-duration:0.3s !important;--stk-transition-duration:0.3s !important;}.stk-20e00c0:hover{transform:scale(1.04) !important;}<\/style><div class=\"stk-block-content stk-inner-blocks has-text-align-center stk-row stk-block-image-box__content\">\n<div class=\"wp-block-stackable-image stk-block-image stk-block stk-59a6d76\" data-block-id=\"59a6d76\"><style>.stk-59a6d76 {border-top-left-radius:20px !important;border-bottom-right-radius:20px !important;overflow:hidden !important;}.stk-59a6d76 .stk-img-wrapper{height:600px !important;--stk-gradient-overlay:1 !important;}.stk-59a6d76 .stk-img-wrapper::after{background-image:linear-gradient(360deg,rgb(0,0,0) 0%,rgba(0,0,0,0) 74%) !important;}@media screen and (max-width: 767px){.stk-59a6d76 .stk-img-wrapper{height:400px !important;}}<\/style><figure><span class=\"stk-img-wrapper stk-image--shape-stretch\"><img loading=\"lazy\" decoding=\"async\" class=\"stk-img wp-image-375\" src=\"https:\/\/campingalizes.com\/wp-content\/uploads\/2026\/03\/iledyeu_webformat.webp\" width=\"1000\" height=\"667\" alt=\"the sign of triumph Puy du Fou\" srcset=\"https:\/\/campingalizes.com\/wp-content\/uploads\/2026\/03\/iledyeu_webformat.webp 1000w, https:\/\/campingalizes.com\/wp-content\/uploads\/2026\/03\/iledyeu_webformat-300x200.webp 300w, https:\/\/campingalizes.com\/wp-content\/uploads\/2026\/03\/iledyeu_webformat-768x512.webp 768w, https:\/\/campingalizes.com\/wp-content\/uploads\/2026\/03\/iledyeu_webformat-18x12.webp 18w, https:\/\/campingalizes.com\/wp-content\/uploads\/2026\/03\/iledyeu_webformat-500x334.webp 500w, https:\/\/campingalizes.com\/wp-content\/uploads\/2026\/03\/iledyeu_webformat-800x534.webp 800w\" sizes=\"auto, (max-width: 1000px) 100vw, 1000px\" \/><\/span><\/figure><\/div>\n\n\n\n<div class=\"wp-block-stackable-column stk-block-column stk-column stk-block stk-e29fe8d\" data-v=\"4\" data-block-id=\"e29fe8d\"><style>.stk-e29fe8d {align-self:flex-end !important;align-items:center !important;display:flex !important;}<\/style><div class=\"stk-column-wrapper stk-block-column__content stk-container stk-e29fe8d-container stk--no-background stk--no-padding\"><div class=\"stk-block-content stk-inner-blocks stk-e29fe8d-inner-blocks\">\n<div class=\"wp-block-stackable-heading stk-block-heading stk-block-heading--v2 stk-block stk-49ffe35\" id=\"experience-3-a-la-decouverte-du-joyau-de-l-atlantique\" data-block-id=\"49ffe35\"><style>.stk-49ffe35 {margin-bottom:var(--stk--preset--spacing--30, 20px) !important;}.stk-49ffe35 .stk-block-heading__text{font-size:1.2rem !important;color:#fffffe !important;font-weight:700 !important;text-transform:uppercase !important;font-family:\"Bodoni Moda\", Sans-serif !important;}@media screen and (max-width: 1023px){.stk-49ffe35 .stk-block-heading__text{font-size:1.2rem !important;}}<\/style><h3 class=\"stk-block-heading__text has-text-color\">Experience 3: Discovering the Jewel of the Atlantic<\/h3><\/div>\n<\/div><\/div><\/div>\n<\/div><a class=\"stk-link stk-block-link stk--transparent-overlay\" href=\"https:\/\/campingalizes.com\/en\/experience-with-the-eu\/\"><\/a><\/div>\n<\/div><\/div><\/div>\n<\/div><\/div>","protected":false},"excerpt":{"rendered":"<p>Exp\u00e9rience 1 : Autour de St Gilles Croix de Vie Exp\u00e9rience 2 : Noirmoutier et le c\u00e9l\u00e8bre passage du Gois Exp\u00e9rience 3 : A la d\u00e9couverte du joyau de l\u2019Atlantique<\/p>","protected":false},"author":1,"featured_media":0,"parent":0,"menu_order":0,"comment_status":"closed","ping_status":"closed","template":"","meta":{"_acf_changed":false,"_seopress_robots_primary_cat":"","_seopress_titles_title":"Nos exp\u00e9riences sur-mesure Camping Les Aliz\u00e9s en Vend\u00e9e","_seopress_titles_desc":"D\u00e9couvrez les exp\u00e9riences sp\u00e9cialement pour vous que vous propose le camping 4 \u00e9toiles Les Aliz\u00e9s \u00e0 Saint Hilaire de Riez en Vend\u00e9e.","_seopress_robots_index":"","_vp_format_video_url":"","_vp_image_focal_point":[],"footnotes":""},"class_list":["post-18740","page","type-page","status-publish","hentry"],"acf":[],"_links":{"self":[{"href":"https:\/\/campingalizes.com\/en\/wp-json\/wp\/v2\/pages\/18740","targetHints":{"allow":["GET"]}}],"collection":[{"href":"https:\/\/campingalizes.com\/en\/wp-json\/wp\/v2\/pages"}],"about":[{"href":"https:\/\/campingalizes.com\/en\/wp-json\/wp\/v2\/types\/page"}],"author":[{"embeddable":true,"href":"https:\/\/campingalizes.com\/en\/wp-json\/wp\/v2\/users\/1"}],"replies":[{"embeddable":true,"href":"https:\/\/campingalizes.com\/en\/wp-json\/wp\/v2\/comments?post=18740"}],"version-history":[{"count":4,"href":"https:\/\/campingalizes.com\/en\/wp-json\/wp\/v2\/pages\/18740\/revisions"}],"predecessor-version":[{"id":22168,"href":"https:\/\/campingalizes.com\/en\/wp-json\/wp\/v2\/pages\/18740\/revisions\/22168"}],"wp:attachment":[{"href":"https:\/\/campingalizes.com\/en\/wp-json\/wp\/v2\/media?parent=18740"}],"curies":[{"name":"wp","href":"https:\/\/api.w.org\/{rel}","templated":true}]}}