{"id":18852,"date":"2026-04-16T10:08:43","date_gmt":"2026-04-16T08:08:43","guid":{"rendered":"https:\/\/campingalizes.com\/?page_id=18852"},"modified":"2026-04-16T10:14:03","modified_gmt":"2026-04-16T08:14:03","slug":"avis-clients","status":"publish","type":"page","link":"https:\/\/campingalizes.com\/en\/avis-clients\/","title":{"rendered":"Customer reviews"},"content":{"rendered":"<p data-block-type=\"core\"><div class=\"gs-crs-container\"><div class=\"gs-crs-column gs-crs-column-30\">        <div class=\"gs-badge\" style=\"background: #ffffff; border: 1px solid #a7b3ce; border-radius: 8px;\">\n            <div class=\"gs-header\">\n                <div class=\"gs-establishment-name\">\n                    <span style=\"color:#000000\">Camping Les Alizes<\/span>                <\/div>\n            <\/div>\n            <div class=\"gs-rating\">\n                <span class=\"gs-big-number\" style=\"color: #000000\">4.4\/5<\/span>\n                <span class=\"gs-total-reviews\" style=\"color: #000000\">962 reviews<\/span>\n            <\/div>\n            <div class=\"gs-stars\">\n                <div class=\"gs-stars\"><div class=\"gs-star-rating\"><span class=\"screen-reader-text\">4.4 rating based on 962 rating<\/span><div class=\"star star-full\" style=\"color:#da3768\" aria-hidden=\"true\"><\/div><div class=\"star star-full\" style=\"color:#da3768\" aria-hidden=\"true\"><\/div><div class=\"star star-full\" style=\"color:#da3768\" aria-hidden=\"true\"><\/div><div class=\"star star-full\" style=\"color:#da3768\" aria-hidden=\"true\"><\/div><div class=\"star star-half\" style=\"color:#da3768\" aria-hidden=\"true\"><\/div><\/div><\/div>            <\/div>\n                    <\/div>\n\n    <div class=\"gs_ranking-wrapper\" style=\"background:#ffffff; border: 1px solid #a7b3ce; border-radius: 8px;\">\n        <div class=\"gs-ranking-container\">\n            <div class=\"gs-row\">\n                <div class=\"gs-col-md-12\">\n                    <div class=\"gs_rating-review-item\">\n                        <div class=\"gs-right-rating\">\n                            <ul class=\"order-list\">\n                                <li style=\"margin-left:0;\"><div class=\"gs-rating-row\"><div class=\"gs-star-value\"><span class=\"gs_ranking_label_rate\" style=\"color: #000000\">5<\/span><span style=\"color: #000000\"><\/span><span class=\"dashicons gs_dashicon_ranking_star dashicons-star-filled\" style=\"color: #da3768\"><\/span><\/div><div class=\"progress gs_progressbar\"><div class=\"gs-custom-progress-bar pbar-5 bg-success\" role=\"progressbar\"\n                    style=\"border-color:#da3768; width: 56%\" aria-valuenow=\"56\" aria-valuemin=\"0\"\n                    aria-valuemax=\"100\"><\/div><\/div><span class=\"gs-rating-hit\" style=\"color: #000000\">540 reviews<\/span><\/div><\/li><li style=\"margin-left:0;\"><div class=\"gs-rating-row\"><div class=\"gs-star-value\"><span class=\"gs_ranking_label_rate\" style=\"color: #000000\">4<\/span><span style=\"color: #000000\"><\/span><span class=\"dashicons gs_dashicon_ranking_star dashicons-star-filled\" style=\"color: #da3768\"><\/span><\/div><div class=\"progress gs_progressbar\"><div class=\"gs-custom-progress-bar pbar-4 bg-success\" role=\"progressbar\"\n                    style=\"border-color:#da3768; width: 39%\" aria-valuenow=\"39\" aria-valuemin=\"0\"\n                    aria-valuemax=\"100\"><\/div><\/div><span class=\"gs-rating-hit\" style=\"color: #000000\">373 reviews<\/span><\/div><\/li><li style=\"margin-left:0;\"><div class=\"gs-rating-row\"><div class=\"gs-star-value\"><span class=\"gs_ranking_label_rate\" style=\"color: #000000\">3<\/span><span style=\"color: #000000\"><\/span><span class=\"dashicons gs_dashicon_ranking_star dashicons-star-filled\" style=\"color: #da3768\"><\/span><\/div><div class=\"progress gs_progressbar\"><div class=\"gs-custom-progress-bar pbar-3 bg-success\" role=\"progressbar\"\n                    style=\"border-color:#da3768; width: 5%\" aria-valuenow=\"5\" aria-valuemin=\"0\"\n                    aria-valuemax=\"100\"><\/div><\/div><span class=\"gs-rating-hit\" style=\"color: #000000\">46 reviews<\/span><\/div><\/li><li style=\"margin-left:0;\"><div class=\"gs-rating-row\"><div class=\"gs-star-value\"><span class=\"gs_ranking_label_rate\" style=\"color: #000000\">2<\/span><span style=\"color: #000000\"><\/span><span class=\"dashicons gs_dashicon_ranking_star dashicons-star-filled\" style=\"color: #da3768\"><\/span><\/div><div class=\"progress gs_progressbar\"><div class=\"gs-custom-progress-bar pbar-2 bg-success\" role=\"progressbar\"\n                    style=\"border-color:#da3768; width: 0%\" aria-valuenow=\"0\" aria-valuemin=\"0\"\n                    aria-valuemax=\"100\"><\/div><\/div><span class=\"gs-rating-hit\" style=\"color: #000000\">3 reviews<\/span><\/div><\/li><li style=\"margin-left:0;\"><div class=\"gs-rating-row\"><div class=\"gs-star-value\"><span class=\"gs_ranking_label_rate\" style=\"color: #000000\">1<\/span><span style=\"color: #000000\"><\/span><span class=\"dashicons gs_dashicon_ranking_star dashicons-star-filled\" style=\"color: #da3768\"><\/span><\/div><div class=\"progress gs_progressbar\"><div class=\"gs-custom-progress-bar pbar-1 bg-success\" role=\"progressbar\"\n                    style=\"border-color:transparent; width: 0%\" aria-valuenow=\"0\" aria-valuemin=\"0\"\n                    aria-valuemax=\"100\"><\/div><\/div><span class=\"gs-rating-hit\" style=\"color: #000000\">0 review<\/span><\/div><\/li><li style=\"margin-left:0;\"><div class=\"gs-rating-row\"><div class=\"gs-star-value\"><span class=\"gs_ranking_label_rate\" style=\"color: #000000\">0<\/span><span style=\"color: #000000\"><\/span><span class=\"dashicons gs_dashicon_ranking_star dashicons-star-filled\" style=\"color: #da3768\"><\/span><\/div><div class=\"progress gs_progressbar\"><div class=\"gs-custom-progress-bar pbar-0 bg-success\" role=\"progressbar\"\n                    style=\"border-color:transparent; width: 0%\" aria-valuenow=\"0\" aria-valuemin=\"0\"\n                    aria-valuemax=\"100\"><\/div><\/div><span class=\"gs-rating-hit\" style=\"color: #000000\">0 review<\/span><\/div><\/li>\n                            <\/ul>\n                        <\/div>\n                    <\/div>\n                <\/div>\n            <\/div>\n           \n            <div class=\"gs-row\" style=\"margin-top:30px;\">\n                <div class=\"gs-col-md-12\">\n                    <div class=\"gs-footer\">\n                        <a href=\"https:\/\/www.guest-suite.com\/\" target=\"_blank\" class=\"gs-footer-link\">\n                            <span style=\"color:#000000\">Powered by customer reviews solution\n                            <img decoding=\"async\" src=\"https:\/\/campingalizes.com\/wp-content\/plugins\/guestapp\/assets\/images\/gs-logo.png\" alt=\"Guest Suite logo\" class=\"gs_badge_footer_logo\" \/>\n                            <\/span><div class=\"gs_clear\"><\/div>\n                        <\/a>\n                    <\/div>\n                    <div class=\"gs-afnor\">\n                        <p style=\"color:#000000\">All customer reviews for My establishment are managed by Guest Suite certified \u201cNF Review management service, for the collection service, moderation service and publication service\u201d by AFNOR Certification<\/p>\n                    <\/div>\n                <\/div>\n            <\/div>\n        \n        <\/div>\n    <\/div><\/div><div class=\"gs-crs-column gs-crs-column-70\"><div class=\"gs-crs-reviews\"><div class=\"gs_reviews_list_wrapper\" data-ajax-url=\"https:\/\/campingalizes.com\/wp-admin\/admin-ajax.php\" data-establishment-id=\"2738\" data-format=\"5\" data-max=\"3\" data-text-color=\"#000000\" data-stars-color=\"#da3768\" data-bg-color=\"#ffffff\" data-substr=\"200\" data-response=\"1\" data-border-color=\"#a7b3ce\" data-border-radius=\"8\" data-nonce=\"9e6ff57baa\"><ul id=\"gs-reviews-list\"><li class=\"gs-review-item\" style=\"margin-left:0; margin-top:0; background:#ffffff; border: 1px solid #a7b3ce; border-radius: 8px;\"><div class=\"gs-review-header\"><strong style=\"color:#000000\" class=\"gs-review-username\">Fabrice MARECHAL<\/strong><span style=\"color:#000000\" class=\"gs-review-date\">23 \/ 04 \/ 26<\/span><\/div><div class=\"gs-review-rating\"><span style=\"color:#da3768\" class=\"review-rate\"><div class=\"gs-stars\"><div class=\"gs-star-rating\"><span class=\"screen-reader-text\">4.5 rating based on 9 rating<\/span><div class=\"star star-full\" style=\"color:#da3768;\" aria-hidden=\"true\"><\/div><div class=\"star star-full\" style=\"color:#da3768;\" aria-hidden=\"true\"><\/div><div class=\"star star-full\" style=\"color:#da3768;\" aria-hidden=\"true\"><\/div><div class=\"star star-full\" style=\"color:#da3768;\" aria-hidden=\"true\"><\/div><div class=\"star star-half\" style=\"color:#da3768;\" aria-hidden=\"true\"><\/div><\/div><\/div><\/span><\/div><p class=\"gs-review-comment\"><span style=\"color:#000000\" class=\"short-comment\">Tr\u00e8s bien <\/span><\/p><div class=\"gs-review-footer\"><div class=\"gs-review-buttons\"><a href=\"https:\/\/widget.guest-suite.com\/reviews\/0fcda9d0-1eed-44ab-836d-624f4f1d8079\/warn\" target=\"_blank\" class=\"gs-review-button signaler\"><span class=\"dashicons dashicons-flag\"><\/span> Report<\/a><\/div><span style=\"color:#000000\" class=\"gs-review-experience-date\">Experience date 19\/04\/26<br\/><i>Camping Les Alizes<\/i><\/span><\/div><\/li><li class=\"gs-review-item\" style=\"margin-left:0; margin-top:0; background:#ffffff; border: 1px solid #a7b3ce; border-radius: 8px;\"><div class=\"gs-review-header\"><strong style=\"color:#000000\" class=\"gs-review-username\">Elisabeth NEAU<\/strong><span style=\"color:#000000\" class=\"gs-review-date\">22 \/ 04 \/ 26<\/span><\/div><div class=\"gs-review-rating\"><span style=\"color:#da3768\" class=\"review-rate\"><div class=\"gs-stars\"><div class=\"gs-star-rating\"><span class=\"screen-reader-text\">5.0 rating based on 10 rating<\/span><div class=\"star star-full\" style=\"color:#da3768;\" aria-hidden=\"true\"><\/div><div class=\"star star-full\" style=\"color:#da3768;\" aria-hidden=\"true\"><\/div><div class=\"star star-full\" style=\"color:#da3768;\" aria-hidden=\"true\"><\/div><div class=\"star star-full\" style=\"color:#da3768;\" aria-hidden=\"true\"><\/div><div class=\"star star-full\" style=\"color:#da3768;\" aria-hidden=\"true\"><\/div><\/div><\/div><\/span><\/div><p class=\"gs-review-comment\"><span style=\"color:#000000\" class=\"short-comment\">Nous avons pass\u00e9 un agr\u00e9able s\u00e9jour <\/span><\/p><div class=\"gs-review-footer\"><div class=\"gs-review-buttons\"><a href=\"https:\/\/widget.guest-suite.com\/reviews\/5cf31082-8c74-485f-b4be-9f9879290b40\/warn\" target=\"_blank\" class=\"gs-review-button signaler\"><span class=\"dashicons dashicons-flag\"><\/span> Report<\/a><\/div><span style=\"color:#000000\" class=\"gs-review-experience-date\">Experience date 18\/04\/26<br\/><i>Camping Les Alizes<\/i><\/span><\/div><\/li><li class=\"gs-review-item\" style=\"margin-left:0; margin-top:0; background:#ffffff; border: 1px solid #a7b3ce; border-radius: 8px;\"><div class=\"gs-review-header\"><strong style=\"color:#000000\" class=\"gs-review-username\">Eric LEPAGE<\/strong><span style=\"color:#000000\" class=\"gs-review-date\">11 \/ 04 \/ 26<\/span><\/div><div class=\"gs-review-rating\"><span style=\"color:#da3768\" class=\"review-rate\"><div class=\"gs-stars\"><div class=\"gs-star-rating\"><span class=\"screen-reader-text\">5.0 rating based on 10 rating<\/span><div class=\"star star-full\" style=\"color:#da3768;\" aria-hidden=\"true\"><\/div><div class=\"star star-full\" style=\"color:#da3768;\" aria-hidden=\"true\"><\/div><div class=\"star star-full\" style=\"color:#da3768;\" aria-hidden=\"true\"><\/div><div class=\"star star-full\" style=\"color:#da3768;\" aria-hidden=\"true\"><\/div><div class=\"star star-full\" style=\"color:#da3768;\" aria-hidden=\"true\"><\/div><\/div><\/div><\/span><\/div><p class=\"gs-review-comment\"><span style=\"color:#000000\" class=\"short-comment\">Tr\u00e8s bon camping, personnes aimables, attentives et tr\u00e8s \u00e0 l&#039;\u00e9coute.<\/span><\/p><ul class=\"gs-review-responses\" style=\"display: none; border-left: 4px solid #da3768;\"><li style=\"color:#000000\">Bonjour et merci d\u2019avoir partag\u00e9 votre avis.\n\nNous sommes ravis de lire que vous avez appr\u00e9ci\u00e9 la qualit\u00e9 de l\u2019accueil ainsi que l\u2019attention port\u00e9e par notre \u00e9quipe. Votre satisfaction est une belle r\u00e9compense pour nous tous.\n\nNous esp\u00e9rons avoir le plaisir de vous accueillir \u00e0 nouveau tr\u00e8s bient\u00f4t.\n\nExcellente journ\u00e9e \u00e0 vous,  \nL&#039;\u00e9quipe du Camping Les Aliz\u00e9s<\/li><li style=\"color:#000000\">21\/04\/2026<\/li><\/ul><div class=\"gs-review-footer\"><div class=\"gs-review-buttons\"><a href=\"#\" class=\"gs-review-button toggle-responses\"><span class=\"dashicons dashicons-visibility\"><\/span> Show response<\/a><a href=\"https:\/\/widget.guest-suite.com\/reviews\/4ee90665-8b1e-48e2-b775-0a2af944b258\/warn\" target=\"_blank\" class=\"gs-review-button signaler\"><span class=\"dashicons dashicons-flag\"><\/span> Report<\/a><\/div><span style=\"color:#000000\" class=\"gs-review-experience-date\">Experience date 07\/04\/26<br\/><i>Camping Les Alizes<\/i><\/span><\/div><\/li><\/ul><\/div><div class=\"gs-reviews-pagination\"><span class=\"current\" style=\"background:#da3768\">1<\/span><a href=\"#\" class=\"gs-reviews-page-link\" data-page=\"2\">2<\/a><a href=\"#\" class=\"gs-reviews-page-link\" data-page=\"3\">3<\/a><a href=\"#\" class=\"gs-reviews-page-link\" data-page=\"321\">Last &raquo;<\/a><\/div><\/div><\/div><\/div><\/p>","protected":false},"excerpt":{"rendered":"","protected":false},"author":1,"featured_media":0,"parent":0,"menu_order":0,"comment_status":"closed","ping_status":"closed","template":"","meta":{"_acf_changed":false,"_seopress_robots_primary_cat":"","_seopress_titles_title":"","_seopress_titles_desc":"","_seopress_robots_index":"","_vp_format_video_url":"","_vp_image_focal_point":[],"footnotes":""},"class_list":["post-18852","page","type-page","status-publish","hentry"],"acf":[],"_links":{"self":[{"href":"https:\/\/campingalizes.com\/en\/wp-json\/wp\/v2\/pages\/18852","targetHints":{"allow":["GET"]}}],"collection":[{"href":"https:\/\/campingalizes.com\/en\/wp-json\/wp\/v2\/pages"}],"about":[{"href":"https:\/\/campingalizes.com\/en\/wp-json\/wp\/v2\/types\/page"}],"author":[{"embeddable":true,"href":"https:\/\/campingalizes.com\/en\/wp-json\/wp\/v2\/users\/1"}],"replies":[{"embeddable":true,"href":"https:\/\/campingalizes.com\/en\/wp-json\/wp\/v2\/comments?post=18852"}],"version-history":[{"count":2,"href":"https:\/\/campingalizes.com\/en\/wp-json\/wp\/v2\/pages\/18852\/revisions"}],"predecessor-version":[{"id":21132,"href":"https:\/\/campingalizes.com\/en\/wp-json\/wp\/v2\/pages\/18852\/revisions\/21132"}],"wp:attachment":[{"href":"https:\/\/campingalizes.com\/en\/wp-json\/wp\/v2\/media?parent=18852"}],"curies":[{"name":"wp","href":"https:\/\/api.w.org\/{rel}","templated":true}]}}