{"id":428,"date":"2026-03-11T15:05:56","date_gmt":"2026-03-11T14:05:56","guid":{"rendered":"https:\/\/campingalizes.com\/?page_id=428"},"modified":"2026-04-17T12:05:58","modified_gmt":"2026-04-17T10:05:58","slug":"salt-marshes-saint-hilaire-de-riez","status":"publish","type":"page","link":"https:\/\/campingalizes.com\/en\/cote-nature\/marais-salants-saint-hilaire-de-riez\/","title":{"rendered":"Discovering the Saint-Hilaire-de-Riez Salt Marshes"},"content":{"rendered":"<div class=\"wp-block-stackable-text stk-block-text stk-block stk-14e94ec\" data-block-id=\"14e94ec\"><style>.stk-14e94ec .stk-block-text__text{font-size:1rem !important;font-family:\"Sintony\", Sans-serif !important;}@media screen and (max-width: 1023px){.stk-14e94ec .stk-block-text__text{font-size:1rem !important;}}<\/style><p class=\"stk-block-text__text has-text-align-center\">Just a few minutes from Camping Les Aliz\u00e9s in Saint-Hilaire-de-Riez, a unique landscape awaits you: that of the salt marshes, a natural and cultural heritage shaped over centuries by water, wind, salt... and humans.<\/p><\/div>\n\n\n\n<div class=\"wp-block-stackable-columns stk-block-columns stk-block stk-a8b15ac\" data-block-id=\"a8b15ac\"><style>.stk-a8b15ac .stk--block-align-a8b15ac{align-items:center !important;}.stk-a8b15ac {margin-bottom:39px !important;}.stk-a8b15ac-column{--stk-column-gap:var(--stk--preset--spacing--50, clamp(30px, 5vw, 50px)) !important;}<\/style><div class=\"stk-row stk-inner-blocks stk--block-align-a8b15ac stk-block-content stk-content-align stk-a8b15ac-column\">\n<div class=\"wp-block-stackable-column stk-block-column stk-column stk-block stk-3cbfc90\" data-v=\"4\" data-block-id=\"3cbfc90\"><div class=\"stk-column-wrapper stk-block-column__content stk-container stk-3cbfc90-container stk--no-background stk--no-padding\"><div class=\"stk-block-content stk-inner-blocks stk-3cbfc90-inner-blocks\">\n<div class=\"wp-block-stackable-image stk-block-image stk-block stk-219e0ea\" data-block-id=\"219e0ea\"><style>.stk-219e0ea {border-top-left-radius:25px !important;border-bottom-right-radius:25px !important;overflow:hidden !important;box-shadow:2px 2px 21px 0px #00000096 !important;}.stk-219e0ea .stk-img-wrapper{width:100% !important;height:820px !important;}@media screen and (max-width: 767px){.stk-219e0ea .stk-img-wrapper{height:400px !important;}}<\/style><figure><span class=\"stk-img-wrapper stk-image--shape-stretch\"><img loading=\"lazy\" decoding=\"async\" class=\"stk-img wp-image-437\" src=\"https:\/\/campingalizes.com\/wp-content\/uploads\/2026\/03\/marais_salants_thierry_ode-7_webformat.webp\" width=\"1000\" height=\"667\" alt=\"Salt marshes Saint Hilaire de Riez\" srcset=\"https:\/\/campingalizes.com\/wp-content\/uploads\/2026\/03\/marais_salants_thierry_ode-7_webformat.webp 1000w, https:\/\/campingalizes.com\/wp-content\/uploads\/2026\/03\/marais_salants_thierry_ode-7_webformat-300x200.webp 300w, https:\/\/campingalizes.com\/wp-content\/uploads\/2026\/03\/marais_salants_thierry_ode-7_webformat-768x512.webp 768w, https:\/\/campingalizes.com\/wp-content\/uploads\/2026\/03\/marais_salants_thierry_ode-7_webformat-18x12.webp 18w, https:\/\/campingalizes.com\/wp-content\/uploads\/2026\/03\/marais_salants_thierry_ode-7_webformat-500x334.webp 500w, https:\/\/campingalizes.com\/wp-content\/uploads\/2026\/03\/marais_salants_thierry_ode-7_webformat-800x534.webp 800w\" sizes=\"auto, (max-width: 1000px) 100vw, 1000px\" \/><\/span><\/figure><\/div>\n<\/div><\/div><\/div>\n\n\n\n<div class=\"wp-block-stackable-column stk-block-column stk-column stk-block stk-233c298\" data-v=\"4\" data-block-id=\"233c298\"><div class=\"stk-column-wrapper stk-block-column__content stk-container stk-233c298-container stk--no-background stk--no-padding\"><div class=\"stk-block-content stk-inner-blocks stk-233c298-inner-blocks\">\n<div class=\"wp-block-stackable-heading stk-block-heading stk-block-heading--v2 stk-block stk-e4ae7f0\" id=\"un-tresor-de-nature-et-dhistoire\" data-block-id=\"e4ae7f0\"><style>.stk-e4ae7f0 .stk-block-heading__text{font-size:3rem !important;}@media screen and (max-width: 1023px){.stk-e4ae7f0 .stk-block-heading__text{font-size:3rem !important;}}<\/style><h2 class=\"stk-block-heading__text\">A treasure trove of nature and history<\/h2><\/div>\n\n\n\n<div class=\"wp-block-stackable-text stk-block-text stk-block stk-18c0a95\" data-block-id=\"18c0a95\"><p class=\"stk-block-text__text translation-block\">The salt marshes of La Vie, located in the lower reaches of the coastal river La Vie, are an extraordinary place in the heart of the Vend\u00e9e and the Vend\u00e9e Breton Marsh. Shaped by man since the 7th century, these expanses of water and salt bear witness to the region's ancient salt-making know-how, when salt, the \u2019white gold\u00ab, played an essential role in daily life and trade.\n\nIt's not just historical heritage: it's a living ecosystem, rich in birds, in colours that change with the light, and in a peaceful atmosphere.<\/p><\/div>\n\n\n\n<div class=\"wp-block-stackable-heading stk-block-heading stk-block-heading--v2 stk-block stk-4cee036\" id=\"trois-facons-simples-de-decouvrir-les-marais-salants\" data-block-id=\"4cee036\"><style>.stk-4cee036 .stk-block-heading__text{font-size:3rem !important;}@media screen and (max-width: 1023px){.stk-4cee036 .stk-block-heading__text{font-size:3rem !important;}}<\/style><h2 class=\"stk-block-heading__text\">Three simple ways to discover the salt marshes<\/h2><\/div>\n\n\n\n<div class=\"wp-block-stackable-text stk-block-text stk-block stk-165f79f\" data-block-id=\"165f79f\"><p class=\"stk-block-text__text\">From Saint-Hilaire-de-Riez, the Vie Salt Marshes can be discovered at your own pace, according to your wishes at the time:<\/p><\/div>\n\n\n\n<div class=\"wp-block-stackable-icon-list stk-block-icon-list stk-block stk-6c87143\" data-block-id=\"6c87143\"><style>.stk-6c87143 {--stk-icon-list-marker-color:var(--stk-global-color-88321, #6a7a6d) !important;--stk-icon-list-icon-size:6px !important;}.stk-6c87143 .stk-block-icon-list-item__content{align-items:baseline !important;}<\/style><svg style=\"display:none\"><defs><g id=\"stk-icon-list__icon-svg-def-6c87143\"><svg xmlns=\"http:\/\/www.w3.org\/2000\/svg\" viewbox=\"0 0 512 512\"><path d=\"M256 512A256 256 0 1 0 256 0a256 256 0 1 0 0 512z\"\/><\/svg><\/g><\/defs><\/svg><ul class=\"stk-block-icon-list__ul stk-block-icon-list--column\">\n<li class=\"wp-block-stackable-icon-list-item stk-block-icon-list-item stk-block stk-a2e81b7\" data-block-id=\"a2e81b7\"><div class=\"stk-block-icon-list-item__content\"><span class=\"stk--svg-wrapper\"><div class=\"stk--inner-svg\"><svg aria-hidden=\"true\" width=\"32\" height=\"32\"><use xlink:href=\"#stk-icon-list__icon-svg-def-6c87143\"><\/use><\/svg><\/div><\/span><span class=\"stk-block-icon-list-item__text\"><strong>Guided tour with a salt worker<\/strong> To understand the salt harvest, the traditional practices, and the history of the site.<\/span><\/div><\/li>\n\n\n\n<li class=\"wp-block-stackable-icon-list-item stk-block-icon-list-item stk-block stk-5dfe69b\" data-block-id=\"5dfe69b\"><div class=\"stk-block-icon-list-item__content\"><span class=\"stk--svg-wrapper\"><div class=\"stk--inner-svg\"><svg aria-hidden=\"true\" width=\"32\" height=\"32\"><use xlink:href=\"#stk-icon-list__icon-svg-def-6c87143\"><\/use><\/svg><\/div><\/span><span class=\"stk-block-icon-list-item__text\"><strong>Free stroll around the ponds:<\/strong> ideal for enjoying the peace and quiet, observing the birds and admiring the sky's reflections on the water.<\/span><\/div><\/li>\n\n\n\n<li class=\"wp-block-stackable-icon-list-item stk-block-icon-list-item stk-block stk-77e627f\" data-block-id=\"77e627f\"><div class=\"stk-block-icon-list-item__content\"><span class=\"stk--svg-wrapper\"><div class=\"stk--inner-svg\"><svg aria-hidden=\"true\" width=\"32\" height=\"32\"><use xlink:href=\"#stk-icon-list__icon-svg-def-6c87143\"><\/use><\/svg><\/div><\/span><span class=\"stk-block-icon-list-item__text\"><strong>Cycling access from the campsite: <\/strong>A gentle and eco-friendly outing from Camping Les Aliz\u00e9s, perfect for the whole family.<\/span><\/div><\/li>\n<\/ul><\/div>\n\n\n\n<div class=\"wp-block-stackable-text stk-block-text stk-block stk-55e9624\" data-block-id=\"55e9624\"><p class=\"stk-block-text__text\">Whatever your preferred way of exploring them, marshes always offer a moment of disconnection, blending nature, heritage, and serenity.<\/p><\/div>\n<\/div><\/div><\/div>\n<\/div><\/div>\n\n\n\n<div class=\"wp-block-stackable-columns alignfull stk-block-columns stk-block stk-67ae59e stk-block-background\" data-block-id=\"67ae59e\"><style>.stk-67ae59e .stk--block-align-67ae59e{align-items:center !important;}.stk-67ae59e {background-color:var(--stk-global-color-88321, #6a7a6d) !important;border-top-left-radius:25px !important;border-top-right-radius:25px !important;border-bottom-right-radius:25px !important;border-bottom-left-radius:25px !important;overflow:hidden !important;padding-top:var(--stk--preset--spacing--50, clamp(30px, 5vw, 50px)) !important;padding-bottom:var(--stk--preset--spacing--50, clamp(30px, 5vw, 50px)) !important;margin-bottom:50px !important;}.stk-67ae59e:before{background-color:var(--stk-global-color-88321, #6a7a6d) !important;}.stk-67ae59e-column{max-width:1280px !important;min-width:auto !important;--stk-column-gap:var(--stk--preset--spacing--50, clamp(30px, 5vw, 50px)) !important;}<\/style><div class=\"stk-row stk-inner-blocks stk--block-align-67ae59e stk-block-content stk-content-align stk-67ae59e-column alignwide\">\n<div class=\"wp-block-stackable-column stk-block-column stk-column stk-block stk-5c777f6\" data-v=\"4\" data-block-id=\"5c777f6\"><div class=\"stk-column-wrapper stk-block-column__content stk-container stk-5c777f6-container stk--no-background stk--no-padding\"><div class=\"stk-block-content stk-inner-blocks stk-5c777f6-inner-blocks\">\n<div class=\"wp-block-stackable-heading stk-block-heading stk-block-heading--v2 stk-block stk-47f3096\" id=\"quand-nature-et-patrimoine-se-rencontrenta-pied-entre-dunes-forets-et-marais\" data-block-id=\"47f3096\"><style>.stk-47f3096 .stk-block-heading__text{font-size:3rem !important;color:#fffffe !important;}@media screen and (max-width: 1023px){.stk-47f3096 .stk-block-heading__text{font-size:3rem !important;}}<\/style><h2 class=\"stk-block-heading__text has-text-color\">When nature and heritage meet on foot between dunes, forests and marshes<\/h2><\/div>\n\n\n\n<div class=\"wp-block-stackable-text stk-block-text stk-block stk-98f3434\" data-block-id=\"98f3434\"><style>.stk-98f3434 .stk-block-text__text{color:#fffffe !important;}<\/style><p class=\"stk-block-text__text has-text-color\">Salt marshes are not just a place for production; they are also a refuge for a varied fauna. Resident and migratory birds alike find food and tranquility here. Observing these gently moving landscapes, at sunrise or dusk, is an experience that stays long in the memory.<\/p><\/div>\n\n\n\n<div class=\"wp-block-stackable-heading stk-block-heading stk-block-heading--v2 stk-block stk-957a343\" id=\"une-visite-incontournable-pendant-votre-sejour\" data-block-id=\"957a343\"><style>.stk-957a343 .stk-block-heading__text{font-size:3rem !important;color:#fffffe !important;}@media screen and (max-width: 1023px){.stk-957a343 .stk-block-heading__text{font-size:3rem !important;}}<\/style><h2 class=\"stk-block-heading__text has-text-color\">A must-see during your stay<\/h2><\/div>\n\n\n\n<div class=\"wp-block-stackable-text stk-block-text stk-block stk-eeb0fdc\" data-block-id=\"eeb0fdc\"><style>.stk-eeb0fdc .stk-block-text__text{color:#fffffe !important;}<\/style><p class=\"stk-block-text__text has-text-color translation-block\">Staying at Camping Les Aliz\u00e9s in Saint-Hilaire-de-Riez means being just a stone's throw from generous nature. Here, the ocean, state-owned forests, cycle paths, and of course, the salt marshes, make up a region to be explored with curiosity and respect.\n\nWe love to share this commitment: to care for the landscape, to live it with authentic simplicity, and to pass on a taste for true, lasting things. A walk through the salt marshes is more than an excursion: it's a dive into the soul of our region.<\/p><\/div>\n<\/div><\/div><\/div>\n\n\n\n<div class=\"wp-block-stackable-column stk-block-column stk-column stk-block stk-9e5bd61\" data-v=\"4\" data-block-id=\"9e5bd61\"><div class=\"stk-column-wrapper stk-block-column__content stk-container stk-9e5bd61-container stk--no-background stk--no-padding\"><div class=\"stk-block-content stk-inner-blocks stk-9e5bd61-inner-blocks\">\n<div class=\"wp-block-stackable-image stk-block-image has-text-align-right stk-block stk-d1ff07d\" data-block-id=\"d1ff07d\"><style>.stk-d1ff07d {margin-bottom:-71px !important;z-index:3 !important;}.stk-d1ff07d .stk-img-wrapper{width:354px !important;filter:drop-shadow(2px 0px 13px #000000a1) !important;}<\/style><figure><span class=\"stk-img-wrapper stk-image--shape-stretch stk--shadow-2px 0px 13px #000000a1\"><img loading=\"lazy\" decoding=\"async\" class=\"stk-img wp-image-141\" src=\"https:\/\/campingalizes.com\/wp-content\/uploads\/2026\/03\/graphic_elements.png\" width=\"354\" height=\"150\" alt=\"Seabird Vend\u00e9e coast\" srcset=\"https:\/\/campingalizes.com\/wp-content\/uploads\/2026\/03\/graphic_elements.png 354w, https:\/\/campingalizes.com\/wp-content\/uploads\/2026\/03\/graphic_elements-300x127.png 300w, https:\/\/campingalizes.com\/wp-content\/uploads\/2026\/03\/graphic_elements-18x8.png 18w\" sizes=\"auto, (max-width: 354px) 100vw, 354px\" \/><\/span><\/figure><\/div>\n\n\n\n<div class=\"wp-block-stackable-image stk-block-image stk-block stk-78bf8e5\" data-block-id=\"78bf8e5\"><style>.stk-78bf8e5 {border-top-left-radius:25px !important;border-bottom-right-radius:25px !important;overflow:hidden !important;box-shadow:2px 2px 21px 0px #00000096 !important;}.stk-78bf8e5 .stk-img-wrapper{width:100% !important;height:589px !important;}@media screen and (max-width: 767px){.stk-78bf8e5 .stk-img-wrapper{height:400px !important;}}<\/style><figure><span class=\"stk-img-wrapper stk-image--shape-stretch\"><img loading=\"lazy\" decoding=\"async\" class=\"stk-img wp-image-436\" src=\"https:\/\/campingalizes.com\/wp-content\/uploads\/2026\/03\/marais-salants-predevie-saint-hilaire-de-riez-1_webformat.webp\" width=\"1000\" height=\"667\" alt=\"Salt marshes, Predevie, Saint-Hilaire-de-Riez\" srcset=\"https:\/\/campingalizes.com\/wp-content\/uploads\/2026\/03\/marais-salants-predevie-saint-hilaire-de-riez-1_webformat.webp 1000w, https:\/\/campingalizes.com\/wp-content\/uploads\/2026\/03\/marais-salants-predevie-saint-hilaire-de-riez-1_webformat-300x200.webp 300w, https:\/\/campingalizes.com\/wp-content\/uploads\/2026\/03\/marais-salants-predevie-saint-hilaire-de-riez-1_webformat-768x512.webp 768w, https:\/\/campingalizes.com\/wp-content\/uploads\/2026\/03\/marais-salants-predevie-saint-hilaire-de-riez-1_webformat-18x12.webp 18w, https:\/\/campingalizes.com\/wp-content\/uploads\/2026\/03\/marais-salants-predevie-saint-hilaire-de-riez-1_webformat-500x334.webp 500w, https:\/\/campingalizes.com\/wp-content\/uploads\/2026\/03\/marais-salants-predevie-saint-hilaire-de-riez-1_webformat-800x534.webp 800w\" sizes=\"auto, (max-width: 1000px) 100vw, 1000px\" \/><\/span><\/figure><\/div>\n<\/div><\/div><\/div>\n<\/div><\/div>\n\n\n\n<div class=\"wp-block-stackable-columns stk-block-columns stk-block stk-7d360b3\" data-block-id=\"7d360b3\"><style>.stk-7d360b3 .stk--block-align-7d360b3{align-items:center !important;}.stk-7d360b3 {margin-bottom:39px !important;}.stk-7d360b3-column{--stk-column-gap:var(--stk--preset--spacing--50, clamp(30px, 5vw, 50px)) !important;}<\/style><div class=\"stk-row stk-inner-blocks stk--block-align-7d360b3 stk-block-content stk-content-align stk-7d360b3-column\">\n<div class=\"wp-block-stackable-column stk-block-column stk-column stk-block stk-0c67e04\" data-v=\"4\" data-block-id=\"0c67e04\"><div class=\"stk-column-wrapper stk-block-column__content stk-container stk-0c67e04-container stk--no-background stk--no-padding\"><div class=\"stk-block-content stk-inner-blocks stk-0c67e04-inner-blocks\">\n<div class=\"wp-block-stackable-image stk-block-image stk-block stk-bb5ae38\" data-block-id=\"bb5ae38\"><style>.stk-bb5ae38 {border-top-left-radius:25px !important;border-bottom-right-radius:25px !important;overflow:hidden !important;box-shadow:2px 2px 21px 0px #00000096 !important;}.stk-bb5ae38 .stk-img-wrapper{width:100% !important;height:671px !important;}@media screen and (max-width: 767px){.stk-bb5ae38 .stk-img-wrapper{height:400px !important;}}<\/style><figure><span class=\"stk-img-wrapper stk-image--shape-stretch\"><img loading=\"lazy\" decoding=\"async\" class=\"stk-img wp-image-435\" src=\"https:\/\/campingalizes.com\/wp-content\/uploads\/2026\/03\/marais-salants-predevie-saint-hilaire-de-riez-4_webformat.webp\" width=\"1000\" height=\"667\" alt=\"Salt marshes, Predevie, Saint-Hilaire-de-Riez\" srcset=\"https:\/\/campingalizes.com\/wp-content\/uploads\/2026\/03\/marais-salants-predevie-saint-hilaire-de-riez-4_webformat.webp 1000w, https:\/\/campingalizes.com\/wp-content\/uploads\/2026\/03\/marais-salants-predevie-saint-hilaire-de-riez-4_webformat-300x200.webp 300w, https:\/\/campingalizes.com\/wp-content\/uploads\/2026\/03\/marais-salants-predevie-saint-hilaire-de-riez-4_webformat-768x512.webp 768w, https:\/\/campingalizes.com\/wp-content\/uploads\/2026\/03\/marais-salants-predevie-saint-hilaire-de-riez-4_webformat-18x12.webp 18w, https:\/\/campingalizes.com\/wp-content\/uploads\/2026\/03\/marais-salants-predevie-saint-hilaire-de-riez-4_webformat-500x334.webp 500w, https:\/\/campingalizes.com\/wp-content\/uploads\/2026\/03\/marais-salants-predevie-saint-hilaire-de-riez-4_webformat-800x534.webp 800w\" sizes=\"auto, (max-width: 1000px) 100vw, 1000px\" \/><\/span><\/figure><\/div>\n<\/div><\/div><\/div>\n\n\n\n<div class=\"wp-block-stackable-column stk-block-column stk-column stk-block stk-0f8f3ec\" data-v=\"4\" data-block-id=\"0f8f3ec\"><div class=\"stk-column-wrapper stk-block-column__content stk-container stk-0f8f3ec-container stk--no-background stk--no-padding\"><div class=\"stk-block-content stk-inner-blocks stk-0f8f3ec-inner-blocks\">\n<div class=\"wp-block-stackable-heading stk-block-heading stk-block-heading--v2 stk-block stk-a8c412c\" id=\"informations-pratiques-les-marais-salants-de-la-vie\" data-block-id=\"a8c412c\"><style>.stk-a8c412c .stk-block-heading__text{font-size:3rem !important;}@media screen and (max-width: 1023px){.stk-a8c412c .stk-block-heading__text{font-size:3rem !important;}}<\/style><h2 class=\"stk-block-heading__text\">Practical information: The Salt Marshes of La Vie<\/h2><\/div>\n\n\n\n<div class=\"wp-block-stackable-icon-list stk-block-icon-list stk-block stk-f6040b9\" data-block-id=\"f6040b9\"><style>.stk-f6040b9 {--stk-icon-list-marker-color:var(--stk-global-color-88321, #6a7a6d) !important;--stk-icon-list-icon-size:6px !important;}.stk-f6040b9 .stk-block-icon-list-item__content{align-items:baseline !important;}<\/style><svg style=\"display:none\"><defs><g id=\"stk-icon-list__icon-svg-def-f6040b9\"><svg xmlns=\"http:\/\/www.w3.org\/2000\/svg\" viewbox=\"0 0 512 512\"><path d=\"M256 512A256 256 0 1 0 256 0a256 256 0 1 0 0 512z\"\/><\/svg><\/g><\/defs><\/svg><ul class=\"stk-block-icon-list__ul stk-block-icon-list--column\">\n<li class=\"wp-block-stackable-icon-list-item stk-block-icon-list-item stk-block stk-30dbc31\" data-block-id=\"30dbc31\"><div class=\"stk-block-icon-list-item__content\"><span class=\"stk--svg-wrapper\"><div class=\"stk--inner-svg\"><svg aria-hidden=\"true\" width=\"32\" height=\"32\"><use xlink:href=\"#stk-icon-list__icon-svg-def-f6040b9\"><\/use><\/svg><\/div><\/span><span class=\"stk-block-icon-list-item__text\">Address: Route du Sel, Rond-point des Marais salants, 85270, Saint-Hilaire-de-Riez ;<\/span><\/div><\/li>\n\n\n\n<li class=\"wp-block-stackable-icon-list-item stk-block-icon-list-item stk-block stk-b9c588c\" data-block-id=\"b9c588c\"><div class=\"stk-block-icon-list-item__content\"><span class=\"stk--svg-wrapper\"><div class=\"stk--inner-svg\"><svg aria-hidden=\"true\" width=\"32\" height=\"32\"><use xlink:href=\"#stk-icon-list__icon-svg-def-f6040b9\"><\/use><\/svg><\/div><\/span><span class=\"stk-block-icon-list-item__text\">Opening season: generally June to September, with guided tours by appointment; ;<\/span><\/div><\/li>\n\n\n\n<li class=\"wp-block-stackable-icon-list-item stk-block-icon-list-item stk-block stk-65418c0\" data-block-id=\"65418c0\"><div class=\"stk-block-icon-list-item__content\"><span class=\"stk--svg-wrapper\"><div class=\"stk--inner-svg\"><svg aria-hidden=\"true\" width=\"32\" height=\"32\"><use xlink:href=\"#stk-icon-list__icon-svg-def-f6040b9\"><\/use><\/svg><\/div><\/span><span class=\"stk-block-icon-list-item__text\">Prices: specific according to seasons and type of visit.<\/span><\/div><\/li>\n<\/ul><\/div>\n\n\n\n<div class=\"wp-block-stackable-heading stk-block-heading stk-block-heading--v2 stk-block stk-ee4db6b\" id=\"un-moment-simple-et-vrai\" data-block-id=\"ee4db6b\"><style>.stk-ee4db6b .stk-block-heading__text{font-size:3rem !important;}@media screen and (max-width: 1023px){.stk-ee4db6b .stk-block-heading__text{font-size:3rem !important;}}<\/style><h2 class=\"stk-block-heading__text\">A simple and true moment<\/h2><\/div>\n\n\n\n<div class=\"wp-block-stackable-text stk-block-text stk-block stk-15f298b\" data-block-id=\"15f298b\"><p class=\"stk-block-text__text translation-block\">Whether you're with family, friends or on a romantic getaway, the salt marshes of Saint-Hilaire-de-Riez are a rendezvous with the essentials: the colours of the sky reflected in the pools, herons gliding between the canals, and the murmur of local history.\n\nAnd when you return to Camping Les Aliz\u00e9s, you'll be full of peaceful images and light of heart, ready for a barbecue evening, a dip on the beach or another cycle ride on the surrounding cycle paths.<\/p><\/div>\n<\/div><\/div><\/div>\n<\/div><\/div>","protected":false},"excerpt":{"rendered":"<p>\u00c0 quelques minutes seulement du Camping Les Aliz\u00e9s \u00e0 Saint-Hilaire-de-Riez, un paysage unique vous attend : celui des marais salants, un patrimoine naturel et culturel fa\u00e7onn\u00e9 depuis des si\u00e8cles par l\u2019eau, le vent, le sel\u2026 et les Hommes. Un tr\u00e9sor de nature et d\u2019histoire Les marais salants de la Vie, situ\u00e9s sur la basse vall\u00e9e [&hellip;]<\/p>\n","protected":false},"author":1,"featured_media":0,"parent":448,"menu_order":0,"comment_status":"closed","ping_status":"closed","template":"","meta":{"_acf_changed":false,"_seopress_robots_primary_cat":"","_seopress_titles_title":"Marais salants Vend\u00e9e \u2013 Nature & patrimoine","_seopress_titles_desc":"Visitez les marais salants de Vend\u00e9e lors de votre s\u00e9jour en camping 4 \u00e9toiles \u00e0 Saint\u2011Hilaire\u2011de\u2011Riez.","_seopress_robots_index":"","_vp_format_video_url":"","_vp_image_focal_point":[],"footnotes":""},"class_list":["post-428","page","type-page","status-publish","hentry"],"acf":[],"_links":{"self":[{"href":"https:\/\/campingalizes.com\/en\/wp-json\/wp\/v2\/pages\/428","targetHints":{"allow":["GET"]}}],"collection":[{"href":"https:\/\/campingalizes.com\/en\/wp-json\/wp\/v2\/pages"}],"about":[{"href":"https:\/\/campingalizes.com\/en\/wp-json\/wp\/v2\/types\/page"}],"author":[{"embeddable":true,"href":"https:\/\/campingalizes.com\/en\/wp-json\/wp\/v2\/users\/1"}],"replies":[{"embeddable":true,"href":"https:\/\/campingalizes.com\/en\/wp-json\/wp\/v2\/comments?post=428"}],"version-history":[{"count":3,"href":"https:\/\/campingalizes.com\/en\/wp-json\/wp\/v2\/pages\/428\/revisions"}],"predecessor-version":[{"id":22174,"href":"https:\/\/campingalizes.com\/en\/wp-json\/wp\/v2\/pages\/428\/revisions\/22174"}],"up":[{"embeddable":true,"href":"https:\/\/campingalizes.com\/en\/wp-json\/wp\/v2\/pages\/448"}],"wp:attachment":[{"href":"https:\/\/campingalizes.com\/en\/wp-json\/wp\/v2\/media?parent=428"}],"curies":[{"name":"wp","href":"https:\/\/api.w.org\/{rel}","templated":true}]}}