{"id":452,"date":"2026-03-11T15:42:08","date_gmt":"2026-03-11T14:42:08","guid":{"rendered":"https:\/\/campingalizes.com\/?page_id=452"},"modified":"2026-04-17T12:07:13","modified_gmt":"2026-04-17T10:07:13","slug":"sea-coast-and-islands","status":"publish","type":"page","link":"https:\/\/campingalizes.com\/en\/cote-mer-et-iles\/","title":{"rendered":"Seaside and islands"},"content":{"rendered":"<div class=\"wp-block-stackable-columns stk-block-columns stk-block stk-a82be77\" data-block-id=\"a82be77\"><style>.stk-a82be77 {margin-bottom:var(--stk--preset--spacing--60, clamp(30px, 7vw, 70px)) !important;}<\/style><div class=\"stk-row stk-inner-blocks stk-block-content stk-content-align stk-a82be77-column\">\n<div class=\"wp-block-stackable-column stk-block-column stk-column stk-block stk-41d9b6d\" data-v=\"4\" data-block-id=\"41d9b6d\"><style>.stk-41d9b6d {padding-top:var(--stk--preset--spacing--none, 0px) !important;padding-right:var(--stk--preset--spacing--none, 0px) !important;padding-bottom:var(--stk--preset--spacing--none, 0px) !important;padding-left:var(--stk--preset--spacing--none, 0px) !important;}<\/style><div class=\"stk-column-wrapper stk-block-column__content stk-container stk-41d9b6d-container stk--no-background stk--no-padding\"><div class=\"stk-block-content stk-inner-blocks stk-41d9b6d-inner-blocks\">\n<div class=\"wp-block-stackable-image-box stk-block-image-box stk-hover-parent stk-block stk-1f6d5ff is-style-default\" data-block-id=\"1f6d5ff\"><style>.stk-1f6d5ff {transition-duration:0.3s !important;--stk-transition-duration:0.3s !important;}.stk-1f6d5ff:hover{transform:scale(1.04) !important;}<\/style><div class=\"stk-block-content stk-inner-blocks has-text-align-center stk-row stk-block-image-box__content\">\n<div class=\"wp-block-stackable-image stk-block-image stk-block stk-e970fd8\" data-block-id=\"e970fd8\"><style>.stk-e970fd8 {border-top-left-radius:20px !important;border-bottom-right-radius:20px !important;overflow:hidden !important;}.stk-e970fd8 .stk-img-wrapper{height:600px !important;--stk-gradient-overlay:1 !important;}.stk-e970fd8 .stk-img-wrapper::after{background-image:linear-gradient(360deg,rgb(0,0,0) 0%,rgba(0,0,0,0) 74%) !important;}@media screen and (max-width: 767px){.stk-e970fd8 .stk-img-wrapper{height:400px !important;}}<\/style><figure><span class=\"stk-img-wrapper stk-image--shape-stretch\"><img loading=\"lazy\" decoding=\"async\" class=\"stk-img wp-image-389\" src=\"https:\/\/campingalizes.com\/wp-content\/uploads\/2026\/03\/a3pb_hd_26_webformat.webp\" width=\"1000\" height=\"750\" alt=\"Sea fishing near the campsite in Saint-Hilaire-de-Riez\" srcset=\"https:\/\/campingalizes.com\/wp-content\/uploads\/2026\/03\/a3pb_hd_26_webformat.webp 1000w, https:\/\/campingalizes.com\/wp-content\/uploads\/2026\/03\/a3pb_hd_26_webformat-300x225.webp 300w, https:\/\/campingalizes.com\/wp-content\/uploads\/2026\/03\/a3pb_hd_26_webformat-768x576.webp 768w, https:\/\/campingalizes.com\/wp-content\/uploads\/2026\/03\/a3pb_hd_26_webformat-16x12.webp 16w, https:\/\/campingalizes.com\/wp-content\/uploads\/2026\/03\/a3pb_hd_26_webformat-500x375.webp 500w, https:\/\/campingalizes.com\/wp-content\/uploads\/2026\/03\/a3pb_hd_26_webformat-800x600.webp 800w\" sizes=\"auto, (max-width: 1000px) 100vw, 1000px\" \/><\/span><\/figure><\/div>\n\n\n\n<div class=\"wp-block-stackable-column stk-block-column stk-column stk-block stk-bbd9cc8\" data-v=\"4\" data-block-id=\"bbd9cc8\"><style>.stk-bbd9cc8 {align-self:flex-end !important;align-items:center !important;display:flex !important;}<\/style><div class=\"stk-column-wrapper stk-block-column__content stk-container stk-bbd9cc8-container stk--no-background stk--no-padding\"><div class=\"stk-block-content stk-inner-blocks stk-bbd9cc8-inner-blocks\">\n<div class=\"wp-block-stackable-heading stk-block-heading stk-block-heading--v2 stk-block stk-0f17e17\" id=\"l-a-pe-che-en-mer\" data-block-id=\"0f17e17\"><style>.stk-0f17e17 {margin-bottom:var(--stk--preset--spacing--30, 20px) !important;}.stk-0f17e17 .stk-block-heading__text{font-size:1.2rem !important;color:#fffffe !important;font-weight:700 !important;text-transform:uppercase !important;font-family:\"Bodoni Moda\", Sans-serif !important;}@media screen and (max-width: 1023px){.stk-0f17e17 .stk-block-heading__text{font-size:1.2rem !important;}}<\/style><h3 class=\"stk-block-heading__text has-text-color\">lA P\u00eaCHE EN MER<\/h3><\/div>\n<\/div><\/div><\/div>\n<\/div><a class=\"stk-link stk-block-link stk--transparent-overlay\" href=\"https:\/\/campingalizes.com\/en\/sea-coast-and-islands\/sea-fishing-vendee\/\"><\/a><\/div>\n<\/div><\/div><\/div>\n\n\n\n<div class=\"wp-block-stackable-column stk-block-column stk-column stk-block stk-623bedf\" data-v=\"4\" data-block-id=\"623bedf\"><div class=\"stk-column-wrapper stk-block-column__content stk-container stk-623bedf-container stk--no-background stk--no-padding\"><div class=\"stk-block-content stk-inner-blocks stk-623bedf-inner-blocks\">\n<div class=\"wp-block-stackable-image-box stk-block-image-box stk-hover-parent stk-block stk-1ec8bf3 is-style-default\" data-block-id=\"1ec8bf3\"><style>.stk-1ec8bf3 {transition-duration:0.3s !important;--stk-transition-duration:0.3s !important;}.stk-1ec8bf3:hover{transform:scale(1.04) !important;}<\/style><div class=\"stk-block-content stk-inner-blocks has-text-align-center stk-row stk-block-image-box__content\">\n<div class=\"wp-block-stackable-image stk-block-image stk-block stk-6976eaa\" data-block-id=\"6976eaa\"><style>.stk-6976eaa {border-top-left-radius:20px !important;border-bottom-right-radius:20px !important;overflow:hidden !important;}.stk-6976eaa .stk-img-wrapper{height:600px !important;--stk-gradient-overlay:1 !important;}.stk-6976eaa .stk-img-wrapper::after{background-image:linear-gradient(360deg,rgb(0,0,0) 0%,rgba(0,0,0,0) 74%) !important;}@media screen and (max-width: 767px){.stk-6976eaa .stk-img-wrapper{height:400px !important;}}<\/style><figure><span class=\"stk-img-wrapper stk-image--shape-stretch\"><img loading=\"lazy\" decoding=\"async\" class=\"stk-img wp-image-364\" src=\"https:\/\/campingalizes.com\/wp-content\/uploads\/2026\/03\/1_noirmoutier_hd_28-1_webformat.webp\" width=\"666\" height=\"1000\" alt=\"Noirmoutier Bridge near the campsite\" srcset=\"https:\/\/campingalizes.com\/wp-content\/uploads\/2026\/03\/1_noirmoutier_hd_28-1_webformat.webp 666w, https:\/\/campingalizes.com\/wp-content\/uploads\/2026\/03\/1_noirmoutier_hd_28-1_webformat-200x300.webp 200w, https:\/\/campingalizes.com\/wp-content\/uploads\/2026\/03\/1_noirmoutier_hd_28-1_webformat-8x12.webp 8w, https:\/\/campingalizes.com\/wp-content\/uploads\/2026\/03\/1_noirmoutier_hd_28-1_webformat-500x751.webp 500w\" sizes=\"auto, (max-width: 666px) 100vw, 666px\" \/><\/span><\/figure><\/div>\n\n\n\n<div class=\"wp-block-stackable-column stk-block-column stk-column stk-block stk-bf1bbac\" data-v=\"4\" data-block-id=\"bf1bbac\"><style>.stk-bf1bbac {align-self:flex-end !important;align-items:center !important;display:flex !important;}<\/style><div class=\"stk-column-wrapper stk-block-column__content stk-container stk-bf1bbac-container stk--no-background stk--no-padding\"><div class=\"stk-block-content stk-inner-blocks stk-bf1bbac-inner-blocks\">\n<div class=\"wp-block-stackable-heading stk-block-heading stk-block-heading--v2 stk-block stk-d630cd5\" id=\"y-eu-et-n-oirmoutier\" data-block-id=\"d630cd5\"><style>.stk-d630cd5 {margin-bottom:var(--stk--preset--spacing--30, 20px) !important;}.stk-d630cd5 .stk-block-heading__text{font-size:1.2rem !important;color:#fffffe !important;font-weight:700 !important;text-transform:uppercase !important;font-family:\"Bodoni Moda\", Sans-serif !important;}@media screen and (max-width: 1023px){.stk-d630cd5 .stk-block-heading__text{font-size:1.2rem !important;}}<\/style><h3 class=\"stk-block-heading__text has-text-color\">yEU ET nOIRMOUTIER<\/h3><\/div>\n<\/div><\/div><\/div>\n<\/div><a class=\"stk-link stk-block-link stk--transparent-overlay\" href=\"https:\/\/campingalizes.com\/en\/sea-coast-and-islands\/vendee-islands\/\"><\/a><\/div>\n<\/div><\/div><\/div>\n<\/div><\/div>","protected":false},"excerpt":{"rendered":"<p>lA P\u00eaCHE EN MER yEU ET nOIRMOUTIER<\/p>","protected":false},"author":1,"featured_media":0,"parent":0,"menu_order":0,"comment_status":"closed","ping_status":"closed","template":"","meta":{"_acf_changed":false,"_seopress_robots_primary_cat":"","_seopress_titles_title":"Plages & \u00eeles vend\u00e9ennes \u2013 Saint-Hilaire de Riez","_seopress_titles_desc":"D\u00e9couvrez les plages et les \u00eeles vend\u00e9ennes depuis votre camping 4 \u00e9toiles \u00e0 Saint-Hilaire-de-Riez, pour des escapades nature et mer.","_seopress_robots_index":"","_vp_format_video_url":"","_vp_image_focal_point":[],"footnotes":""},"class_list":["post-452","page","type-page","status-publish","hentry"],"acf":[],"_links":{"self":[{"href":"https:\/\/campingalizes.com\/en\/wp-json\/wp\/v2\/pages\/452","targetHints":{"allow":["GET"]}}],"collection":[{"href":"https:\/\/campingalizes.com\/en\/wp-json\/wp\/v2\/pages"}],"about":[{"href":"https:\/\/campingalizes.com\/en\/wp-json\/wp\/v2\/types\/page"}],"author":[{"embeddable":true,"href":"https:\/\/campingalizes.com\/en\/wp-json\/wp\/v2\/users\/1"}],"replies":[{"embeddable":true,"href":"https:\/\/campingalizes.com\/en\/wp-json\/wp\/v2\/comments?post=452"}],"version-history":[{"count":5,"href":"https:\/\/campingalizes.com\/en\/wp-json\/wp\/v2\/pages\/452\/revisions"}],"predecessor-version":[{"id":22176,"href":"https:\/\/campingalizes.com\/en\/wp-json\/wp\/v2\/pages\/452\/revisions\/22176"}],"wp:attachment":[{"href":"https:\/\/campingalizes.com\/en\/wp-json\/wp\/v2\/media?parent=452"}],"curies":[{"name":"wp","href":"https:\/\/api.w.org\/{rel}","templated":true}]}}