{"id":487,"date":"2026-03-12T10:33:36","date_gmt":"2026-03-12T09:33:36","guid":{"rendered":"https:\/\/campingalizes.com\/?page_id=487"},"modified":"2026-04-27T11:50:38","modified_gmt":"2026-04-27T09:50:38","slug":"devenez-proprietaire-camping-vendee","status":"publish","type":"page","link":"https:\/\/campingalizes.com\/en\/devenez-proprietaire-camping-vendee\/","title":{"rendered":"Devenez propri\u00e9taire de votre mobil-home \u00e0 Saint-Hilaire-de-Riez"},"content":{"rendered":"<div class=\"wp-block-stackable-text stk-block-text stk-block stk-14e94ec\" data-block-id=\"14e94ec\"><style>.stk-14e94ec .stk-block-text__text{font-size:1rem !important;font-family:\"Sintony\", Sans-serif !important;}@media screen and (max-width: 1023px){.stk-14e94ec .stk-block-text__text{font-size:1rem !important;}}<\/style><p class=\"stk-block-text__text has-text-align-center\">Et si votre r\u00e9sidence secondaire se trouvait \u00e0 deux pas de l\u2019oc\u00e9an ?<br><br>Au Camping Les Aliz\u00e9s, \u00e0 Saint-Hilaire-de-Riez, devenez propri\u00e9taire de votre mobil-home et profitez pleinement de la Vend\u00e9e, dans un cadre convivial et ressour\u00e7ant.<br><br>Poss\u00e9der votre propre mobil-home, c\u2019est s\u2019offrir un lieu de vacances rien qu\u2019\u00e0 vous, sans les contraintes d\u2019un investissement immobilier classique, et avec la libert\u00e9 de venir quand vous le souhaitez pendant la p\u00e9riode d\u2019ouverture du camping.<\/p><\/div>\n\n\n\n<div class=\"wp-block-stackable-columns stk-block-columns stk-block stk-a8b15ac\" data-block-id=\"a8b15ac\"><style>.stk-a8b15ac .stk--block-align-a8b15ac{align-items:center !important;}.stk-a8b15ac {margin-bottom:39px !important;}.stk-a8b15ac-column{--stk-column-gap:var(--stk--preset--spacing--50, clamp(30px, 5vw, 50px)) !important;}<\/style><div class=\"stk-row stk-inner-blocks stk--block-align-a8b15ac stk-block-content stk-content-align stk-a8b15ac-column\">\n<div class=\"wp-block-stackable-column stk-block-column stk-column stk-block stk-3cbfc90\" data-v=\"4\" data-block-id=\"3cbfc90\"><div class=\"stk-column-wrapper stk-block-column__content stk-container stk-3cbfc90-container stk--no-background stk--no-padding\"><div class=\"stk-block-content stk-inner-blocks stk-3cbfc90-inner-blocks\">\n<div class=\"wp-block-stackable-image stk-block-image stk-block stk-219e0ea\" data-block-id=\"219e0ea\"><style>.stk-219e0ea {border-top-left-radius:25px !important;border-bottom-right-radius:25px !important;overflow:hidden !important;box-shadow:2px 2px 21px 0px #00000096 !important;}.stk-219e0ea .stk-img-wrapper{width:100% !important;height:950px !important;}@media screen and (max-width: 767px){.stk-219e0ea .stk-img-wrapper{height:400px !important;}}<\/style><figure><span class=\"stk-img-wrapper stk-image--shape-stretch\"><img loading=\"lazy\" decoding=\"async\" class=\"stk-img wp-image-422\" src=\"https:\/\/campingalizes.com\/wp-content\/uploads\/2026\/03\/saintjeandemonts-buzeliere-vtt-velo-gravel-vendee_st_jean_de_montscopysbourcier_2025_298_webformat.webp\" width=\"667\" height=\"1000\" alt=\"location longue dur\u00e9e pr\u00e8s des plages de saint jean de monts\" srcset=\"https:\/\/campingalizes.com\/wp-content\/uploads\/2026\/03\/saintjeandemonts-buzeliere-vtt-velo-gravel-vendee_st_jean_de_montscopysbourcier_2025_298_webformat.webp 667w, https:\/\/campingalizes.com\/wp-content\/uploads\/2026\/03\/saintjeandemonts-buzeliere-vtt-velo-gravel-vendee_st_jean_de_montscopysbourcier_2025_298_webformat-200x300.webp 200w, https:\/\/campingalizes.com\/wp-content\/uploads\/2026\/03\/saintjeandemonts-buzeliere-vtt-velo-gravel-vendee_st_jean_de_montscopysbourcier_2025_298_webformat-8x12.webp 8w, https:\/\/campingalizes.com\/wp-content\/uploads\/2026\/03\/saintjeandemonts-buzeliere-vtt-velo-gravel-vendee_st_jean_de_montscopysbourcier_2025_298_webformat-500x750.webp 500w\" sizes=\"auto, (max-width: 667px) 100vw, 667px\" \/><\/span><\/figure><\/div>\n<\/div><\/div><\/div>\n\n\n\n<div class=\"wp-block-stackable-column stk-block-column stk-column stk-block stk-233c298\" data-v=\"4\" data-block-id=\"233c298\"><div class=\"stk-column-wrapper stk-block-column__content stk-container stk-233c298-container stk--no-background stk--no-padding\"><div class=\"stk-block-content stk-inner-blocks stk-233c298-inner-blocks\">\n<div class=\"wp-block-stackable-heading stk-block-heading stk-block-heading--v2 stk-block stk-e4ae7f0\" id=\"pourquoi-acheter-un-mobil-home-en-vendee\" data-block-id=\"e4ae7f0\"><style>.stk-e4ae7f0 .stk-block-heading__text{font-size:3rem !important;}@media screen and (max-width: 1023px){.stk-e4ae7f0 .stk-block-heading__text{font-size:3rem !important;}}<\/style><h2 class=\"stk-block-heading__text\">Pourquoi acheter un mobil-home en Vend\u00e9e ?<\/h2><\/div>\n\n\n\n<div class=\"wp-block-stackable-text stk-block-text stk-block stk-4a05937\" data-block-id=\"4a05937\"><p class=\"stk-block-text__text\">La Vend\u00e9e s\u00e9duit par son littoral, son climat doux et son art de vivre. Acheter un mobil-home, c\u2019est choisir une r\u00e9sidence secondaire accessible, id\u00e9ale pour se retrouver en famille ou entre amis, au rythme des envies.<br><br>Au Camping Les Aliz\u00e9s, vous profitez d\u2019un environnement familial et chaleureux, \u00e0 proximit\u00e9 imm\u00e9diate des plages. Le camping est ouvert du 1er avril au 30 septembre, vous laissant une grande libert\u00e9 pour organiser vos s\u00e9jours, qu\u2019ils soient courts ou prolong\u00e9s.<br><br>Entre balades en bord de mer, activit\u00e9s sportives, moments de d\u00e9tente et d\u00e9couvertes locales, le mobil-home devient un v\u00e9ritable refuge pour se cr\u00e9er de beaux souvenir, ann\u00e9e apr\u00e8s ann\u00e9e.<\/p><\/div>\n\n\n\n<div class=\"wp-block-stackable-heading stk-block-heading stk-block-heading--v2 stk-block stk-1077665\" id=\"nos-mobil-homes-a-vendre-au-camping-les-alizes\" data-block-id=\"1077665\"><style>.stk-1077665 .stk-block-heading__text{font-size:3rem !important;}@media screen and (max-width: 1023px){.stk-1077665 .stk-block-heading__text{font-size:3rem !important;}}<\/style><h2 class=\"stk-block-heading__text\">Nos mobil-homes \u00e0 vendre au Camping Les Aliz\u00e9s<\/h2><\/div>\n\n\n\n<div class=\"wp-block-stackable-text stk-block-text stk-block stk-9141c53\" data-block-id=\"9141c53\"><p class=\"stk-block-text__text\">D\u00e9couvrez en d\u00e9tail le mobil-home actuellement disponible \u00e0 la vente. T\u00e9l\u00e9chargez notre fiche de pr\u00e9sentation pour d\u00e9couvrir ses atouts, son agencement et ses \u00e9quipements.<br><br>D\u00e9couvrez le mobil-home actuellement en vente<\/p><\/div>\n\n\n\n<div class=\"wp-block-stackable-text stk-block-text stk-block stk-6991899\" data-block-id=\"6991899\"><p class=\"stk-block-text__text\">Nous proposons une s\u00e9lection de mobil-homes \u00e0 vendre, install\u00e9s sur de belles parcelles de 100 \u00e0 140 m\u00b2, offrant confort et intimit\u00e9.<br><br>Selon vos pr\u00e9f\u00e9rences et votre budget, vous pouvez opter pour des mod\u00e8les neufs ou d\u2019occasion, soigneusement choisis pour leur qualit\u00e9 et leur durabilit\u00e9.<br><br>Nous travaillons avec des marques reconnues telles que IRM, O\u2019Hara, Rideau et Rapidhome, r\u00e9put\u00e9es pour leurs mobil-homes modernes, fonctionnels et adapt\u00e9s \u00e0 un usage de loisirs.<br><br>Que vous recherchiez un mobil-home spacieux pour accueillir toute la famille ou un mod\u00e8le plus compact et facile \u00e0 entretenir, notre \u00e9quipe est l\u00e0 pour vous guider.<\/p><\/div>\n<\/div><\/div><\/div>\n<\/div><\/div>\n\n\n\n<div class=\"wp-block-stackable-columns alignfull stk-block-columns stk-block stk-67ae59e stk-block-background\" data-block-id=\"67ae59e\"><style>.stk-67ae59e .stk--block-align-67ae59e{align-items:center !important;}.stk-67ae59e {background-color:var(--stk-global-color-88321, #6a7a6d) !important;border-top-left-radius:25px !important;border-top-right-radius:25px !important;border-bottom-right-radius:25px !important;border-bottom-left-radius:25px !important;overflow:hidden !important;padding-top:var(--stk--preset--spacing--50, clamp(30px, 5vw, 50px)) !important;padding-bottom:var(--stk--preset--spacing--50, clamp(30px, 5vw, 50px)) !important;margin-bottom:41px !important;}.stk-67ae59e:before{background-color:var(--stk-global-color-88321, #6a7a6d) !important;}.stk-67ae59e-column{max-width:1280px !important;min-width:auto !important;--stk-column-gap:var(--stk--preset--spacing--50, clamp(30px, 5vw, 50px)) !important;}<\/style><div class=\"stk-row stk-inner-blocks stk--block-align-67ae59e stk-block-content stk-content-align stk-67ae59e-column alignwide\">\n<div class=\"wp-block-stackable-column stk-block-column stk-column stk-block stk-5c777f6\" data-v=\"4\" data-block-id=\"5c777f6\"><div class=\"stk-column-wrapper stk-block-column__content stk-container stk-5c777f6-container stk--no-background stk--no-padding\"><div class=\"stk-block-content stk-inner-blocks stk-5c777f6-inner-blocks\">\n<div class=\"wp-block-stackable-heading stk-block-heading stk-block-heading--v2 stk-block stk-47f3096\" id=\"les-avantages-de-devenir-proprietaire-au-camping-les-alizes\" data-block-id=\"47f3096\"><style>.stk-47f3096 .stk-block-heading__text{font-size:3rem !important;color:#fffffe !important;}@media screen and (max-width: 1023px){.stk-47f3096 .stk-block-heading__text{font-size:3rem !important;}}<\/style><h2 class=\"stk-block-heading__text has-text-color\">Les avantages de devenir propri\u00e9taire au Camping Les Aliz\u00e9s<\/h2><\/div>\n\n\n\n<div class=\"wp-block-stackable-text stk-block-text stk-block stk-063825c\" data-block-id=\"063825c\"><style>.stk-063825c .stk-block-text__text{color:#fffffe !important;}<\/style><p class=\"stk-block-text__text has-text-color\">En devenant propri\u00e9taire dans notre camping 4 \u00e9toiles en Vend\u00e9e, vous profitez bien plus qu\u2019un simple h\u00e9bergement.<br><br>Vous b\u00e9n\u00e9ficiez d\u2019un emplacement privil\u00e9gi\u00e9, \u00e0 seulement 800 m\u00e8tres de la plage, ainsi que d\u2019un acc\u00e8s direct \u00e0 une piste cyclable longeant la c\u00f4te.<br>Notre camping met \u00e0 votre disposition de nombreuses infrastructures :<\/p><\/div>\n\n\n\n<div class=\"wp-block-stackable-icon-list stk-block-icon-list has-text-color stk-block stk-5158c20\" data-block-id=\"5158c20\"><style>.stk-5158c20 {--stk-icon-list-marker-color:var(--stk-global-color-48476, #b2a497) !important;--stk-icon-list-icon-size:6px !important;}.stk-5158c20 .stk-block-icon-list-item__content{align-items:baseline !important;}.stk-5158c20 ul li, .stk-5158c20 ol li, .stk-5158c20 ul li span, .stk-5158c20 ol li span{color:#fffffe !important;}<\/style><svg style=\"display:none\"><defs><g id=\"stk-icon-list__icon-svg-def-5158c20\"><svg xmlns=\"http:\/\/www.w3.org\/2000\/svg\" viewbox=\"0 0 512 512\"><path d=\"M256 512A256 256 0 1 0 256 0a256 256 0 1 0 0 512z\"\/><\/svg><\/g><\/defs><\/svg><ul class=\"stk-block-icon-list__ul stk-block-icon-list--column\">\n<li class=\"wp-block-stackable-icon-list-item stk-block-icon-list-item stk-block stk-0a66468\" data-block-id=\"0a66468\"><div class=\"stk-block-icon-list-item__content\"><span class=\"stk--svg-wrapper\"><div class=\"stk--inner-svg\"><svg aria-hidden=\"true\" width=\"32\" height=\"32\"><use xlink:href=\"#stk-icon-list__icon-svg-def-5158c20\"><\/use><\/svg><\/div><\/span><span class=\"stk-block-icon-list-item__text\">Une piscine int\u00e9rieure et ext\u00e9rieure, pour se d\u00e9tendre en toute saison ;<\/span><\/div><\/li>\n\n\n\n<li class=\"wp-block-stackable-icon-list-item stk-block-icon-list-item stk-block stk-e59a522\" data-block-id=\"e59a522\"><div class=\"stk-block-icon-list-item__content\"><span class=\"stk--svg-wrapper\"><div class=\"stk--inner-svg\"><svg aria-hidden=\"true\" width=\"32\" height=\"32\"><use xlink:href=\"#stk-icon-list__icon-svg-def-5158c20\"><\/use><\/svg><\/div><\/span><span class=\"stk-block-icon-list-item__text\">Un terrain multisports ;<\/span><\/div><\/li>\n\n\n\n<li class=\"wp-block-stackable-icon-list-item stk-block-icon-list-item stk-block stk-2c594b4\" data-block-id=\"2c594b4\"><div class=\"stk-block-icon-list-item__content\"><span class=\"stk--svg-wrapper\"><div class=\"stk--inner-svg\"><svg aria-hidden=\"true\" width=\"32\" height=\"32\"><use xlink:href=\"#stk-icon-list__icon-svg-def-5158c20\"><\/use><\/svg><\/div><\/span><span class=\"stk-block-icon-list-item__text\">Un terrain de p\u00e9tanque ;<\/span><\/div><\/li>\n\n\n\n<li class=\"wp-block-stackable-icon-list-item stk-block-icon-list-item stk-block stk-9e387d6\" data-block-id=\"9e387d6\"><div class=\"stk-block-icon-list-item__content\"><span class=\"stk--svg-wrapper\"><div class=\"stk--inner-svg\"><svg aria-hidden=\"true\" width=\"32\" height=\"32\"><use xlink:href=\"#stk-icon-list__icon-svg-def-5158c20\"><\/use><\/svg><\/div><\/span><span class=\"stk-block-icon-list-item__text\">Des espaces pens\u00e9s pour les familles et la convivialit\u00e9.<\/span><\/div><\/li>\n<\/ul><\/div>\n\n\n\n<div class=\"wp-block-stackable-text stk-block-text stk-block stk-9989f6f\" data-block-id=\"9989f6f\"><style>.stk-9989f6f .stk-block-text__text{color:#fffffe !important;}<\/style><p class=\"stk-block-text__text has-text-color\">Ainsi, vous acc\u00e9dez \u00e0 un v\u00e9ritable cadre de vie o\u00f9 nature, loisirs et d\u00e9tente se rencontrent pour rendre chaque s\u00e9jour unique.<\/p><\/div>\n\n\n\n<div class=\"wp-block-stackable-text stk-block-text stk-block stk-15d6666\" data-block-id=\"15d6666\"><style>.stk-15d6666 .stk-block-text__text{color:#fffffe !important;}<\/style><p class=\"stk-block-text__text has-text-color\">Retrouvez ici nos tarifs de location des emplacements \u00e0 l\u2019ann\u00e9e.<\/p><\/div>\n<\/div><\/div><\/div>\n\n\n\n<div class=\"wp-block-stackable-column stk-block-column stk-column stk-block stk-9e5bd61\" data-v=\"4\" data-block-id=\"9e5bd61\"><div class=\"stk-column-wrapper stk-block-column__content stk-container stk-9e5bd61-container stk--no-background stk--no-padding\"><div class=\"stk-block-content stk-inner-blocks stk-9e5bd61-inner-blocks\">\n<div class=\"wp-block-stackable-image stk-block-image has-text-align-right stk-block stk-d1ff07d\" data-block-id=\"d1ff07d\"><style>.stk-d1ff07d {margin-bottom:-71px !important;z-index:3 !important;}.stk-d1ff07d .stk-img-wrapper{width:354px !important;filter:drop-shadow(2px 0px 13px #000000a1) !important;}<\/style><figure><span class=\"stk-img-wrapper stk-image--shape-stretch stk--shadow-2px 0px 13px #000000a1\"><img loading=\"lazy\" decoding=\"async\" class=\"stk-img wp-image-141\" src=\"https:\/\/campingalizes.com\/wp-content\/uploads\/2026\/03\/graphic_elements.png\" width=\"354\" height=\"150\" alt=\"Seabird Vend\u00e9e coast\" srcset=\"https:\/\/campingalizes.com\/wp-content\/uploads\/2026\/03\/graphic_elements.png 354w, https:\/\/campingalizes.com\/wp-content\/uploads\/2026\/03\/graphic_elements-300x127.png 300w, https:\/\/campingalizes.com\/wp-content\/uploads\/2026\/03\/graphic_elements-18x8.png 18w\" sizes=\"auto, (max-width: 354px) 100vw, 354px\" \/><\/span><\/figure><\/div>\n\n\n\n<div class=\"wp-block-stackable-image stk-block-image stk-block stk-78bf8e5\" data-block-id=\"78bf8e5\"><style>.stk-78bf8e5 {border-top-left-radius:25px !important;border-bottom-right-radius:25px !important;overflow:hidden !important;box-shadow:2px 2px 21px 0px #00000096 !important;}.stk-78bf8e5 .stk-img-wrapper{width:100% !important;height:500px !important;}@media screen and (max-width: 767px){.stk-78bf8e5 .stk-img-wrapper{height:400px !important;}}<\/style><figure><span class=\"stk-img-wrapper stk-image--shape-stretch\"><img loading=\"lazy\" decoding=\"async\" class=\"stk-img wp-image-29939\" src=\"https:\/\/campingalizes.com\/wp-content\/uploads\/2026\/04\/terrasse_4_resultat.webp\" width=\"667\" height=\"1000\" alt=\"devenir propri\u00e9taire de mobil home en Vend\u00e9e\" srcset=\"https:\/\/campingalizes.com\/wp-content\/uploads\/2026\/04\/terrasse_4_resultat.webp 667w, https:\/\/campingalizes.com\/wp-content\/uploads\/2026\/04\/terrasse_4_resultat-200x300.webp 200w, https:\/\/campingalizes.com\/wp-content\/uploads\/2026\/04\/terrasse_4_resultat-8x12.webp 8w, https:\/\/campingalizes.com\/wp-content\/uploads\/2026\/04\/terrasse_4_resultat-500x750.webp 500w\" sizes=\"auto, (max-width: 667px) 100vw, 667px\" \/><\/span><\/figure><\/div>\n<\/div><\/div><\/div>\n<\/div><\/div>\n\n\n\n<div class=\"wp-block-stackable-columns stk-block-columns stk-block stk-873f4ed\" data-block-id=\"873f4ed\"><style>.stk-873f4ed .stk--block-align-873f4ed{align-items:center !important;}.stk-873f4ed {margin-bottom:61px !important;}.stk-873f4ed-column{--stk-column-gap:var(--stk--preset--spacing--50, clamp(30px, 5vw, 50px)) !important;}<\/style><div class=\"stk-row stk-inner-blocks stk--block-align-873f4ed stk-block-content stk-content-align stk-873f4ed-column\">\n<div class=\"wp-block-stackable-column stk-block-column stk-column stk-block stk-116a02a\" data-v=\"4\" data-block-id=\"116a02a\"><div class=\"stk-column-wrapper stk-block-column__content stk-container stk-116a02a-container stk--no-background stk--no-padding\"><div class=\"stk-block-content stk-inner-blocks stk-116a02a-inner-blocks\">\n<div class=\"wp-block-stackable-image stk-block-image stk-block stk-48ea44f\" data-block-id=\"48ea44f\"><style>.stk-48ea44f {border-top-left-radius:25px !important;border-bottom-right-radius:25px !important;overflow:hidden !important;box-shadow:2px 2px 21px 0px #00000096 !important;}.stk-48ea44f .stk-img-wrapper{width:100% !important;height:586px !important;}@media screen and (max-width: 767px){.stk-48ea44f .stk-img-wrapper{height:400px !important;}}<\/style><figure><span class=\"stk-img-wrapper stk-image--shape-stretch\"><img loading=\"lazy\" decoding=\"async\" class=\"stk-img wp-image-260\" src=\"https:\/\/campingalizes.com\/wp-content\/uploads\/2026\/03\/piscine_ext_8_webformat.webp\" width=\"1000\" height=\"667\" alt=\"achat mobil home camping avec piscine saint hilaire de riez\" srcset=\"https:\/\/campingalizes.com\/wp-content\/uploads\/2026\/03\/piscine_ext_8_webformat.webp 1000w, https:\/\/campingalizes.com\/wp-content\/uploads\/2026\/03\/piscine_ext_8_webformat-300x200.webp 300w, https:\/\/campingalizes.com\/wp-content\/uploads\/2026\/03\/piscine_ext_8_webformat-768x512.webp 768w, https:\/\/campingalizes.com\/wp-content\/uploads\/2026\/03\/piscine_ext_8_webformat-18x12.webp 18w, https:\/\/campingalizes.com\/wp-content\/uploads\/2026\/03\/piscine_ext_8_webformat-500x334.webp 500w, https:\/\/campingalizes.com\/wp-content\/uploads\/2026\/03\/piscine_ext_8_webformat-800x534.webp 800w\" sizes=\"auto, (max-width: 1000px) 100vw, 1000px\" \/><\/span><\/figure><\/div>\n<\/div><\/div><\/div>\n\n\n\n<div class=\"wp-block-stackable-column stk-block-column stk-column stk-block stk-4a24e91\" data-v=\"4\" data-block-id=\"4a24e91\"><div class=\"stk-column-wrapper stk-block-column__content stk-container stk-4a24e91-container stk--no-background stk--no-padding\"><div class=\"stk-block-content stk-inner-blocks stk-4a24e91-inner-blocks\">\n<div class=\"wp-block-stackable-heading stk-block-heading stk-block-heading--v2 stk-block stk-64b9fb5\" id=\"comment-acheter-votre-mobil-home\" data-block-id=\"64b9fb5\"><style>.stk-64b9fb5 .stk-block-heading__text{font-size:3rem !important;}@media screen and (max-width: 1023px){.stk-64b9fb5 .stk-block-heading__text{font-size:3rem !important;}}<\/style><h2 class=\"stk-block-heading__text\">Comment acheter votre mobil-home ?<\/h2><\/div>\n\n\n\n<div class=\"wp-block-stackable-text stk-block-text stk-block stk-3f0ed4b\" data-block-id=\"3f0ed4b\"><p class=\"stk-block-text__text\">Votre projet d\u2019achat de mobil-home en Vend\u00e9e commence simplement par un \u00e9change.<br><br>Vous pouvez nous contacter par t\u00e9l\u00e9phone au <a href=\"tel:0228114290\">+33 02 28 11 42 90<\/a> ou par mail \u00e0 <a href=\"mailto:contact@campingalizes.com\">contact@campingalizes.com<\/a>.<br><br>Nous vous accompagnons \u00e0 chaque \u00e9tape, avec des conseils personnalis\u00e9s et un devis adapt\u00e9 \u00e0 vos attentes, pour vous aider \u00e0 trouver le mobil-home qui vous correspond vraiment.<\/p><\/div>\n\n\n\n<div class=\"wp-block-stackable-heading stk-block-heading stk-block-heading--v2 stk-block stk-b2a059a\" id=\"decouvrez-aussi-la-location-de-loisir-longue-duree\" data-block-id=\"b2a059a\"><style>.stk-b2a059a .stk-block-heading__text{font-size:3rem !important;}@media screen and (max-width: 1023px){.stk-b2a059a .stk-block-heading__text{font-size:3rem !important;}}<\/style><h2 class=\"stk-block-heading__text\">D\u00e9couvrez aussi la location de loisir longue dur\u00e9e<\/h2><\/div>\n\n\n\n<div class=\"wp-block-stackable-text stk-block-text stk-block stk-7ff4db6\" data-block-id=\"7ff4db6\"><p class=\"stk-block-text__text\">Vous h\u00e9sitez encore entre l\u2019achat et la location ?<br><br>Le Camping Les Aliz\u00e9s propose \u00e9galement de la <a href=\"https:\/\/campingalizes.com\/en\/location-longue-duree-saint-hilaire-de-riez\/\" data-type=\"page\" data-id=\"478\">location longue dur\u00e9e<\/a> de mobil-home en Vend\u00e9e, une excellente alternative pour d\u00e9couvrir le camping et son ambiance avant de vous lancer.<\/p><\/div>\n<\/div><\/div><\/div>\n<\/div><\/div>","protected":false},"excerpt":{"rendered":"<p>Et si votre r\u00e9sidence secondaire se trouvait \u00e0 deux pas de l\u2019oc\u00e9an ? Au Camping Les Aliz\u00e9s, \u00e0 Saint-Hilaire-de-Riez, devenez propri\u00e9taire de votre mobil-home et profitez pleinement de la Vend\u00e9e, dans un cadre convivial et ressour\u00e7ant. Poss\u00e9der votre propre mobil-home, c\u2019est s\u2019offrir un lieu de vacances rien qu\u2019\u00e0 vous, sans les contraintes d\u2019un investissement immobilier [&hellip;]<\/p>\n","protected":false},"author":1,"featured_media":0,"parent":0,"menu_order":0,"comment_status":"closed","ping_status":"closed","template":"","meta":{"_acf_changed":false,"_seopress_robots_primary_cat":"","_seopress_titles_title":"Devenir propri\u00e9taire mobil\u2011home \u2013 Vend\u00e9e","_seopress_titles_desc":"Informations pour devenir propri\u00e9taire de mobil\u2011home \u00e0 Saint\u2011Hilaire\u2011de\u2011Riez en Vend\u00e9e, proche plage et nature.","_seopress_robots_index":"","_vp_format_video_url":"","_vp_image_focal_point":[],"footnotes":""},"class_list":["post-487","page","type-page","status-publish","hentry"],"acf":[],"_links":{"self":[{"href":"https:\/\/campingalizes.com\/en\/wp-json\/wp\/v2\/pages\/487","targetHints":{"allow":["GET"]}}],"collection":[{"href":"https:\/\/campingalizes.com\/en\/wp-json\/wp\/v2\/pages"}],"about":[{"href":"https:\/\/campingalizes.com\/en\/wp-json\/wp\/v2\/types\/page"}],"author":[{"embeddable":true,"href":"https:\/\/campingalizes.com\/en\/wp-json\/wp\/v2\/users\/1"}],"replies":[{"embeddable":true,"href":"https:\/\/campingalizes.com\/en\/wp-json\/wp\/v2\/comments?post=487"}],"version-history":[{"count":7,"href":"https:\/\/campingalizes.com\/en\/wp-json\/wp\/v2\/pages\/487\/revisions"}],"predecessor-version":[{"id":29940,"href":"https:\/\/campingalizes.com\/en\/wp-json\/wp\/v2\/pages\/487\/revisions\/29940"}],"wp:attachment":[{"href":"https:\/\/campingalizes.com\/en\/wp-json\/wp\/v2\/media?parent=487"}],"curies":[{"name":"wp","href":"https:\/\/api.w.org\/{rel}","templated":true}]}}