{"id":496,"date":"2026-03-12T10:57:49","date_gmt":"2026-03-12T09:57:49","guid":{"rendered":"https:\/\/campingalizes.com\/?page_id=496"},"modified":"2026-04-16T12:09:31","modified_gmt":"2026-04-16T10:09:31","slug":"water-parks-vendee","status":"publish","type":"page","link":"https:\/\/campingalizes.com\/en\/cote-loisirs-et-excursions\/parcs-aquatiques-vendee\/","title":{"rendered":"Water parks: fun moments just a stone's throw from the campsite"},"content":{"rendered":"<div class=\"wp-block-stackable-text stk-block-text stk-block stk-14e94ec\" data-block-id=\"14e94ec\"><style>.stk-14e94ec .stk-block-text__text{font-size:1rem !important;font-family:\"Sintony\", Sans-serif !important;}@media screen and (max-width: 1023px){.stk-14e94ec .stk-block-text__text{font-size:1rem !important;}}<\/style><p class=\"stk-block-text__text has-text-align-center translation-block\">It's 10 am, the sun is beginning to warm gently, towels are under the arm, and the excitement is already there. Today, we're heading to the water park.\n\nFrom Camping Les Aliz\u00e9s in Saint-Hilaire-de-Riez, it only takes a few minutes' walk to reach Atlantic Toboggan, one of the favourite spots for families in the Vend\u00e9e.\n\nThis water park opens its doors to you for unforgettable moments, with giant slides, swimming pools, and relaxation areas. It's the perfect activity to complete your seaside holiday and delight both young and old.<\/p><\/div>\n\n\n\n<div class=\"wp-block-stackable-columns stk-block-columns stk-block stk-a8b15ac\" data-block-id=\"a8b15ac\"><style>.stk-a8b15ac .stk--block-align-a8b15ac{align-items:center !important;}.stk-a8b15ac {margin-bottom:39px !important;}.stk-a8b15ac-column{--stk-column-gap:var(--stk--preset--spacing--50, clamp(30px, 5vw, 50px)) !important;}<\/style><div class=\"stk-row stk-inner-blocks stk--block-align-a8b15ac stk-block-content stk-content-align stk-a8b15ac-column\">\n<div class=\"wp-block-stackable-column stk-block-column stk-column stk-block stk-3cbfc90\" data-v=\"4\" data-block-id=\"3cbfc90\"><div class=\"stk-column-wrapper stk-block-column__content stk-container stk-3cbfc90-container stk--no-background stk--no-padding\"><div class=\"stk-block-content stk-inner-blocks stk-3cbfc90-inner-blocks\">\n<div class=\"wp-block-stackable-image stk-block-image stk-block stk-219e0ea\" data-block-id=\"219e0ea\"><style>.stk-219e0ea {border-top-left-radius:25px !important;border-bottom-right-radius:25px !important;overflow:hidden !important;box-shadow:2px 2px 21px 0px #00000096 !important;}.stk-219e0ea .stk-img-wrapper{width:100% !important;height:400px !important;}.stk-219e0ea .stk-img-wrapper img{object-position:77% 72% !important;}<\/style><figure><span class=\"stk-img-wrapper stk-image--shape-stretch\"><img loading=\"lazy\" decoding=\"async\" class=\"stk-img wp-image-499\" src=\"https:\/\/campingalizes.com\/wp-content\/uploads\/2026\/03\/img_0043.jpg\" width=\"1900\" height=\"500\" alt=\"Atlantic toboggans near Vend\u00e9e campsite\" srcset=\"https:\/\/campingalizes.com\/wp-content\/uploads\/2026\/03\/img_0043.jpg 1900w, https:\/\/campingalizes.com\/wp-content\/uploads\/2026\/03\/img_0043-300x79.jpg 300w, https:\/\/campingalizes.com\/wp-content\/uploads\/2026\/03\/img_0043-1024x269.jpg 1024w, https:\/\/campingalizes.com\/wp-content\/uploads\/2026\/03\/img_0043-768x202.jpg 768w, https:\/\/campingalizes.com\/wp-content\/uploads\/2026\/03\/img_0043-1536x404.jpg 1536w, https:\/\/campingalizes.com\/wp-content\/uploads\/2026\/03\/img_0043-18x5.jpg 18w, https:\/\/campingalizes.com\/wp-content\/uploads\/2026\/03\/img_0043-500x132.jpg 500w, https:\/\/campingalizes.com\/wp-content\/uploads\/2026\/03\/img_0043-800x211.jpg 800w, https:\/\/campingalizes.com\/wp-content\/uploads\/2026\/03\/img_0043-1280x337.jpg 1280w\" sizes=\"auto, (max-width: 1900px) 100vw, 1900px\" \/><\/span><\/figure><\/div>\n<\/div><\/div><\/div>\n\n\n\n<div class=\"wp-block-stackable-column stk-block-column stk-column stk-block stk-233c298\" data-v=\"4\" data-block-id=\"233c298\"><div class=\"stk-column-wrapper stk-block-column__content stk-container stk-233c298-container stk--no-background stk--no-padding\"><div class=\"stk-block-content stk-inner-blocks stk-233c298-inner-blocks\">\n<div class=\"wp-block-stackable-heading stk-block-heading stk-block-heading--v2 stk-block stk-e4ae7f0\" id=\"atlantic-toboggan-le-paradis-des-amateurs-de-glisse\" data-block-id=\"e4ae7f0\"><style>.stk-e4ae7f0 .stk-block-heading__text{font-size:3rem !important;}@media screen and (max-width: 1023px){.stk-e4ae7f0 .stk-block-heading__text{font-size:3rem !important;}}<\/style><h2 class=\"stk-block-heading__text\">Atlantic Toboggan, the paradise for sliding enthusiasts<\/h2><\/div>\n\n\n\n<div class=\"wp-block-stackable-text stk-block-text stk-block stk-4a8c7cd\" data-block-id=\"4a8c7cd\"><p class=\"stk-block-text__text translation-block\">A true benchmark in Vend\u00e9e, Atlantic Toboggan offers a wide range of attractions suitable for all ages.<br><br>You'll find large thrilling slides for adrenaline junkies, gentler slides for younger children, wave pools, raft rivers, and areas specifically designed for children.<br><br>Everyone can go at their own pace, according to their desires, in a friendly and safe atmosphere. Whether you're sporty, playful, or simply looking to relax, you're sure to find something to enjoy.<\/p><\/div>\n<\/div><\/div><\/div>\n<\/div><\/div>\n\n\n\n<div class=\"wp-block-stackable-columns alignfull stk-block-columns stk-block stk-67ae59e stk-block-background\" data-block-id=\"67ae59e\"><style>.stk-67ae59e .stk--block-align-67ae59e{align-items:center !important;}.stk-67ae59e {background-color:var(--stk-global-color-88321, #6a7a6d) !important;border-top-left-radius:25px !important;border-top-right-radius:25px !important;border-bottom-right-radius:0px !important;border-bottom-left-radius:0px !important;overflow:hidden !important;padding-top:var(--stk--preset--spacing--50, clamp(30px, 5vw, 50px)) !important;padding-bottom:var(--stk--preset--spacing--50, clamp(30px, 5vw, 50px)) !important;margin-bottom:40px !important;}.stk-67ae59e:before{background-color:var(--stk-global-color-88321, #6a7a6d) !important;}.stk-67ae59e-column{max-width:1280px !important;min-width:auto !important;--stk-column-gap:var(--stk--preset--spacing--50, clamp(30px, 5vw, 50px)) !important;}<\/style><div class=\"stk-row stk-inner-blocks stk--block-align-67ae59e stk-block-content stk-content-align stk-67ae59e-column alignwide\">\n<div class=\"wp-block-stackable-column stk-block-column stk-column stk-block stk-5c777f6\" data-v=\"4\" data-block-id=\"5c777f6\"><div class=\"stk-column-wrapper stk-block-column__content stk-container stk-5c777f6-container stk--no-background stk--no-padding\"><div class=\"stk-block-content stk-inner-blocks stk-5c777f6-inner-blocks\">\n<div class=\"wp-block-stackable-heading stk-block-heading stk-block-heading--v2 stk-block stk-47f3096\" id=\"des-tarifs-preferentiels-pour-nos-vacanciers\" data-block-id=\"47f3096\"><style>.stk-47f3096 .stk-block-heading__text{font-size:3rem !important;color:#fffffe !important;}@media screen and (max-width: 1023px){.stk-47f3096 .stk-block-heading__text{font-size:3rem !important;}}<\/style><h2 class=\"stk-block-heading__text has-text-color\">Preferential rates for our holidaymakers<\/h2><\/div>\n\n\n\n<div class=\"wp-block-stackable-text stk-block-text stk-block stk-86ca6a6\" data-block-id=\"86ca6a6\"><style>.stk-86ca6a6 .stk-block-text__text{color:#fffffe !important;}<\/style><p class=\"stk-block-text__text has-text-color\">By choosing Camping Les Aliz\u00e9s, you will benefit from preferential rates for access to Atlantic Toboggan.<br><br>This is a real bonus for your holiday budget, allowing you to fully enjoy the water park while keeping a close eye on your spending. Our team at reception will simply explain how to make the most of it.<br><br>You will also find these benefits, as well as our other partnerships, in our \u00abNews \/ Promotions\u00bb section.<\/p><\/div>\n\n\n\n<div class=\"wp-block-stackable-heading stk-block-heading stk-block-heading--v2 stk-block stk-2f0e536\" id=\"une-activite-ideale-pour-toute-la-famille\" data-block-id=\"2f0e536\"><style>.stk-2f0e536 .stk-block-heading__text{font-size:3rem !important;color:#fffffe !important;}@media screen and (max-width: 1023px){.stk-2f0e536 .stk-block-heading__text{font-size:3rem !important;}}<\/style><h2 class=\"stk-block-heading__text has-text-color\">An ideal activity for the whole family<\/h2><\/div>\n\n\n\n<div class=\"wp-block-stackable-text stk-block-text stk-block stk-2c1696e\" data-block-id=\"2c1696e\"><style>.stk-2c1696e .stk-block-text__text{color:#fffffe !important;}<\/style><p class=\"stk-block-text__text has-text-color translation-block\">Water parks are among holidaymakers' favourite activities, and it's no coincidence.<br><br>At Atlantic Toboggan, there's something for everyone: children have fun in the paddling pools, teenagers go down the slides one after another, while parents alternate between relaxing and sliding.<br><br>These shared moments create strong memories, often among the most memorable of a holiday.<\/p><\/div>\n<\/div><\/div><\/div>\n\n\n\n<div class=\"wp-block-stackable-column stk-block-column stk-column stk-block stk-9e5bd61\" data-v=\"4\" data-block-id=\"9e5bd61\"><div class=\"stk-column-wrapper stk-block-column__content stk-container stk-9e5bd61-container stk--no-background stk--no-padding\"><div class=\"stk-block-content stk-inner-blocks stk-9e5bd61-inner-blocks\">\n<div class=\"wp-block-stackable-image stk-block-image has-text-align-right stk-block stk-d1ff07d\" data-block-id=\"d1ff07d\"><style>.stk-d1ff07d {margin-bottom:-71px !important;z-index:3 !important;}.stk-d1ff07d .stk-img-wrapper{width:354px !important;filter:drop-shadow(2px 0px 13px #000000a1) !important;}<\/style><figure><span class=\"stk-img-wrapper stk-image--shape-stretch stk--shadow-2px 0px 13px #000000a1\"><img loading=\"lazy\" decoding=\"async\" class=\"stk-img wp-image-141\" src=\"https:\/\/campingalizes.com\/wp-content\/uploads\/2026\/03\/graphic_elements.png\" width=\"354\" height=\"150\" alt=\"Seabird Vend\u00e9e coast\" srcset=\"https:\/\/campingalizes.com\/wp-content\/uploads\/2026\/03\/graphic_elements.png 354w, https:\/\/campingalizes.com\/wp-content\/uploads\/2026\/03\/graphic_elements-300x127.png 300w, https:\/\/campingalizes.com\/wp-content\/uploads\/2026\/03\/graphic_elements-18x8.png 18w\" sizes=\"auto, (max-width: 354px) 100vw, 354px\" \/><\/span><\/figure><\/div>\n\n\n\n<div class=\"wp-block-stackable-image stk-block-image stk-block stk-78bf8e5 stk-block-background stk--has-background-overlay\" data-block-id=\"78bf8e5\"><style>.stk-78bf8e5 {background-image:url(https:\/\/campingalizes.com\/wp-content\/uploads\/2026\/03\/pataukids-atlantic-toboggan.jpg) !important;border-top-left-radius:25px !important;border-bottom-right-radius:25px !important;overflow:hidden !important;box-shadow:2px 2px 21px 0px #00000096 !important;}.stk-78bf8e5 .stk-img-wrapper{width:100% !important;height:400px !important;}.stk-78bf8e5 .stk-img-wrapper img{object-position:44% 77% !important;}<\/style><style class=\"stk-custom-css\">.stk-78bf8e5.stk-block-image img{visibility:hidden !important}<\/style><figure><span class=\"stk-img-wrapper stk-image--shape-stretch\"><img loading=\"lazy\" decoding=\"async\" class=\"stk-img wp-image-500\" src=\"https:\/\/campingalizes.com\/wp-content\/uploads\/2026\/03\/pataukids-atlantic-toboggan.jpg\" width=\"1920\" height=\"434\" alt=\"Atlantic toboggans near Vend\u00e9e campsite\" srcset=\"https:\/\/campingalizes.com\/wp-content\/uploads\/2026\/03\/pataukids-atlantic-toboggan.jpg 1920w, https:\/\/campingalizes.com\/wp-content\/uploads\/2026\/03\/pataukids-atlantic-toboggan-300x68.jpg 300w, https:\/\/campingalizes.com\/wp-content\/uploads\/2026\/03\/pataukids-atlantic-toboggan-1024x231.jpg 1024w, https:\/\/campingalizes.com\/wp-content\/uploads\/2026\/03\/pataukids-atlantic-toboggan-768x174.jpg 768w, https:\/\/campingalizes.com\/wp-content\/uploads\/2026\/03\/pataukids-atlantic-toboggan-1536x347.jpg 1536w, https:\/\/campingalizes.com\/wp-content\/uploads\/2026\/03\/pataukids-atlantic-toboggan-18x4.jpg 18w, https:\/\/campingalizes.com\/wp-content\/uploads\/2026\/03\/pataukids-atlantic-toboggan-500x113.jpg 500w, https:\/\/campingalizes.com\/wp-content\/uploads\/2026\/03\/pataukids-atlantic-toboggan-800x181.jpg 800w, https:\/\/campingalizes.com\/wp-content\/uploads\/2026\/03\/pataukids-atlantic-toboggan-1280x289.jpg 1280w\" sizes=\"auto, (max-width: 1920px) 100vw, 1920px\" \/><\/span><\/figure><\/div>\n<\/div><\/div><\/div>\n<\/div><\/div>\n\n\n\n<div class=\"wp-block-stackable-columns stk-block-columns stk-block stk-54074ad\" data-block-id=\"54074ad\"><style>.stk-54074ad .stk--block-align-54074ad{align-items:center !important;}.stk-54074ad {margin-bottom:39px !important;}.stk-54074ad-column{--stk-column-gap:var(--stk--preset--spacing--50, clamp(30px, 5vw, 50px)) !important;}<\/style><div class=\"stk-row stk-inner-blocks stk--block-align-54074ad stk-block-content stk-content-align stk-54074ad-column\">\n<div class=\"wp-block-stackable-column stk-block-column stk-column stk-block stk-ebc6a05\" data-v=\"4\" data-block-id=\"ebc6a05\"><div class=\"stk-column-wrapper stk-block-column__content stk-container stk-ebc6a05-container stk--no-background stk--no-padding\"><div class=\"stk-block-content stk-inner-blocks stk-ebc6a05-inner-blocks\">\n<div class=\"wp-block-stackable-image stk-block-image stk-block stk-eaec79c stk-block-background stk--has-background-overlay\" data-block-id=\"eaec79c\"><style>.stk-eaec79c {background-image:url(https:\/\/campingalizes.com\/wp-content\/uploads\/2026\/03\/spaceboat-atlantic-toboggan.jpg) !important;border-top-left-radius:25px !important;border-bottom-right-radius:25px !important;overflow:hidden !important;box-shadow:2px 2px 21px 0px #00000096 !important;}.stk-eaec79c .stk-img-wrapper{width:100% !important;height:400px !important;}.stk-eaec79c .stk-img-wrapper img{object-position:41% 56.00000000000001% !important;}<\/style><style class=\"stk-custom-css\">.stk-eaec79c.stk-block-image img{visibility:hidden !important}<\/style><figure><span class=\"stk-img-wrapper stk-image--shape-stretch\"><img loading=\"lazy\" decoding=\"async\" class=\"stk-img wp-image-501\" src=\"https:\/\/campingalizes.com\/wp-content\/uploads\/2026\/03\/spaceboat-atlantic-toboggan.jpg\" width=\"1920\" height=\"434\" alt=\"Atlantic toboggans near Vend\u00e9e campsite\" srcset=\"https:\/\/campingalizes.com\/wp-content\/uploads\/2026\/03\/spaceboat-atlantic-toboggan.jpg 1920w, https:\/\/campingalizes.com\/wp-content\/uploads\/2026\/03\/spaceboat-atlantic-toboggan-300x68.jpg 300w, https:\/\/campingalizes.com\/wp-content\/uploads\/2026\/03\/spaceboat-atlantic-toboggan-1024x231.jpg 1024w, https:\/\/campingalizes.com\/wp-content\/uploads\/2026\/03\/spaceboat-atlantic-toboggan-768x174.jpg 768w, https:\/\/campingalizes.com\/wp-content\/uploads\/2026\/03\/spaceboat-atlantic-toboggan-1536x347.jpg 1536w, https:\/\/campingalizes.com\/wp-content\/uploads\/2026\/03\/spaceboat-atlantic-toboggan-18x4.jpg 18w, https:\/\/campingalizes.com\/wp-content\/uploads\/2026\/03\/spaceboat-atlantic-toboggan-500x113.jpg 500w, https:\/\/campingalizes.com\/wp-content\/uploads\/2026\/03\/spaceboat-atlantic-toboggan-800x181.jpg 800w, https:\/\/campingalizes.com\/wp-content\/uploads\/2026\/03\/spaceboat-atlantic-toboggan-1280x289.jpg 1280w\" sizes=\"auto, (max-width: 1920px) 100vw, 1920px\" \/><\/span><\/figure><\/div>\n<\/div><\/div><\/div>\n\n\n\n<div class=\"wp-block-stackable-column stk-block-column stk-column stk-block stk-60296a1\" data-v=\"4\" data-block-id=\"60296a1\"><div class=\"stk-column-wrapper stk-block-column__content stk-container stk-60296a1-container stk--no-background stk--no-padding\"><div class=\"stk-block-content stk-inner-blocks stk-60296a1-inner-blocks\">\n<div class=\"wp-block-stackable-heading stk-block-heading stk-block-heading--v2 stk-block stk-1cda852\" id=\"alterner-detente-plage-et-sensations-fortes\" data-block-id=\"1cda852\"><style>.stk-1cda852 .stk-block-heading__text{font-size:3rem !important;}@media screen and (max-width: 1023px){.stk-1cda852 .stk-block-heading__text{font-size:3rem !important;}}<\/style><h2 class=\"stk-block-heading__text\">A mix of relaxation, beaches and thrills<\/h2><\/div>\n\n\n\n<div class=\"wp-block-stackable-text stk-block-text stk-block stk-d265230\" data-block-id=\"d265230\"><p class=\"stk-block-text__text translation-block\">Thanks to the campsite's location, you can easily enjoy a variety of activities during your stay.\n\nA day at the beach, another at the water park, a morning by the pool, an evening quiz at the snack bar\u2026 everything is here to create a balanced holiday between relaxation and activities.\n\nEveryone can therefore enjoy their stay at their own pace, without ever getting bored.<\/p><\/div>\n\n\n\n<div class=\"wp-block-stackable-heading stk-block-heading stk-block-heading--v2 stk-block stk-0725f7b\" id=\"conseils-pratiques-pour-bien-organiser-votre-visite\" data-block-id=\"0725f7b\"><style>.stk-0725f7b .stk-block-heading__text{font-size:3rem !important;}@media screen and (max-width: 1023px){.stk-0725f7b .stk-block-heading__text{font-size:3rem !important;}}<\/style><h2 class=\"stk-block-heading__text\">Practical tips for organising your visit<\/h2><\/div>\n\n\n\n<div class=\"wp-block-stackable-text stk-block-text stk-block stk-e0f98f5\" data-block-id=\"e0f98f5\"><p class=\"stk-block-text__text\">To make the most of your day at the water park, consider arriving early to avoid the crowds, bringing sunscreen and a hat, and staying well hydrated.<br><br>During the summer months, opting for the quieter times also allows you to make the most of the attractions.<br><br>The campsite team is on hand to advise you according to your period of stay.<\/p><\/div>\n<\/div><\/div><\/div>\n<\/div><\/div>\n\n\n\n<div class=\"wp-block-stackable-columns alignfull stk-block-columns stk-block stk-4528a16 stk-block-background\" data-block-id=\"4528a16\"><style>.stk-4528a16 .stk--block-align-4528a16{align-items:center !important;}.stk-4528a16 {background-color:var(--stk-global-color-88321, #6a7a6d) !important;border-top-left-radius:25px !important;border-top-right-radius:25px !important;border-bottom-right-radius:0px !important;border-bottom-left-radius:0px !important;overflow:hidden !important;padding-top:var(--stk--preset--spacing--50, clamp(30px, 5vw, 50px)) !important;padding-bottom:var(--stk--preset--spacing--50, clamp(30px, 5vw, 50px)) !important;margin-bottom:0px !important;}.stk-4528a16:before{background-color:var(--stk-global-color-88321, #6a7a6d) !important;}.stk-4528a16-column{max-width:1280px !important;min-width:auto !important;--stk-column-gap:var(--stk--preset--spacing--50, clamp(30px, 5vw, 50px)) !important;}<\/style><div class=\"stk-row stk-inner-blocks stk--block-align-4528a16 stk-block-content stk-content-align stk-4528a16-column alignwide\">\n<div class=\"wp-block-stackable-column stk-block-column stk-column stk-block stk-5e0557e\" data-v=\"4\" data-block-id=\"5e0557e\"><div class=\"stk-column-wrapper stk-block-column__content stk-container stk-5e0557e-container stk--no-background stk--no-padding\"><div class=\"stk-block-content stk-inner-blocks stk-5e0557e-inner-blocks\">\n<div class=\"wp-block-stackable-heading stk-block-heading stk-block-heading--v2 stk-block stk-43e0359\" id=\"les-parcs-aquatiques-un-incontournable-de-vos-vacances-en-vendee\" data-block-id=\"43e0359\"><style>.stk-43e0359 .stk-block-heading__text{font-size:3rem !important;color:#fffffe !important;}@media screen and (max-width: 1023px){.stk-43e0359 .stk-block-heading__text{font-size:3rem !important;}}<\/style><h2 class=\"stk-block-heading__text has-text-color\">Water parks, a must-have for your holidays in Vend\u00e9e<\/h2><\/div>\n\n\n\n<div class=\"wp-block-stackable-text stk-block-text stk-block stk-eceb0e5\" data-block-id=\"eceb0e5\"><style>.stk-eceb0e5 .stk-block-text__text{color:#fffffe !important;}<\/style><p class=\"stk-block-text__text has-text-color translation-block\">Staying at Camping Les Aliz\u00e9s means choosing an ideal setting for enjoying the region's aquatic leisure activities to the full, with Atlantic Toboggan just a stone's throw away and exclusive benefits for our holidaymakers.\n\nWith thrills, family moments, and the comfort of the campsite, everything is in place to make your holiday a concentration of pleasure and relaxation.\n\nAn experience to have at least once... and one that many want to repeat every summer.<\/p><\/div>\n<\/div><\/div><\/div>\n\n\n\n<div class=\"wp-block-stackable-column stk-block-column stk-column stk-block stk-34a313b\" data-v=\"4\" data-block-id=\"34a313b\"><div class=\"stk-column-wrapper stk-block-column__content stk-container stk-34a313b-container stk--no-background stk--no-padding\"><div class=\"stk-block-content stk-inner-blocks stk-34a313b-inner-blocks\">\n<div class=\"wp-block-stackable-image stk-block-image has-text-align-right stk-block stk-3bef6e1\" data-block-id=\"3bef6e1\"><style>.stk-3bef6e1 {margin-bottom:-71px !important;z-index:3 !important;}.stk-3bef6e1 .stk-img-wrapper{width:354px !important;filter:drop-shadow(2px 0px 13px #000000a1) !important;}<\/style><figure><span class=\"stk-img-wrapper stk-image--shape-stretch stk--shadow-2px 0px 13px #000000a1\"><img loading=\"lazy\" decoding=\"async\" class=\"stk-img wp-image-141\" src=\"https:\/\/campingalizes.com\/wp-content\/uploads\/2026\/03\/graphic_elements.png\" width=\"354\" height=\"150\" alt=\"Seabird Vend\u00e9e coast\" srcset=\"https:\/\/campingalizes.com\/wp-content\/uploads\/2026\/03\/graphic_elements.png 354w, https:\/\/campingalizes.com\/wp-content\/uploads\/2026\/03\/graphic_elements-300x127.png 300w, https:\/\/campingalizes.com\/wp-content\/uploads\/2026\/03\/graphic_elements-18x8.png 18w\" sizes=\"auto, (max-width: 354px) 100vw, 354px\" \/><\/span><\/figure><\/div>\n\n\n\n<div class=\"wp-block-stackable-image stk-block-image stk-block stk-39ab3ac stk-block-background stk--has-background-overlay\" data-block-id=\"39ab3ac\"><style>.stk-39ab3ac {background-image:url(https:\/\/campingalizes.com\/wp-content\/uploads\/2026\/03\/dedalo-kids-atlantic-toboggan.jpg) !important;border-top-left-radius:25px !important;border-bottom-right-radius:25px !important;overflow:hidden !important;box-shadow:2px 2px 21px 0px #00000096 !important;}.stk-39ab3ac .stk-img-wrapper{width:100% !important;height:211px !important;}.stk-39ab3ac .stk-img-wrapper img{object-position:68% 44% !important;}<\/style><style class=\"stk-custom-css\">.stk-39ab3ac.stk-block-image img{visibility:hidden !important}<\/style><figure><span class=\"stk-img-wrapper stk-image--shape-stretch\"><img loading=\"lazy\" decoding=\"async\" class=\"stk-img wp-image-502\" src=\"https:\/\/campingalizes.com\/wp-content\/uploads\/2026\/03\/dedalo-kids-atlantic-toboggan.jpg\" width=\"1920\" height=\"434\" alt=\"Atlantic toboggans near Vend\u00e9e campsite\" srcset=\"https:\/\/campingalizes.com\/wp-content\/uploads\/2026\/03\/dedalo-kids-atlantic-toboggan.jpg 1920w, https:\/\/campingalizes.com\/wp-content\/uploads\/2026\/03\/dedalo-kids-atlantic-toboggan-300x68.jpg 300w, https:\/\/campingalizes.com\/wp-content\/uploads\/2026\/03\/dedalo-kids-atlantic-toboggan-1024x231.jpg 1024w, https:\/\/campingalizes.com\/wp-content\/uploads\/2026\/03\/dedalo-kids-atlantic-toboggan-768x174.jpg 768w, https:\/\/campingalizes.com\/wp-content\/uploads\/2026\/03\/dedalo-kids-atlantic-toboggan-1536x347.jpg 1536w, https:\/\/campingalizes.com\/wp-content\/uploads\/2026\/03\/dedalo-kids-atlantic-toboggan-18x4.jpg 18w, https:\/\/campingalizes.com\/wp-content\/uploads\/2026\/03\/dedalo-kids-atlantic-toboggan-500x113.jpg 500w, https:\/\/campingalizes.com\/wp-content\/uploads\/2026\/03\/dedalo-kids-atlantic-toboggan-800x181.jpg 800w, https:\/\/campingalizes.com\/wp-content\/uploads\/2026\/03\/dedalo-kids-atlantic-toboggan-1280x289.jpg 1280w\" sizes=\"auto, (max-width: 1920px) 100vw, 1920px\" \/><\/span><\/figure><\/div>\n<\/div><\/div><\/div>\n<\/div><\/div>","protected":false},"excerpt":{"rendered":"<p>Il est 10h, le soleil commence \u00e0 chauffer doucement, les serviettes sont sous le bras, et l\u2019excitation est d\u00e9j\u00e0 l\u00e0. Aujourd\u2019hui, direction le parc aquatique. Depuis le Camping Les Aliz\u00e9s \u00e0 Saint-Hilaire-de-Riez, il vous suffit de quelques minutes \u00e0 pied pour rejoindre Atlantic Toboggan, l\u2019un des spots pr\u00e9f\u00e9r\u00e9s des familles en Vend\u00e9e. Ce parc aquatique [&hellip;]<\/p>\n","protected":false},"author":1,"featured_media":0,"parent":543,"menu_order":0,"comment_status":"closed","ping_status":"closed","template":"","meta":{"_acf_changed":false,"_seopress_robots_primary_cat":"","_seopress_titles_title":"Parcs aquatiques proches \u2013 Fun en Vend\u00e9e","_seopress_titles_desc":"D\u00e9couvrez les meilleurs parcs aquatiques proches de Saint\u2011Hilaire\u2011de\u2011Riez pour des vacances familiales en Vend\u00e9e","_seopress_robots_index":"","_vp_format_video_url":"","_vp_image_focal_point":[],"footnotes":""},"class_list":["post-496","page","type-page","status-publish","hentry"],"acf":[],"_links":{"self":[{"href":"https:\/\/campingalizes.com\/en\/wp-json\/wp\/v2\/pages\/496","targetHints":{"allow":["GET"]}}],"collection":[{"href":"https:\/\/campingalizes.com\/en\/wp-json\/wp\/v2\/pages"}],"about":[{"href":"https:\/\/campingalizes.com\/en\/wp-json\/wp\/v2\/types\/page"}],"author":[{"embeddable":true,"href":"https:\/\/campingalizes.com\/en\/wp-json\/wp\/v2\/users\/1"}],"replies":[{"embeddable":true,"href":"https:\/\/campingalizes.com\/en\/wp-json\/wp\/v2\/comments?post=496"}],"version-history":[{"count":4,"href":"https:\/\/campingalizes.com\/en\/wp-json\/wp\/v2\/pages\/496\/revisions"}],"predecessor-version":[{"id":21155,"href":"https:\/\/campingalizes.com\/en\/wp-json\/wp\/v2\/pages\/496\/revisions\/21155"}],"up":[{"embeddable":true,"href":"https:\/\/campingalizes.com\/en\/wp-json\/wp\/v2\/pages\/543"}],"wp:attachment":[{"href":"https:\/\/campingalizes.com\/en\/wp-json\/wp\/v2\/media?parent=496"}],"curies":[{"name":"wp","href":"https:\/\/api.w.org\/{rel}","templated":true}]}}