{"id":543,"date":"2026-03-12T12:12:37","date_gmt":"2026-03-12T11:12:37","guid":{"rendered":"https:\/\/campingalizes.com\/?page_id=543"},"modified":"2026-04-17T12:14:21","modified_gmt":"2026-04-17T10:14:21","slug":"leisure-and-excursion-costs","status":"publish","type":"page","link":"https:\/\/campingalizes.com\/en\/cote-loisirs-et-excursions\/","title":{"rendered":"Leisure and excursions"},"content":{"rendered":"<div class=\"wp-block-stackable-columns stk-block-columns stk-block stk-a82be77\" data-block-id=\"a82be77\"><style>.stk-a82be77 {margin-bottom:var(--stk--preset--spacing--60, clamp(30px, 7vw, 70px)) !important;}<\/style><div class=\"stk-row stk-inner-blocks stk-block-content stk-content-align stk-a82be77-column\">\n<div class=\"wp-block-stackable-column stk-block-column stk-column stk-block stk-41d9b6d\" data-v=\"4\" data-block-id=\"41d9b6d\"><style>.stk-41d9b6d {padding-top:var(--stk--preset--spacing--none, 0px) !important;padding-right:var(--stk--preset--spacing--none, 0px) !important;padding-bottom:var(--stk--preset--spacing--none, 0px) !important;padding-left:var(--stk--preset--spacing--none, 0px) !important;}<\/style><div class=\"stk-column-wrapper stk-block-column__content stk-container stk-41d9b6d-container stk--no-background stk--no-padding\"><div class=\"stk-block-content stk-inner-blocks stk-41d9b6d-inner-blocks\">\n<div class=\"wp-block-stackable-image-box stk-block-image-box stk-hover-parent stk-block stk-1f6d5ff is-style-default\" data-block-id=\"1f6d5ff\"><style>.stk-1f6d5ff {transition-duration:0.3s !important;--stk-transition-duration:0.3s !important;}.stk-1f6d5ff:hover{transform:scale(1.04) !important;}<\/style><div class=\"stk-block-content stk-inner-blocks has-text-align-center stk-row stk-block-image-box__content\">\n<div class=\"wp-block-stackable-image stk-block-image stk-block stk-e970fd8\" data-block-id=\"e970fd8\"><style>.stk-e970fd8 {border-top-left-radius:20px !important;border-bottom-right-radius:20px !important;overflow:hidden !important;}.stk-e970fd8 .stk-img-wrapper{height:600px !important;--stk-gradient-overlay:1 !important;}.stk-e970fd8 .stk-img-wrapper::after{background-image:linear-gradient(360deg,rgb(0,0,0) 0%,rgba(0,0,0,0) 74%) !important;}@media screen and (max-width: 767px){.stk-e970fd8 .stk-img-wrapper{height:400px !important;}}<\/style><figure><span class=\"stk-img-wrapper stk-image--shape-stretch\"><img loading=\"lazy\" decoding=\"async\" class=\"stk-img wp-image-502\" src=\"https:\/\/campingalizes.com\/wp-content\/uploads\/2026\/03\/dedalo-kids-atlantic-toboggan.jpg\" width=\"1920\" height=\"434\" alt=\"Sea fishing near the campsite in Saint-Hilaire-de-Riez\" srcset=\"https:\/\/campingalizes.com\/wp-content\/uploads\/2026\/03\/dedalo-kids-atlantic-toboggan.jpg 1920w, https:\/\/campingalizes.com\/wp-content\/uploads\/2026\/03\/dedalo-kids-atlantic-toboggan-300x68.jpg 300w, https:\/\/campingalizes.com\/wp-content\/uploads\/2026\/03\/dedalo-kids-atlantic-toboggan-1024x231.jpg 1024w, https:\/\/campingalizes.com\/wp-content\/uploads\/2026\/03\/dedalo-kids-atlantic-toboggan-768x174.jpg 768w, https:\/\/campingalizes.com\/wp-content\/uploads\/2026\/03\/dedalo-kids-atlantic-toboggan-1536x347.jpg 1536w, https:\/\/campingalizes.com\/wp-content\/uploads\/2026\/03\/dedalo-kids-atlantic-toboggan-18x4.jpg 18w, https:\/\/campingalizes.com\/wp-content\/uploads\/2026\/03\/dedalo-kids-atlantic-toboggan-500x113.jpg 500w, https:\/\/campingalizes.com\/wp-content\/uploads\/2026\/03\/dedalo-kids-atlantic-toboggan-800x181.jpg 800w, https:\/\/campingalizes.com\/wp-content\/uploads\/2026\/03\/dedalo-kids-atlantic-toboggan-1280x289.jpg 1280w\" sizes=\"auto, (max-width: 1920px) 100vw, 1920px\" \/><\/span><\/figure><\/div>\n\n\n\n<div class=\"wp-block-stackable-column stk-block-column stk-column stk-block stk-bbd9cc8\" data-v=\"4\" data-block-id=\"bbd9cc8\"><style>.stk-bbd9cc8 {align-self:flex-end !important;align-items:center !important;display:flex !important;}<\/style><div class=\"stk-column-wrapper stk-block-column__content stk-container stk-bbd9cc8-container stk--no-background stk--no-padding\"><div class=\"stk-block-content stk-inner-blocks stk-bbd9cc8-inner-blocks\">\n<div class=\"wp-block-stackable-heading stk-block-heading stk-block-heading--v2 stk-block stk-0f17e17\" id=\"les-parcs-aquatiques\" data-block-id=\"0f17e17\"><style>.stk-0f17e17 {margin-bottom:var(--stk--preset--spacing--30, 20px) !important;}.stk-0f17e17 .stk-block-heading__text{font-size:1.2rem !important;color:#fffffe !important;font-weight:700 !important;text-transform:uppercase !important;font-family:\"Bodoni Moda\", Sans-serif !important;}@media screen and (max-width: 1023px){.stk-0f17e17 .stk-block-heading__text{font-size:1.2rem !important;}}<\/style><h3 class=\"stk-block-heading__text has-text-color\">Water parks<\/h3><\/div>\n<\/div><\/div><\/div>\n<\/div><a class=\"stk-link stk-block-link stk--transparent-overlay\" href=\"https:\/\/campingalizes.com\/en\/leisure-and-excursion-costs\/water-parks-vendee\/\"><\/a><\/div>\n<\/div><\/div><\/div>\n\n\n\n<div class=\"wp-block-stackable-column stk-block-column stk-column stk-block stk-623bedf\" data-v=\"4\" data-block-id=\"623bedf\"><div class=\"stk-column-wrapper stk-block-column__content stk-container stk-623bedf-container stk--no-background stk--no-padding\"><div class=\"stk-block-content stk-inner-blocks stk-623bedf-inner-blocks\">\n<div class=\"wp-block-stackable-image-box stk-block-image-box stk-hover-parent stk-block stk-1ec8bf3 is-style-default\" data-block-id=\"1ec8bf3\"><style>.stk-1ec8bf3 {transition-duration:0.3s !important;--stk-transition-duration:0.3s !important;}.stk-1ec8bf3:hover{transform:scale(1.04) !important;}<\/style><div class=\"stk-block-content stk-inner-blocks has-text-align-center stk-row stk-block-image-box__content\">\n<div class=\"wp-block-stackable-image stk-block-image stk-block stk-6976eaa\" data-block-id=\"6976eaa\"><style>.stk-6976eaa {border-top-left-radius:20px !important;border-bottom-right-radius:20px !important;overflow:hidden !important;}.stk-6976eaa .stk-img-wrapper{height:600px !important;--stk-gradient-overlay:1 !important;}.stk-6976eaa .stk-img-wrapper::after{background-image:linear-gradient(360deg,rgb(0,0,0) 0%,rgba(0,0,0,0) 74%) !important;}@media screen and (max-width: 767px){.stk-6976eaa .stk-img-wrapper{height:400px !important;}}<\/style><figure><span class=\"stk-img-wrapper stk-image--shape-stretch\"><img loading=\"lazy\" decoding=\"async\" class=\"stk-img wp-image-508\" src=\"https:\/\/campingalizes.com\/wp-content\/uploads\/2026\/03\/lagranddefi4-1000-px.jpg\" width=\"720\" height=\"480\" alt=\"the big challenge adventure park Vend\u00e9e\" srcset=\"https:\/\/campingalizes.com\/wp-content\/uploads\/2026\/03\/lagranddefi4-1000-px.jpg 720w, https:\/\/campingalizes.com\/wp-content\/uploads\/2026\/03\/lagranddefi4-1000-px-300x200.jpg 300w, https:\/\/campingalizes.com\/wp-content\/uploads\/2026\/03\/lagranddefi4-1000-px-18x12.jpg 18w, https:\/\/campingalizes.com\/wp-content\/uploads\/2026\/03\/lagranddefi4-1000-px-500x333.jpg 500w\" sizes=\"auto, (max-width: 720px) 100vw, 720px\" \/><\/span><\/figure><\/div>\n\n\n\n<div class=\"wp-block-stackable-column stk-block-column stk-column stk-block stk-bf1bbac\" data-v=\"4\" data-block-id=\"bf1bbac\"><style>.stk-bf1bbac {align-self:flex-end !important;align-items:center !important;display:flex !important;}<\/style><div class=\"stk-column-wrapper stk-block-column__content stk-container stk-bf1bbac-container stk--no-background stk--no-padding\"><div class=\"stk-block-content stk-inner-blocks stk-bf1bbac-inner-blocks\">\n<div class=\"wp-block-stackable-heading stk-block-heading stk-block-heading--v2 stk-block stk-d630cd5\" id=\"les-parcs-aventures\" data-block-id=\"d630cd5\"><style>.stk-d630cd5 {margin-bottom:var(--stk--preset--spacing--30, 20px) !important;}.stk-d630cd5 .stk-block-heading__text{font-size:1.2rem !important;color:#fffffe !important;font-weight:700 !important;text-transform:uppercase !important;font-family:\"Bodoni Moda\", Sans-serif !important;}@media screen and (max-width: 1023px){.stk-d630cd5 .stk-block-heading__text{font-size:1.2rem !important;}}<\/style><h3 class=\"stk-block-heading__text has-text-color\">Les parcs aventures<\/h3><\/div>\n<\/div><\/div><\/div>\n<\/div><a class=\"stk-link stk-block-link stk--transparent-overlay\" href=\"https:\/\/campingalizes.com\/en\/leisure-and-excursion-costs\/parcs-aventure-vendee-2\/\"><\/a><\/div>\n<\/div><\/div><\/div>\n\n\n\n<div class=\"wp-block-stackable-column stk-block-column stk-column stk-block stk-61adf56\" data-v=\"4\" data-block-id=\"61adf56\"><div class=\"stk-column-wrapper stk-block-column__content stk-container stk-61adf56-container stk--no-background stk--no-padding\"><div class=\"stk-block-content stk-inner-blocks stk-61adf56-inner-blocks\">\n<div class=\"wp-block-stackable-image-box stk-block-image-box stk-hover-parent stk-block stk-20e00c0 is-style-default\" data-block-id=\"20e00c0\"><style>.stk-20e00c0 {transition-duration:0.3s !important;--stk-transition-duration:0.3s !important;}.stk-20e00c0:hover{transform:scale(1.04) !important;}<\/style><div class=\"stk-block-content stk-inner-blocks has-text-align-center stk-row stk-block-image-box__content\">\n<div class=\"wp-block-stackable-image stk-block-image stk-block stk-59a6d76\" data-block-id=\"59a6d76\"><style>.stk-59a6d76 {border-top-left-radius:20px !important;border-bottom-right-radius:20px !important;overflow:hidden !important;}.stk-59a6d76 .stk-img-wrapper{height:600px !important;--stk-gradient-overlay:1 !important;}.stk-59a6d76 .stk-img-wrapper::after{background-image:linear-gradient(360deg,rgb(0,0,0) 0%,rgba(0,0,0,0) 74%) !important;}@media screen and (max-width: 767px){.stk-59a6d76 .stk-img-wrapper{height:400px !important;}}<\/style><figure><span class=\"stk-img-wrapper stk-image--shape-stretch\"><img loading=\"lazy\" decoding=\"async\" class=\"stk-img wp-image-528\" src=\"https:\/\/campingalizes.com\/wp-content\/uploads\/2026\/03\/02-le-signe-du-triomphe-arthur-aumond-puy-du-fou_webformat.webp\" width=\"1000\" height=\"667\" alt=\"the sign of triumph Puy du Fou\" srcset=\"https:\/\/campingalizes.com\/wp-content\/uploads\/2026\/03\/02-le-signe-du-triomphe-arthur-aumond-puy-du-fou_webformat.webp 1000w, https:\/\/campingalizes.com\/wp-content\/uploads\/2026\/03\/02-le-signe-du-triomphe-arthur-aumond-puy-du-fou_webformat-300x200.webp 300w, https:\/\/campingalizes.com\/wp-content\/uploads\/2026\/03\/02-le-signe-du-triomphe-arthur-aumond-puy-du-fou_webformat-768x512.webp 768w, https:\/\/campingalizes.com\/wp-content\/uploads\/2026\/03\/02-le-signe-du-triomphe-arthur-aumond-puy-du-fou_webformat-18x12.webp 18w, https:\/\/campingalizes.com\/wp-content\/uploads\/2026\/03\/02-le-signe-du-triomphe-arthur-aumond-puy-du-fou_webformat-500x334.webp 500w, https:\/\/campingalizes.com\/wp-content\/uploads\/2026\/03\/02-le-signe-du-triomphe-arthur-aumond-puy-du-fou_webformat-800x534.webp 800w\" sizes=\"auto, (max-width: 1000px) 100vw, 1000px\" \/><\/span><\/figure><\/div>\n\n\n\n<div class=\"wp-block-stackable-column stk-block-column stk-column stk-block stk-e29fe8d\" data-v=\"4\" data-block-id=\"e29fe8d\"><style>.stk-e29fe8d {align-self:flex-end !important;align-items:center !important;display:flex !important;}<\/style><div class=\"stk-column-wrapper stk-block-column__content stk-container stk-e29fe8d-container stk--no-background stk--no-padding\"><div class=\"stk-block-content stk-inner-blocks stk-e29fe8d-inner-blocks\">\n<div class=\"wp-block-stackable-heading stk-block-heading stk-block-heading--v2 stk-block stk-49ffe35\" id=\"puy-du-fou\" data-block-id=\"49ffe35\"><style>.stk-49ffe35 {margin-bottom:var(--stk--preset--spacing--30, 20px) !important;}.stk-49ffe35 .stk-block-heading__text{font-size:1.2rem !important;color:#fffffe !important;font-weight:700 !important;text-transform:uppercase !important;font-family:\"Bodoni Moda\", Sans-serif !important;}@media screen and (max-width: 1023px){.stk-49ffe35 .stk-block-heading__text{font-size:1.2rem !important;}}<\/style><h3 class=\"stk-block-heading__text has-text-color\">Puy du Fou<\/h3><\/div>\n<\/div><\/div><\/div>\n<\/div><a class=\"stk-link stk-block-link stk--transparent-overlay\" href=\"https:\/\/campingalizes.com\/en\/leisure-and-excursion-costs\/puy-du-fou\/\"><\/a><\/div>\n<\/div><\/div><\/div>\n<\/div><\/div>","protected":false},"excerpt":{"rendered":"<p>Les parcs aquatiques Les parcs aventures Puy du Fou<\/p>","protected":false},"author":1,"featured_media":0,"parent":0,"menu_order":0,"comment_status":"closed","ping_status":"closed","template":"","meta":{"_acf_changed":false,"_seopress_robots_primary_cat":"","_seopress_titles_title":"Loisirs & excursions \u2013 Saint-Hilaire-de-Riez","_seopress_titles_desc":"Explorez toutes les activit\u00e9s et excursions autour du camping 4 \u00e9toiles \u00e0 Saint-Hilaire-de-Riez pour des vacances actives en Vend\u00e9e.","_seopress_robots_index":"","_vp_format_video_url":"","_vp_image_focal_point":[],"footnotes":""},"class_list":["post-543","page","type-page","status-publish","hentry"],"acf":[],"_links":{"self":[{"href":"https:\/\/campingalizes.com\/en\/wp-json\/wp\/v2\/pages\/543","targetHints":{"allow":["GET"]}}],"collection":[{"href":"https:\/\/campingalizes.com\/en\/wp-json\/wp\/v2\/pages"}],"about":[{"href":"https:\/\/campingalizes.com\/en\/wp-json\/wp\/v2\/types\/page"}],"author":[{"embeddable":true,"href":"https:\/\/campingalizes.com\/en\/wp-json\/wp\/v2\/users\/1"}],"replies":[{"embeddable":true,"href":"https:\/\/campingalizes.com\/en\/wp-json\/wp\/v2\/comments?post=543"}],"version-history":[{"count":3,"href":"https:\/\/campingalizes.com\/en\/wp-json\/wp\/v2\/pages\/543\/revisions"}],"predecessor-version":[{"id":22186,"href":"https:\/\/campingalizes.com\/en\/wp-json\/wp\/v2\/pages\/543\/revisions\/22186"}],"wp:attachment":[{"href":"https:\/\/campingalizes.com\/en\/wp-json\/wp\/v2\/media?parent=543"}],"curies":[{"name":"wp","href":"https:\/\/api.w.org\/{rel}","templated":true}]}}