{"id":551,"date":"2026-03-12T12:36:12","date_gmt":"2026-03-12T11:36:12","guid":{"rendered":"https:\/\/campingalizes.com\/?page_id=551"},"modified":"2026-04-17T12:03:34","modified_gmt":"2026-04-17T10:03:34","slug":"experience-noirmoutier","status":"publish","type":"page","link":"https:\/\/campingalizes.com\/en\/experience-noirmoutier\/","title":{"rendered":"Experiment 2: Noirmoutier and the famous Passage du Gois"},"content":{"rendered":"<div class=\"wp-block-stackable-columns stk-block-columns stk-block stk-a8b15ac\" data-block-id=\"a8b15ac\"><style>.stk-a8b15ac .stk--block-align-a8b15ac{align-items:center !important;}.stk-a8b15ac {margin-bottom:39px !important;}.stk-a8b15ac-column{--stk-column-gap:var(--stk--preset--spacing--50, clamp(30px, 5vw, 50px)) !important;}<\/style><div class=\"stk-row stk-inner-blocks stk--block-align-a8b15ac stk-block-content stk-content-align stk-a8b15ac-column\">\n<div class=\"wp-block-stackable-column stk-block-column stk-column stk-block stk-3cbfc90\" data-v=\"4\" data-block-id=\"3cbfc90\"><div class=\"stk-column-wrapper stk-block-column__content stk-container stk-3cbfc90-container stk--no-background stk--no-padding\"><div class=\"stk-block-content stk-inner-blocks stk-3cbfc90-inner-blocks\">\n<div class=\"wp-block-stackable-image stk-block-image stk-block stk-219e0ea\" data-block-id=\"219e0ea\"><style>.stk-219e0ea {border-top-left-radius:25px !important;border-bottom-right-radius:25px !important;overflow:hidden !important;box-shadow:2px 2px 21px 0px #00000096 !important;}.stk-219e0ea .stk-img-wrapper{width:100% !important;height:550px !important;}@media screen and (max-width: 767px){.stk-219e0ea .stk-img-wrapper{height:400px !important;}}<\/style><figure><span class=\"stk-img-wrapper stk-image--shape-stretch\"><img loading=\"lazy\" decoding=\"async\" class=\"stk-img wp-image-365\" src=\"https:\/\/campingalizes.com\/wp-content\/uploads\/2026\/03\/1_noirmoutier_hd_24-1_webformat.webp\" width=\"1000\" height=\"666\" alt=\"Discovery of Noirmoutier near the campsite in Vend\u00e9e\" srcset=\"https:\/\/campingalizes.com\/wp-content\/uploads\/2026\/03\/1_noirmoutier_hd_24-1_webformat.webp 1000w, https:\/\/campingalizes.com\/wp-content\/uploads\/2026\/03\/1_noirmoutier_hd_24-1_webformat-300x200.webp 300w, https:\/\/campingalizes.com\/wp-content\/uploads\/2026\/03\/1_noirmoutier_hd_24-1_webformat-768x511.webp 768w, https:\/\/campingalizes.com\/wp-content\/uploads\/2026\/03\/1_noirmoutier_hd_24-1_webformat-18x12.webp 18w, https:\/\/campingalizes.com\/wp-content\/uploads\/2026\/03\/1_noirmoutier_hd_24-1_webformat-500x333.webp 500w, https:\/\/campingalizes.com\/wp-content\/uploads\/2026\/03\/1_noirmoutier_hd_24-1_webformat-800x533.webp 800w\" sizes=\"auto, (max-width: 1000px) 100vw, 1000px\" \/><\/span><\/figure><\/div>\n<\/div><\/div><\/div>\n\n\n\n<div class=\"wp-block-stackable-column stk-block-column stk-column stk-block stk-233c298\" data-v=\"4\" data-block-id=\"233c298\"><div class=\"stk-column-wrapper stk-block-column__content stk-container stk-233c298-container stk--no-background stk--no-padding\"><div class=\"stk-block-content stk-inner-blocks stk-233c298-inner-blocks\">\n<div class=\"wp-block-stackable-text stk-block-text stk-block stk-797252e\" data-block-id=\"797252e\"><p class=\"stk-block-text__text translation-block\">For this day, we suggest you set off to discover the <a href=\"https:\/\/campingalizes.com\/en\/sea-coast-and-islands\/vendee-islands\/\" data-type=\"page\" data-id=\"359\" target=\"_self\">island of Noirmoutier<\/a>.\nOr also called the Mimosa Island\u2026\nThis experience will appeal to foodies and lovers of wide-open spaces.\nIt\u2019s entirely possible to visit the island of Noirmoutier in a day.\nWe\u2019re going to give you all our tips to best prepare your outing.\nFollow the guide\u2026<\/p><\/div>\n\n\n\n<div class=\"wp-block-stackable-text stk-block-text stk-block stk-5b53cbb\" data-block-id=\"5b53cbb\"><p class=\"stk-block-text__text\">Practical tips before you leave:<\/p><\/div>\n\n\n\n<div class=\"wp-block-stackable-icon-list stk-block-icon-list stk-block stk-acfdd34\" data-block-id=\"acfdd34\"><style>.stk-acfdd34 {--stk-icon-list-marker-color:var(--stk-global-color-88321, #6a7a6d) !important;--stk-icon-list-icon-size:6px !important;}<\/style><svg style=\"display:none\"><defs><g id=\"stk-icon-list__icon-svg-def-acfdd34\"><svg xmlns=\"http:\/\/www.w3.org\/2000\/svg\" viewbox=\"0 0 512 512\"><path d=\"M256 512A256 256 0 1 0 256 0a256 256 0 1 0 0 512z\"\/><\/svg><\/g><\/defs><\/svg><ul class=\"stk-block-icon-list__ul stk-block-icon-list--column\">\n<li class=\"wp-block-stackable-icon-list-item stk-block-icon-list-item stk-block stk-1c89612\" data-block-id=\"1c89612\"><div class=\"stk-block-icon-list-item__content\"><span class=\"stk--svg-wrapper\"><div class=\"stk--inner-svg\"><svg aria-hidden=\"true\" width=\"32\" height=\"32\"><use xlink:href=\"#stk-icon-list__icon-svg-def-acfdd34\"><\/use><\/svg><\/div><\/span><span class=\"stk-block-icon-list-item__text\">put on a good pair of shoes<\/span><\/div><\/li>\n\n\n\n<li class=\"wp-block-stackable-icon-list-item stk-block-icon-list-item stk-block stk-7097535\" data-block-id=\"7097535\"><div class=\"stk-block-icon-list-item__content\"><span class=\"stk--svg-wrapper\"><div class=\"stk--inner-svg\"><svg aria-hidden=\"true\" width=\"32\" height=\"32\"><use xlink:href=\"#stk-icon-list__icon-svg-def-acfdd34\"><\/use><\/svg><\/div><\/span><span class=\"stk-block-icon-list-item__text\">Check the tide times<\/span><\/div><\/li>\n\n\n\n<li class=\"wp-block-stackable-icon-list-item stk-block-icon-list-item stk-block stk-3206493\" data-block-id=\"3206493\"><div class=\"stk-block-icon-list-item__content\"><span class=\"stk--svg-wrapper\"><div class=\"stk--inner-svg\"><svg aria-hidden=\"true\" width=\"32\" height=\"32\"><use xlink:href=\"#stk-icon-list__icon-svg-def-acfdd34\"><\/use><\/svg><\/div><\/span><span class=\"stk-block-icon-list-item__text\">Fill your water bottle<\/span><\/div><\/li>\n\n\n\n<li class=\"wp-block-stackable-icon-list-item stk-block-icon-list-item stk-block stk-3dfb772\" data-block-id=\"3dfb772\"><div class=\"stk-block-icon-list-item__content\"><span class=\"stk--svg-wrapper\"><div class=\"stk--inner-svg\"><svg aria-hidden=\"true\" width=\"32\" height=\"32\"><use xlink:href=\"#stk-icon-list__icon-svg-def-acfdd34\"><\/use><\/svg><\/div><\/span><span class=\"stk-block-icon-list-item__text\">Prepare a nice picnic<\/span><\/div><\/li>\n\n\n\n<li class=\"wp-block-stackable-icon-list-item stk-block-icon-list-item stk-block stk-dcadb20\" data-block-id=\"dcadb20\"><div class=\"stk-block-icon-list-item__content\"><span class=\"stk--svg-wrapper\"><div class=\"stk--inner-svg\"><svg aria-hidden=\"true\" width=\"32\" height=\"32\"><use xlink:href=\"#stk-icon-list__icon-svg-def-acfdd34\"><\/use><\/svg><\/div><\/span><span class=\"stk-block-icon-list-item__text\">bring a hat or cap<\/span><\/div><\/li>\n<\/ul><\/div>\n\n\n\n<div class=\"wp-block-stackable-text stk-block-text stk-block stk-ae5c0a2\" data-block-id=\"ae5c0a2\"><p class=\"stk-block-text__text\">Get up early to make the most of your day and all the island has to offer.<br>To come to the island of Noirmoutier from the campsite Les Aliz\u00e9s, two options are available to you:<\/p><\/div>\n<\/div><\/div><\/div>\n<\/div><\/div>\n\n\n\n<div class=\"wp-block-stackable-columns alignfull stk-block-columns stk-block stk-67ae59e stk-block-background\" data-block-id=\"67ae59e\"><style>.stk-67ae59e .stk--block-align-67ae59e{align-items:center !important;}.stk-67ae59e {background-color:var(--stk-global-color-88321, #6a7a6d) !important;border-top-left-radius:25px !important;border-top-right-radius:25px !important;border-bottom-right-radius:0px !important;border-bottom-left-radius:0px !important;overflow:hidden !important;padding-top:var(--stk--preset--spacing--50, clamp(30px, 5vw, 50px)) !important;padding-bottom:var(--stk--preset--spacing--50, clamp(30px, 5vw, 50px)) !important;margin-bottom:32px !important;}.stk-67ae59e:before{background-color:var(--stk-global-color-88321, #6a7a6d) !important;}.stk-67ae59e-column{max-width:1280px !important;min-width:auto !important;--stk-column-gap:var(--stk--preset--spacing--50, clamp(30px, 5vw, 50px)) !important;}<\/style><div class=\"stk-row stk-inner-blocks stk--block-align-67ae59e stk-block-content stk-content-align stk-67ae59e-column alignwide\">\n<div class=\"wp-block-stackable-column stk-block-column stk-column stk-block stk-5c777f6\" data-v=\"4\" data-block-id=\"5c777f6\"><div class=\"stk-column-wrapper stk-block-column__content stk-container stk-5c777f6-container stk--no-background stk--no-padding\"><div class=\"stk-block-content stk-inner-blocks stk-5c777f6-inner-blocks\">\n<div class=\"wp-block-stackable-text stk-block-text stk-block stk-4e20ea7\" data-block-id=\"4e20ea7\"><style>.stk-4e20ea7 .stk-block-text__text{color:#fffffe !important;}<\/style><p class=\"stk-block-text__text has-text-color translation-block\">You can take the bridge to Noirmoutier. 583 metres long, it offers a magnificent view over the Bay of Bourgneuf. It is accessible all year round.\nAt low tide, you can see two shipwrecks dating from the Second World War.\nIt takes approximately 46 minutes to get to Noirmoutier by bridge from Camping les Aliz\u00e9s.\nAlternatively, opt for the famous Passage du Gois. By taking the Gois, it will take you approximately 57 minutes to reach the island from the campsite. But the charm of this place is well worth a few extra minutes.\nThe Gois is a unique road in France. It is completely submerged at high tide (which is why we advised you to check the tide times).<\/p><\/div>\n\n\n\n<div class=\"wp-block-stackable-text stk-block-text stk-block stk-0db29af\" data-block-id=\"0db29af\"><style>.stk-0db29af .stk-block-text__text{color:#fffffe !important;}<\/style><p class=\"stk-block-text__text has-text-color\">The road is 4.3 kilometres long, which is to say 4.3 kilometres of happiness!<br>Savourez cette exp\u00e9rience unique\u2026 Profitez de ce paysage somptueux, presque irr\u00e9el.<br>Le Gois is the favourite spot for rock poolers during the spring tides.<\/p><\/div>\n<\/div><\/div><\/div>\n\n\n\n<div class=\"wp-block-stackable-column stk-block-column stk-column stk-block stk-9e5bd61\" data-v=\"4\" data-block-id=\"9e5bd61\"><div class=\"stk-column-wrapper stk-block-column__content stk-container stk-9e5bd61-container stk--no-background stk--no-padding\"><div class=\"stk-block-content stk-inner-blocks stk-9e5bd61-inner-blocks\">\n<div class=\"wp-block-stackable-image stk-block-image has-text-align-right stk-block stk-d1ff07d\" data-block-id=\"d1ff07d\"><style>.stk-d1ff07d {margin-bottom:-71px !important;z-index:3 !important;}.stk-d1ff07d .stk-img-wrapper{width:354px !important;filter:drop-shadow(2px 0px 13px #000000a1) !important;}<\/style><figure><span class=\"stk-img-wrapper stk-image--shape-stretch stk--shadow-2px 0px 13px #000000a1\"><img loading=\"lazy\" decoding=\"async\" class=\"stk-img wp-image-141\" src=\"https:\/\/campingalizes.com\/wp-content\/uploads\/2026\/03\/graphic_elements.png\" width=\"354\" height=\"150\" alt=\"Seabird Vend\u00e9e coast\" srcset=\"https:\/\/campingalizes.com\/wp-content\/uploads\/2026\/03\/graphic_elements.png 354w, https:\/\/campingalizes.com\/wp-content\/uploads\/2026\/03\/graphic_elements-300x127.png 300w, https:\/\/campingalizes.com\/wp-content\/uploads\/2026\/03\/graphic_elements-18x8.png 18w\" sizes=\"auto, (max-width: 354px) 100vw, 354px\" \/><\/span><\/figure><\/div>\n\n\n\n<div class=\"wp-block-stackable-image stk-block-image stk-block stk-78bf8e5\" data-block-id=\"78bf8e5\"><style>.stk-78bf8e5 {border-top-left-radius:25px !important;border-bottom-right-radius:25px !important;overflow:hidden !important;box-shadow:2px 2px 21px 0px #00000096 !important;}.stk-78bf8e5 .stk-img-wrapper{width:100% !important;height:433px !important;}@media screen and (max-width: 767px){.stk-78bf8e5 .stk-img-wrapper{height:400px !important;}}<\/style><figure><span class=\"stk-img-wrapper stk-image--shape-stretch\"><img loading=\"lazy\" decoding=\"async\" class=\"stk-img wp-image-370\" src=\"https:\/\/campingalizes.com\/wp-content\/uploads\/2026\/03\/passagedugois-noirmoutier12_webformat.webp\" width=\"1000\" height=\"667\" alt=\"Passage du Gois in Vend\u00e9e\" srcset=\"https:\/\/campingalizes.com\/wp-content\/uploads\/2026\/03\/passagedugois-noirmoutier12_webformat.webp 1000w, https:\/\/campingalizes.com\/wp-content\/uploads\/2026\/03\/passagedugois-noirmoutier12_webformat-300x200.webp 300w, https:\/\/campingalizes.com\/wp-content\/uploads\/2026\/03\/passagedugois-noirmoutier12_webformat-768x512.webp 768w, https:\/\/campingalizes.com\/wp-content\/uploads\/2026\/03\/passagedugois-noirmoutier12_webformat-18x12.webp 18w, https:\/\/campingalizes.com\/wp-content\/uploads\/2026\/03\/passagedugois-noirmoutier12_webformat-500x334.webp 500w, https:\/\/campingalizes.com\/wp-content\/uploads\/2026\/03\/passagedugois-noirmoutier12_webformat-800x534.webp 800w\" sizes=\"auto, (max-width: 1000px) 100vw, 1000px\" \/><\/span><\/figure><\/div>\n<\/div><\/div><\/div>\n<\/div><\/div>\n\n\n\n<div class=\"wp-block-stackable-columns stk-block-columns stk-block stk-52474a7\" data-block-id=\"52474a7\"><style>.stk-52474a7 .stk--block-align-52474a7{align-items:center !important;}.stk-52474a7 {margin-bottom:39px !important;}.stk-52474a7-column{--stk-column-gap:var(--stk--preset--spacing--50, clamp(30px, 5vw, 50px)) !important;}<\/style><div class=\"stk-row stk-inner-blocks stk--block-align-52474a7 stk-block-content stk-content-align stk-52474a7-column\">\n<div class=\"wp-block-stackable-column stk-block-column stk-column stk-block stk-7c23aa8\" data-v=\"4\" data-block-id=\"7c23aa8\"><div class=\"stk-column-wrapper stk-block-column__content stk-container stk-7c23aa8-container stk--no-background stk--no-padding\"><div class=\"stk-block-content stk-inner-blocks stk-7c23aa8-inner-blocks\">\n<div class=\"wp-block-stackable-image stk-block-image stk-block stk-2399a04\" data-block-id=\"2399a04\"><style>.stk-2399a04 {border-top-left-radius:25px !important;border-bottom-right-radius:25px !important;overflow:hidden !important;box-shadow:2px 2px 21px 0px #00000096 !important;}.stk-2399a04 .stk-img-wrapper{width:100% !important;height:673px !important;}@media screen and (max-width: 767px){.stk-2399a04 .stk-img-wrapper{height:400px !important;}}<\/style><figure><span class=\"stk-img-wrapper stk-image--shape-stretch\"><img loading=\"lazy\" decoding=\"async\" class=\"stk-img wp-image-421\" src=\"https:\/\/campingalizes.com\/wp-content\/uploads\/2026\/03\/velos-marais-salants_noirmoutier-en-lile_copysbourcier_058-9_webformat.webp\" width=\"667\" height=\"1000\" alt=\"Salt marsh bicycles Noirmoutier-en-l&#039;\u00cele\" srcset=\"https:\/\/campingalizes.com\/wp-content\/uploads\/2026\/03\/velos-marais-salants_noirmoutier-en-lile_copysbourcier_058-9_webformat.webp 667w, https:\/\/campingalizes.com\/wp-content\/uploads\/2026\/03\/velos-marais-salants_noirmoutier-en-lile_copysbourcier_058-9_webformat-200x300.webp 200w, https:\/\/campingalizes.com\/wp-content\/uploads\/2026\/03\/velos-marais-salants_noirmoutier-en-lile_copysbourcier_058-9_webformat-8x12.webp 8w, https:\/\/campingalizes.com\/wp-content\/uploads\/2026\/03\/velos-marais-salants_noirmoutier-en-lile_copysbourcier_058-9_webformat-500x750.webp 500w\" sizes=\"auto, (max-width: 667px) 100vw, 667px\" \/><\/span><\/figure><\/div>\n<\/div><\/div><\/div>\n\n\n\n<div class=\"wp-block-stackable-column stk-block-column stk-column stk-block stk-21821f0\" data-v=\"4\" data-block-id=\"21821f0\"><div class=\"stk-column-wrapper stk-block-column__content stk-container stk-21821f0-container stk--no-background stk--no-padding\"><div class=\"stk-block-content stk-inner-blocks stk-21821f0-inner-blocks\">\n<div class=\"wp-block-stackable-heading stk-block-heading stk-block-heading--v2 stk-block stk-fb3c1fc\" id=\"escapade-iodee-sur-lile-de-noirmoutier\" data-block-id=\"fb3c1fc\"><style>.stk-fb3c1fc .stk-block-heading__text{font-size:3rem !important;}@media screen and (max-width: 1023px){.stk-fb3c1fc .stk-block-heading__text{font-size:3rem !important;}}<\/style><h2 class=\"stk-block-heading__text\">An iodine-filled escapade on the island of Noirmoutier<\/h2><\/div>\n\n\n\n<div class=\"wp-block-stackable-text stk-block-text stk-block stk-85b74b8\" data-block-id=\"85b74b8\"><p class=\"stk-block-text__text translation-block\">Once on the island, start your visit at the Polder de S\u00e9bastopol. This 133-hectare nature reserve offers a breathtaking panorama of unspoilt nature.<br>Take the road north of the island towards Noirmoutier en l'\u00eele. There, you can leave your car in a car park for the rest of the trip. We recommend bicycles to continue your journey. Start your walk by wandering through the narrow streets lined with white houses with blue shutters. Stroll down the shopping street and discover the pretty little craft shops.<br>A few metres further on, you'll enter the town's historic centre and admire its church and castle. Climb the castle ramparts for a panoramic view of the island with the ocean as a backdrop.<br>Go to the port. Continue along the quays to the Plage des Sableaux.<br>Continuing your walk to the famous Plage des Dames, you will gradually reach the heart of the Bois de la Chaize.<br>This is a very popular spot. Indeed, its natural charm has captured the hearts of many a traveller. If you fancy a picnic, we suggest you put your towel down in the heart of the Pines. To round off the day, head for the village of Le Vieil. Continue along the cycle path, which will take you back to Noirmoutier en l'\u00eele to complete the loop.<\/p><\/div>\n<\/div><\/div><\/div>\n<\/div><\/div>\n\n\n\n<div class=\"wp-block-stackable-columns alignfull stk-block-columns stk-block stk-56ea54a stk-block-background\" data-block-id=\"56ea54a\"><style>.stk-56ea54a .stk--block-align-56ea54a{align-items:center !important;}.stk-56ea54a {background-color:var(--stk-global-color-88321, #6a7a6d) !important;border-top-left-radius:25px !important;border-top-right-radius:25px !important;border-bottom-right-radius:0px !important;border-bottom-left-radius:0px !important;overflow:hidden !important;padding-top:var(--stk--preset--spacing--50, clamp(30px, 5vw, 50px)) !important;padding-bottom:var(--stk--preset--spacing--50, clamp(30px, 5vw, 50px)) !important;margin-bottom:0px !important;}.stk-56ea54a:before{background-color:var(--stk-global-color-88321, #6a7a6d) !important;}.stk-56ea54a-column{max-width:1280px !important;min-width:auto !important;--stk-column-gap:var(--stk--preset--spacing--50, clamp(30px, 5vw, 50px)) !important;}<\/style><div class=\"stk-row stk-inner-blocks stk--block-align-56ea54a stk-block-content stk-content-align stk-56ea54a-column alignwide\">\n<div class=\"wp-block-stackable-column stk-block-column stk-column stk-block stk-346b5ee\" data-v=\"4\" data-block-id=\"346b5ee\"><div class=\"stk-column-wrapper stk-block-column__content stk-container stk-346b5ee-container stk--no-background stk--no-padding\"><div class=\"stk-block-content stk-inner-blocks stk-346b5ee-inner-blocks\">\n<div class=\"wp-block-stackable-text stk-block-text stk-block stk-8a6423e\" data-block-id=\"8a6423e\"><style>.stk-8a6423e .stk-block-text__text{color:#fffffe !important;}<\/style><p class=\"stk-block-text__text has-text-color translation-block\">End the day on a high note\u2026\nTo end the day in the best possible way, and because comfort follows effort\u2026 choose from the delicious restaurants of Noirmoutier-en-l'\u00cele to sample local specialities.\nHere are a few establishments we recommend:<\/p><\/div>\n\n\n\n<div class=\"wp-block-stackable-icon-list stk-block-icon-list stk-block stk-5c9e980\" data-block-id=\"5c9e980\"><style>.stk-5c9e980 {--stk-icon-list-marker-color:var(--stk-global-color-37674, #e8dcca) !important;--stk-icon-list-icon-size:6px !important;}<\/style><svg style=\"display:none\"><defs><g id=\"stk-icon-list__icon-svg-def-5c9e980\"><svg xmlns=\"http:\/\/www.w3.org\/2000\/svg\" viewbox=\"0 0 512 512\"><path d=\"M256 512A256 256 0 1 0 256 0a256 256 0 1 0 0 512z\"\/><\/svg><\/g><\/defs><\/svg><ul class=\"stk-block-icon-list__ul stk-block-icon-list--column\">\n<li class=\"wp-block-stackable-icon-list-item stk-block-icon-list-item stk-block stk-067457e\" data-block-id=\"067457e\"><style>.stk-067457e .stk-block-icon-list-item__text{color:#fffffe !important;}<\/style><div class=\"stk-block-icon-list-item__content\"><span class=\"stk--svg-wrapper\"><div class=\"stk--inner-svg\"><svg aria-hidden=\"true\" width=\"32\" height=\"32\"><use xlink:href=\"#stk-icon-list__icon-svg-def-5c9e980\"><\/use><\/svg><\/div><\/span><span class=\"stk-block-icon-list-item__text has-text-color\">Le P\u2019tit Noirmout\u2019<\/span><\/div><\/li>\n\n\n\n<li class=\"wp-block-stackable-icon-list-item stk-block-icon-list-item stk-block stk-f07e931\" data-block-id=\"f07e931\"><style>.stk-f07e931 .stk-block-icon-list-item__text{color:#fffffe !important;}<\/style><div class=\"stk-block-icon-list-item__content\"><span class=\"stk--svg-wrapper\"><div class=\"stk--inner-svg\"><svg aria-hidden=\"true\" width=\"32\" height=\"32\"><use xlink:href=\"#stk-icon-list__icon-svg-def-5c9e980\"><\/use><\/svg><\/div><\/span><span class=\"stk-block-icon-list-item__text has-text-color\">The Little Bench<\/span><\/div><\/li>\n\n\n\n<li class=\"wp-block-stackable-icon-list-item stk-block-icon-list-item stk-block stk-28dbe0d\" data-block-id=\"28dbe0d\"><style>.stk-28dbe0d .stk-block-icon-list-item__text{color:#fffffe !important;}<\/style><div class=\"stk-block-icon-list-item__content\"><span class=\"stk--svg-wrapper\"><div class=\"stk--inner-svg\"><svg aria-hidden=\"true\" width=\"32\" height=\"32\"><use xlink:href=\"#stk-icon-list__icon-svg-def-5c9e980\"><\/use><\/svg><\/div><\/span><span class=\"stk-block-icon-list-item__text has-text-color\">Take-off<\/span><\/div><\/li>\n<\/ul><\/div>\n\n\n\n<div class=\"wp-block-stackable-text stk-block-text stk-block stk-29eccfa\" data-block-id=\"29eccfa\"><style>.stk-29eccfa .stk-block-text__text{color:#fffffe !important;}<\/style><p class=\"stk-block-text__text has-text-color\">The island of Noirmoutier offers postcard-perfect scenery, so if you're a photography enthusiast, make the most of it without moderation.<\/p><\/div>\n<\/div><\/div><\/div>\n\n\n\n<div class=\"wp-block-stackable-column stk-block-column stk-column stk-block stk-d28c144\" data-v=\"4\" data-block-id=\"d28c144\"><div class=\"stk-column-wrapper stk-block-column__content stk-container stk-d28c144-container stk--no-background stk--no-padding\"><div class=\"stk-block-content stk-inner-blocks stk-d28c144-inner-blocks\">\n<div class=\"wp-block-stackable-image stk-block-image has-text-align-right stk-block stk-4050373\" data-block-id=\"4050373\"><style>.stk-4050373 {margin-bottom:-71px !important;z-index:3 !important;}.stk-4050373 .stk-img-wrapper{width:354px !important;filter:drop-shadow(2px 0px 13px #000000a1) !important;}<\/style><figure><span class=\"stk-img-wrapper stk-image--shape-stretch stk--shadow-2px 0px 13px #000000a1\"><img loading=\"lazy\" decoding=\"async\" class=\"stk-img wp-image-141\" src=\"https:\/\/campingalizes.com\/wp-content\/uploads\/2026\/03\/graphic_elements.png\" width=\"354\" height=\"150\" alt=\"Seabird Vend\u00e9e coast\" srcset=\"https:\/\/campingalizes.com\/wp-content\/uploads\/2026\/03\/graphic_elements.png 354w, https:\/\/campingalizes.com\/wp-content\/uploads\/2026\/03\/graphic_elements-300x127.png 300w, https:\/\/campingalizes.com\/wp-content\/uploads\/2026\/03\/graphic_elements-18x8.png 18w\" sizes=\"auto, (max-width: 354px) 100vw, 354px\" \/><\/span><\/figure><\/div>\n\n\n\n<div class=\"wp-block-stackable-image stk-block-image stk-block stk-8f4ec84\" data-block-id=\"8f4ec84\"><style>.stk-8f4ec84 {border-top-left-radius:25px !important;border-bottom-right-radius:25px !important;overflow:hidden !important;box-shadow:2px 2px 21px 0px #00000096 !important;}.stk-8f4ec84 .stk-img-wrapper{width:100% !important;height:279px !important;}<\/style><figure><span class=\"stk-img-wrapper stk-image--shape-stretch\"><img loading=\"lazy\" decoding=\"async\" class=\"stk-img wp-image-367\" src=\"https:\/\/campingalizes.com\/wp-content\/uploads\/2026\/03\/velos-marais-salants_noirmoutier-en-lile_copysbourcier_157-21_webformat.webp\" width=\"1000\" height=\"667\" alt=\"Salt marsh bicycles Noirmoutier-en-l&#039;\u00cele\" srcset=\"https:\/\/campingalizes.com\/wp-content\/uploads\/2026\/03\/velos-marais-salants_noirmoutier-en-lile_copysbourcier_157-21_webformat.webp 1000w, https:\/\/campingalizes.com\/wp-content\/uploads\/2026\/03\/velos-marais-salants_noirmoutier-en-lile_copysbourcier_157-21_webformat-300x200.webp 300w, https:\/\/campingalizes.com\/wp-content\/uploads\/2026\/03\/velos-marais-salants_noirmoutier-en-lile_copysbourcier_157-21_webformat-768x512.webp 768w, https:\/\/campingalizes.com\/wp-content\/uploads\/2026\/03\/velos-marais-salants_noirmoutier-en-lile_copysbourcier_157-21_webformat-18x12.webp 18w, https:\/\/campingalizes.com\/wp-content\/uploads\/2026\/03\/velos-marais-salants_noirmoutier-en-lile_copysbourcier_157-21_webformat-500x334.webp 500w, https:\/\/campingalizes.com\/wp-content\/uploads\/2026\/03\/velos-marais-salants_noirmoutier-en-lile_copysbourcier_157-21_webformat-800x534.webp 800w\" sizes=\"auto, (max-width: 1000px) 100vw, 1000px\" \/><\/span><\/figure><\/div>\n<\/div><\/div><\/div>\n<\/div><\/div>","protected":false},"excerpt":{"rendered":"<p>Pour cette journ\u00e9e, nous vous proposons de partir \u00e0 la d\u00e9couverte de l\u2019\u00eele de Noirmoutier.Ou aussi appel\u00e9 l\u2019\u00eele aux Mimosas\u2026Cette exp\u00e9rience plaira aux \u00e9picuriens et amoureux de grands espaces.Visiter l\u2019\u00eele de Noirmoutier en une journ\u00e9e c\u2019est tout \u00e0 fait possible.Nous allons vous donner toutes nos astuces pour pr\u00e9parer au mieux votre sortie.Suivez le guide\u2026 Conseils [&hellip;]<\/p>\n","protected":false},"author":1,"featured_media":0,"parent":0,"menu_order":0,"comment_status":"closed","ping_status":"closed","template":"","meta":{"_acf_changed":false,"_seopress_robots_primary_cat":"","_seopress_titles_title":"Noirmoutier & Passage du Gois \u2013 Sortie Vend\u00e9e","_seopress_titles_desc":"Visitez l\u2019\u00eele de Noirmoutier et traversez le c\u00e9l\u00e8bre Passage du Gois depuis votre camping 4 \u00e9toiles en Vend\u00e9e.","_seopress_robots_index":"","_vp_format_video_url":"","_vp_image_focal_point":[],"footnotes":""},"class_list":["post-551","page","type-page","status-publish","hentry"],"acf":[],"_links":{"self":[{"href":"https:\/\/campingalizes.com\/en\/wp-json\/wp\/v2\/pages\/551","targetHints":{"allow":["GET"]}}],"collection":[{"href":"https:\/\/campingalizes.com\/en\/wp-json\/wp\/v2\/pages"}],"about":[{"href":"https:\/\/campingalizes.com\/en\/wp-json\/wp\/v2\/types\/page"}],"author":[{"embeddable":true,"href":"https:\/\/campingalizes.com\/en\/wp-json\/wp\/v2\/users\/1"}],"replies":[{"embeddable":true,"href":"https:\/\/campingalizes.com\/en\/wp-json\/wp\/v2\/comments?post=551"}],"version-history":[{"count":4,"href":"https:\/\/campingalizes.com\/en\/wp-json\/wp\/v2\/pages\/551\/revisions"}],"predecessor-version":[{"id":22170,"href":"https:\/\/campingalizes.com\/en\/wp-json\/wp\/v2\/pages\/551\/revisions\/22170"}],"wp:attachment":[{"href":"https:\/\/campingalizes.com\/en\/wp-json\/wp\/v2\/media?parent=551"}],"curies":[{"name":"wp","href":"https:\/\/api.w.org\/{rel}","templated":true}]}}